{"id":22469,"date":"2025-09-12T09:28:53","date_gmt":"2025-09-12T09:28:53","guid":{"rendered":"https:\/\/boreait.com\/it\/?post_type=product&#038;p=22469"},"modified":"2025-09-12T13:12:00","modified_gmt":"2025-09-12T13:12:00","slug":"cover-posteriore-per-schermo-lenovo-thinkpad-t460-con-fotocamera-scb0h21608","status":"publish","type":"product","link":"https:\/\/boreait.com\/it\/product\/cover-posteriore-per-schermo-lenovo-thinkpad-t460-con-fotocamera-scb0h21608\/","title":{"rendered":"Cover posteriore per schermo Lenovo ThinkPad T460 con fotocamera SCB0H21608"},"content":{"rendered":"<p data-start=\"351\" data-end=\"615\">Ripristina l\u2019aspetto professionale e la protezione dello schermo del tuo Lenovo ThinkPad con questa <strong data-start=\"432\" data-end=\"491\">cover posteriore sostitutiva per display (SCB0H21608) con fotocamera<\/strong>.<br data-start=\"492\" data-end=\"495\" \/>Realizzata con materiali di alta qualit\u00e0, questa parte originale offre durata, stabilit\u00e0 e una vestibilit\u00e0 perfetta per il tuo laptop.<\/p>\n<p data-start=\"617\" data-end=\"639\"><strong data-start=\"617\" data-end=\"637\">Dettagli del prodotto:<\/strong><\/p>\n<ul data-start=\"640\" data-end=\"916\">\n<li data-start=\"640\" data-end=\"689\">\n<p data-start=\"642\" data-end=\"689\">Compatibilit\u00e0 modello: <strong data-start=\"663\" data-end=\"687\">Lenovo ThinkPad T460<\/strong><\/p>\n<\/li>\n<li data-start=\"690\" data-end=\"721\">\n<p data-start=\"692\" data-end=\"721\">Codice prodotto: <strong data-start=\"705\" data-end=\"719\">SCB0H21608<\/strong><\/p>\n<\/li>\n<li data-start=\"722\" data-end=\"770\">\n<p data-start=\"724\" data-end=\"770\">Tipo: <strong data-start=\"730\" data-end=\"768\">Cover posteriore display LCD con fotocamera<\/strong><\/p>\n<\/li>\n<li data-start=\"771\" data-end=\"821\">\n<p data-start=\"773\" data-end=\"821\">Condizioni: <strong data-start=\"784\" data-end=\"819\">Lenovo originale, Grado A, testato<\/strong><\/p>\n<\/li>\n<li data-start=\"822\" data-end=\"874\">\n<p data-start=\"824\" data-end=\"874\">Fornisce protezione strutturale per il pannello LCD<\/p>\n<\/li>\n<li data-start=\"875\" data-end=\"916\">\n<p data-start=\"877\" data-end=\"916\">Include <strong data-start=\"897\" data-end=\"914\">modulo fotocamera integrato<\/strong><\/p>\n<\/li>\n<\/ul>\n<p data-start=\"918\" data-end=\"1018\"><strong data-start=\"918\" data-end=\"939\">La confezione include:<\/strong><br data-start=\"939\" data-end=\"942\" \/>1 cover posteriore per display Lenovo ThinkPad T460 (SCB0H21608) con fotocamera<\/p>\n<p data-start=\"1020\" data-end=\"1095\">Soluzione perfetta per sostituire cover posteriori rotte, graffiate o incrinate.<\/p>\n","protected":false},"excerpt":{"rendered":"<p><strong data-start=\"201\" data-end=\"248\">Cover posteriore del display con fotocamera (SCB0H21608)<\/strong> di ricambio per Lenovo ThinkPad T460. Ricambio originale e durevole.<\/p>\n","protected":false},"featured_media":22504,"template":"","meta":[],"product_brand":[],"product_cat":[17],"product_tag":[27],"class_list":{"0":"post-22469","1":"product","2":"type-product","3":"status-publish","4":"has-post-thumbnail","6":"product_cat-laptop-housing","7":"product_tag-lenovo","9":"first","10":"instock","11":"taxable","12":"shipping-taxable","13":"purchasable","14":"product-type-simple"},"_links":{"self":[{"href":"https:\/\/boreait.com\/it\/wp-json\/wp\/v2\/product\/22469","targetHints":{"allow":["GET"]}}],"collection":[{"href":"https:\/\/boreait.com\/it\/wp-json\/wp\/v2\/product"}],"about":[{"href":"https:\/\/boreait.com\/it\/wp-json\/wp\/v2\/types\/product"}],"wp:featuredmedia":[{"embeddable":true,"href":"https:\/\/boreait.com\/it\/wp-json\/wp\/v2\/media\/22504"}],"wp:attachment":[{"href":"https:\/\/boreait.com\/it\/wp-json\/wp\/v2\/media?parent=22469"}],"wp:term":[{"taxonomy":"product_brand","embeddable":true,"href":"https:\/\/boreait.com\/it\/wp-json\/wp\/v2\/product_brand?post=22469"},{"taxonomy":"product_cat","embeddable":true,"href":"https:\/\/boreait.com\/it\/wp-json\/wp\/v2\/product_cat?post=22469"},{"taxonomy":"product_tag","embeddable":true,"href":"https:\/\/boreait.com\/it\/wp-json\/wp\/v2\/product_tag?post=22469"}],"curies":[{"name":"wp","href":"https:\/\/api.w.org\/{rel}","templated":true}]}}