{"id":22397,"date":"2025-09-12T09:25:22","date_gmt":"2025-09-12T09:25:22","guid":{"rendered":"https:\/\/boreait.com\/it\/?post_type=product&#038;p=22397"},"modified":"2025-09-12T13:10:33","modified_gmt":"2025-09-12T13:10:33","slug":"sostituzione-del-modulo-webcam-della-fotocamera-del-laptop-hp-elitebook-820-g3-parti-per-laptop","status":"publish","type":"product","link":"https:\/\/boreait.com\/it\/product\/sostituzione-del-modulo-webcam-della-fotocamera-del-laptop-hp-elitebook-820-g3-parti-per-laptop\/","title":{"rendered":"Sostituzione del modulo webcam della fotocamera del laptop HP EliteBook 820 G3 \u2013 Parti per laptop"},"content":{"rendered":"<p data-start=\"519\" data-end=\"769\">Aggiorna o ripara il tuo laptop con questo <strong data-start=\"559\" data-end=\"609\">modulo fotocamera originale per HP EliteBook 820 G3<\/strong>. Se la tua webcam ha smesso di funzionare, mostra un\u2019immagine sfocata o non viene rilevata dal sistema, sostituirla con questo componente originale per laptop \u00e8 la soluzione ideale.<\/p>\n<p data-start=\"771\" data-end=\"977\">Questa <strong data-start=\"776\" data-end=\"813\">fotocamera per laptop HP EliteBook 820 G3<\/strong> \u00e8 stata accuratamente testata e prelevata da laptop funzionanti, garantendone la piena funzionalit\u00e0. \u00c8 progettato specificamente per il modello 820 G3, quindi la compatibilit\u00e0 \u00e8 garantita.<\/p>\n<p data-start=\"979\" data-end=\"1004\">\u2714 <strong data-start=\"981\" data-end=\"1002\">Caratteristiche del prodotto:<\/strong><\/p>\n<ul data-start=\"1005\" data-end=\"1207\">\n<li data-start=\"1005\" data-end=\"1050\">\n<p data-start=\"1007\" data-end=\"1050\">Modello compatibile: <strong data-start=\"1025\" data-end=\"1048\">HP EliteBook 820 G3<\/strong><\/p>\n<\/li>\n<li data-start=\"1051\" data-end=\"1099\">\n<p data-start=\"1053\" data-end=\"1099\">Tipo di componente: <strong data-start=\"1064\" data-end=\"1097\">Modulo webcam\/fotocamera per laptop<\/strong><\/p>\n<\/li>\n<li data-start=\"1100\" data-end=\"1155\">\n<p data-start=\"1102\" data-end=\"1155\">Condizioni: Completamente testato, in eccellenti condizioni di funzionamento<\/p>\n<\/li>\n<li data-start=\"1156\" data-end=\"1207\">\n<p data-start=\"1158\" data-end=\"1207\">Sostituzione ideale per webcam difettose o danneggiate<\/p>\n<\/li>\n<\/ul>\n<p data-start=\"1209\" data-end=\"1245\">\u2714 <strong data-start=\"1211\" data-end=\"1243\">Perch\u00e9 scegliere Questo componente per laptop:<\/strong><\/p>\n<ul data-start=\"1246\" data-end=\"1418\">\n<li data-start=\"1246\" data-end=\"1282\">\n<p data-start=\"1248\" data-end=\"1282\">Parte di ricambio HP originale al 100%<\/p>\n<\/li>\n<li data-start=\"1283\" data-end=\"1355\">\n<p data-start=\"1285\" data-end=\"1355\">Ripristina la qualit\u00e0 originale della fotocamera per videochiamate e riunioni online<\/p>\n<\/li>\n<li data-start=\"1356\" data-end=\"1418\">\n<p data-start=\"1358\" data-end=\"1418\">Un modo conveniente per prolungare la vita del tuo HP EliteBook<\/p>\n<\/li>\n<\/ul>\n<p data-start=\"1420\" data-end=\"1497\">\ud83d\udcf7 <strong data-start=\"1423\" data-end=\"1432\">Nota:<\/strong> le foto mostrate si riferiscono al componente effettivo del laptop che riceverai.<\/p>\n<p data-start=\"1499\" data-end=\"1640\">\ud83d\udd27 Non forniamo istruzioni per l\u2019installazione, ma se hai bisogno di assistenza o hai domande, puoi sempre contattarci: saremo lieti di aiutarti.<\/p>\n","protected":false},"excerpt":{"rendered":"<p data-start=\"334\" data-end=\"467\">Modulo fotocamera originale per HP EliteBook 820 G3. Ricambio perfetto per ripristinare videochiamate nitide e un funzionamento fluido della webcam.<\/p>\n","protected":false},"featured_media":22463,"template":"","meta":[],"product_brand":[],"product_cat":[24],"product_tag":[26],"class_list":{"0":"post-22397","1":"product","2":"type-product","3":"status-publish","4":"has-post-thumbnail","6":"product_cat-laptop-camera","7":"product_tag-hp","9":"first","10":"instock","11":"taxable","12":"shipping-taxable","13":"purchasable","14":"product-type-simple"},"_links":{"self":[{"href":"https:\/\/boreait.com\/it\/wp-json\/wp\/v2\/product\/22397","targetHints":{"allow":["GET"]}}],"collection":[{"href":"https:\/\/boreait.com\/it\/wp-json\/wp\/v2\/product"}],"about":[{"href":"https:\/\/boreait.com\/it\/wp-json\/wp\/v2\/types\/product"}],"wp:featuredmedia":[{"embeddable":true,"href":"https:\/\/boreait.com\/it\/wp-json\/wp\/v2\/media\/22463"}],"wp:attachment":[{"href":"https:\/\/boreait.com\/it\/wp-json\/wp\/v2\/media?parent=22397"}],"wp:term":[{"taxonomy":"product_brand","embeddable":true,"href":"https:\/\/boreait.com\/it\/wp-json\/wp\/v2\/product_brand?post=22397"},{"taxonomy":"product_cat","embeddable":true,"href":"https:\/\/boreait.com\/it\/wp-json\/wp\/v2\/product_cat?post=22397"},{"taxonomy":"product_tag","embeddable":true,"href":"https:\/\/boreait.com\/it\/wp-json\/wp\/v2\/product_tag?post=22397"}],"curies":[{"name":"wp","href":"https:\/\/api.w.org\/{rel}","templated":true}]}}