{"id":22321,"date":"2025-09-12T09:21:47","date_gmt":"2025-09-12T09:21:47","guid":{"rendered":"https:\/\/boreait.com\/it\/?post_type=product&#038;p=22321"},"modified":"2025-09-12T13:10:33","modified_gmt":"2025-09-12T13:10:33","slug":"modulo-webcam-originale-dell-0j8nnp-wxgahd","status":"publish","type":"product","link":"https:\/\/boreait.com\/it\/product\/modulo-webcam-originale-dell-0j8nnp-wxgahd\/","title":{"rendered":"modulo webcam originale Dell 0J8NNP WXGAHD"},"content":{"rendered":"<p data-start=\"539\" data-end=\"724\">Aggiorna o sostituisci la webcam difettosa del tuo laptop con questo <strong data-start=\"594\" data-end=\"642\">modulo webcam originale Dell 0J8NNP WXGAHD<\/strong>, completamente compatibile con i modelli <strong data-start=\"666\" data-end=\"714\">Dell Latitude E5570, E7470, E7270 ed E5470<\/strong>.<\/p>\n<p data-start=\"726\" data-end=\"952\">Questo componente originale Dell offre <strong data-start=\"764\" data-end=\"787\">una qualit\u00e0 video nitida<\/strong> per riunioni online, videochiamate e uso quotidiano. \u00c8 stato accuratamente selezionato e testato, il che lo rende una scelta affidabile per ripristinare le prestazioni del tuo laptop.<\/p>\n<p data-start=\"954\" data-end=\"976\"><strong data-start=\"954\" data-end=\"974\">Dettagli del prodotto:<\/strong><\/p>\n<ul data-start=\"977\" data-end=\"1219\">\n<li data-start=\"977\" data-end=\"1004\">\n<p data-start=\"979\" data-end=\"1004\"><strong data-start=\"979\" data-end=\"995\">Codice prodotto:<\/strong> 0J8NNP<\/p>\n<\/li>\n<li data-start=\"1005\" data-end=\"1072\">\n<p data-start=\"1007\" data-end=\"1072\"><strong data-start=\"1007\" data-end=\"1029\">Modelli compatibili:<\/strong> Dell Latitude E5570, E7470, E7270, E5470<\/p>\n<\/li>\n<li data-start=\"1073\" data-end=\"1099\">\n<p data-start=\"1075\" data-end=\"1099\"><strong data-start=\"1075\" data-end=\"1090\">Risoluzione:<\/strong> WXGAHD<\/p>\n<\/li>\n<li data-start=\"1100\" data-end=\"1146\">\n<p data-start=\"1102\" data-end=\"1146\"><strong data-start=\"1102\" data-end=\"1116\">Condizioni:<\/strong> Componente originale e testato per laptop<\/p>\n<\/li>\n<li data-start=\"1147\" data-end=\"1219\">\n<p data-start=\"1149\" data-end=\"1219\"><strong data-start=\"1149\" data-end=\"1157\">Utilizzo:<\/strong> Modulo webcam sostitutivo per fotocamere difettose o danneggiate<\/p>\n<\/li>\n<\/ul>\n<p data-start=\"1221\" data-end=\"1243\"><strong data-start=\"1221\" data-end=\"1241\">Perch\u00e9 acquistare da noi?<\/strong><\/p>\n<ul data-start=\"1244\" data-end=\"1437\">\n<li data-start=\"1244\" data-end=\"1279\">\n<p data-start=\"1246\" data-end=\"1279\">Ricambi per laptop Dell originali al 100%<\/p>\n<\/li>\n<li data-start=\"1280\" data-end=\"1333\">\n<p data-start=\"1282\" data-end=\"1333\">Foto reali: ci\u00f2 che vedi \u00e8 ci\u00f2 che riceverai<\/p>\n<\/li>\n<li data-start=\"1334\" data-end=\"1366\">\n<p data-start=\"1336\" data-end=\"1366\">Spedizione in tutto il mondo disponibile<\/p>\n<\/li>\n<li data-start=\"1367\" data-end=\"1437\">\n<p data-start=\"1369\" data-end=\"1437\">Assistenza professionale: se hai bisogno di ulteriore assistenza, inviaci un messaggio<\/p>\n<\/li>\n<\/ul>\n<p data-start=\"1439\" data-end=\"1539\">Riporta in vita il tuo laptop con un affidabile <strong data-start=\"1488\" data-end=\"1524\">Sostituzione webcam Dell Latitude<\/strong> da Siggmo.<\/p>\n","protected":false},"excerpt":{"rendered":"<p>Modulo webcam Dell 0J8NNP originale per laptop Latitude E5570, E7470, E7270 ed E5470. Componente originale e testato per laptop, risoluzione WXGAHD.<\/p>\n","protected":false},"featured_media":22383,"template":"","meta":[],"product_brand":[],"product_cat":[24],"product_tag":[18],"class_list":{"0":"post-22321","1":"product","2":"type-product","3":"status-publish","4":"has-post-thumbnail","6":"product_cat-laptop-camera","7":"product_tag-dell","9":"first","10":"instock","11":"taxable","12":"shipping-taxable","13":"purchasable","14":"product-type-simple"},"_links":{"self":[{"href":"https:\/\/boreait.com\/it\/wp-json\/wp\/v2\/product\/22321","targetHints":{"allow":["GET"]}}],"collection":[{"href":"https:\/\/boreait.com\/it\/wp-json\/wp\/v2\/product"}],"about":[{"href":"https:\/\/boreait.com\/it\/wp-json\/wp\/v2\/types\/product"}],"wp:featuredmedia":[{"embeddable":true,"href":"https:\/\/boreait.com\/it\/wp-json\/wp\/v2\/media\/22383"}],"wp:attachment":[{"href":"https:\/\/boreait.com\/it\/wp-json\/wp\/v2\/media?parent=22321"}],"wp:term":[{"taxonomy":"product_brand","embeddable":true,"href":"https:\/\/boreait.com\/it\/wp-json\/wp\/v2\/product_brand?post=22321"},{"taxonomy":"product_cat","embeddable":true,"href":"https:\/\/boreait.com\/it\/wp-json\/wp\/v2\/product_cat?post=22321"},{"taxonomy":"product_tag","embeddable":true,"href":"https:\/\/boreait.com\/it\/wp-json\/wp\/v2\/product_tag?post=22321"}],"curies":[{"name":"wp","href":"https:\/\/api.w.org\/{rel}","templated":true}]}}