{"id":22168,"date":"2025-09-12T09:14:47","date_gmt":"2025-09-12T09:14:47","guid":{"rendered":"https:\/\/boreait.com\/it\/?post_type=product&#038;p=22168"},"modified":"2025-09-12T13:19:18","modified_gmt":"2025-09-12T13:19:18","slug":"set-di-cerniere-sinistra-e-destra-per-lenovo-thinkpad-x280-01yn067-01yn066-am16p000810","status":"publish","type":"product","link":"https:\/\/boreait.com\/it\/product\/set-di-cerniere-sinistra-e-destra-per-lenovo-thinkpad-x280-01yn067-01yn066-am16p000810\/","title":{"rendered":"Set di cerniere sinistra e destra per Lenovo ThinkPad X280 | 01YN067 01YN066 AM16P000810"},"content":{"rendered":"<p data-start=\"539\" data-end=\"785\">Ripristina la funzionalit\u00e0 del tuo Lenovo ThinkPad X280 con questo <strong data-start=\"604\" data-end=\"626\">set di cerniere originale<\/strong>. Queste cerniere (sinistra e destra) sono componenti di alta qualit\u00e0 per laptop, progettati specificamente per la serie X280, garantendo una vestibilit\u00e0 perfetta e prestazioni durature.<\/p>\n<p data-start=\"787\" data-end=\"1043\">\u2714\ufe0f <strong data-start=\"790\" data-end=\"811\">Modello compatibile:<\/strong> Lenovo ThinkPad X280<br data-start=\"832\" data-end=\"835\" \/>\u2714\ufe0f <strong data-start=\"838\" data-end=\"851\">Incluso:<\/strong> Cerniera sinistra + Cerniera destra \/ Numeri di parte: 01YN067 01YN066 AM16P000810<br data-start=\"876\" data-end=\"879\" \/>\u2714\ufe0f <strong data-start=\"882\" data-end=\"896\">Condizioni:<\/strong> Originale, completamente Testato e in eccellenti condizioni di funzionamento<br data-start=\"955\" data-end=\"958\" \/>\u2714\ufe0f <strong data-start=\"961\" data-end=\"969\">Utilizzo:<\/strong> Sostituzione di cerniere danneggiate o usurate, ripristinando la stabilit\u00e0 dello schermo<\/p>\n<p data-start=\"1045\" data-end=\"1308\">Se lo schermo del tuo laptop sembra allentato, traballante o difficile da regolare, la sostituzione delle cerniere \u00e8 la soluzione pi\u00f9 efficace. Questo set ti aiuta a riportare il tuo dispositivo alla sua robusta struttura originale, rendendolo pi\u00f9 facile da usare quotidianamente senza preoccuparti del movimento dello schermo.<\/p>\n<ul data-start=\"1310\" data-end=\"1683\">\n<li data-start=\"1310\" data-end=\"1407\">\n<p data-start=\"1312\" data-end=\"1407\"><strong data-start=\"1312\" data-end=\"1334\">Qualit\u00e0 garantita<\/strong>: questi sono ricambi originali per laptop Lenovo, non sostituti generici.<\/p>\n<\/li>\n<li data-start=\"1408\" data-end=\"1471\">\n<p data-start=\"1410\" data-end=\"1471\"><strong data-start=\"1410\" data-end=\"1432\">Spedizione in tutto il mondo<\/strong>: spediamo in tutta Europa e a livello globale.<\/p>\n<\/li>\n<li data-start=\"1472\" data-end=\"1595\">\n<p data-start=\"1474\" data-end=\"1595\"><strong data-start=\"1474\" data-end=\"1494\">Assistenza clienti<\/strong>: le istruzioni di installazione non sono incluse, ma se hai bisogno di assistenza, puoi contattarci in qualsiasi momento.<\/p>\n<\/li>\n<li data-start=\"1596\" data-end=\"1683\">\n<p data-start=\"1598\" data-end=\"1683\"><strong data-start=\"1598\" data-end=\"1613\">Foto reali<\/strong>: tutte le immagini nell\u2019annuncio mostrano le cerniere che riceverai.<\/p>\n<\/li>\n<\/ul>\n<p data-start=\"1685\" data-end=\"1791\">Aggiornamento e ripara il tuo ThinkPad X280 in tutta sicurezza: le cerniere resistenti garantiscono una maggiore durata del tuo laptop.<\/p>\n","protected":false},"excerpt":{"rendered":"<p data-start=\"348\" data-end=\"488\">Set di cerniere originali Lenovo ThinkPad X280 (sinistra e destra). Parti di ricambio perfette per laptop, per ripristinare la fluidit\u00e0 dello schermo e la sua durata.<\/p>\n","protected":false},"featured_media":22237,"template":"","meta":[],"product_brand":[],"product_cat":[20],"product_tag":[27],"class_list":{"0":"post-22168","1":"product","2":"type-product","3":"status-publish","4":"has-post-thumbnail","6":"product_cat-screen-hinge","7":"product_tag-lenovo","9":"first","10":"instock","11":"taxable","12":"shipping-taxable","13":"purchasable","14":"product-type-simple"},"_links":{"self":[{"href":"https:\/\/boreait.com\/it\/wp-json\/wp\/v2\/product\/22168","targetHints":{"allow":["GET"]}}],"collection":[{"href":"https:\/\/boreait.com\/it\/wp-json\/wp\/v2\/product"}],"about":[{"href":"https:\/\/boreait.com\/it\/wp-json\/wp\/v2\/types\/product"}],"wp:featuredmedia":[{"embeddable":true,"href":"https:\/\/boreait.com\/it\/wp-json\/wp\/v2\/media\/22237"}],"wp:attachment":[{"href":"https:\/\/boreait.com\/it\/wp-json\/wp\/v2\/media?parent=22168"}],"wp:term":[{"taxonomy":"product_brand","embeddable":true,"href":"https:\/\/boreait.com\/it\/wp-json\/wp\/v2\/product_brand?post=22168"},{"taxonomy":"product_cat","embeddable":true,"href":"https:\/\/boreait.com\/it\/wp-json\/wp\/v2\/product_cat?post=22168"},{"taxonomy":"product_tag","embeddable":true,"href":"https:\/\/boreait.com\/it\/wp-json\/wp\/v2\/product_tag?post=22168"}],"curies":[{"name":"wp","href":"https:\/\/api.w.org\/{rel}","templated":true}]}}