{"id":22079,"date":"2025-09-12T09:10:47","date_gmt":"2025-09-12T09:10:47","guid":{"rendered":"https:\/\/boreait.com\/it\/?post_type=product&#038;p=22079"},"modified":"2025-09-12T13:11:01","modified_gmt":"2025-09-12T13:11:01","slug":"tastiera-tedesca-per-dell-latitude-e6420-nsk-dv0bc-0416g-parti-per-laptop","status":"publish","type":"product","link":"https:\/\/boreait.com\/it\/product\/tastiera-tedesca-per-dell-latitude-e6420-nsk-dv0bc-0416g-parti-per-laptop\/","title":{"rendered":"Tastiera tedesca per Dell Latitude E6420 NSK-DV0BC 0416G Parti per laptop"},"content":{"rendered":"<p data-start=\"606\" data-end=\"799\">Questa <strong data-start=\"611\" data-end=\"658\">tastiera tedesca per Dell Latitude E6420<\/strong> (codici prodotto NSK-DV0BC, 0416G, CN-00416G) \u00e8 un ricambio di alta qualit\u00e0 per laptop, progettato per ripristinare la piena funzionalit\u00e0 del tuo portatile.<\/p>\n<p data-start=\"801\" data-end=\"822\">\u2705 <strong data-start=\"803\" data-end=\"820\">Caratteristiche principali:<\/strong><\/p>\n<ul data-start=\"823\" data-end=\"1090\">\n<li data-start=\"823\" data-end=\"869\">\n<p data-start=\"825\" data-end=\"869\">Compatibile con Dell Latitude E6420 Serie<\/p>\n<\/li>\n<li data-start=\"870\" data-end=\"948\">\n<p data-start=\"872\" data-end=\"948\">Layout tedesco<\/p>\n<\/li>\n<li data-start=\"870\" data-end=\"948\">\n<p data-start=\"872\" data-end=\"948\">Codici componente originali: NSK-DV0BC, 0G0416G, CN-00416G<\/p>\n<\/li>\n<li data-start=\"1006\" data-end=\"1052\">\n<p data-start=\"1008\" data-end=\"1052\">Struttura resistente per prestazioni durature<\/p>\n<\/li>\n<li data-start=\"1053\" data-end=\"1090\">\n<p data-start=\"1055\" data-end=\"1090\">Adattabilit\u00e0 perfetta e facile installazione<\/p>\n<\/li>\n<\/ul>\n<p data-start=\"1092\" data-end=\"1220\">Questa tastiera sostitutiva \u00e8 ideale se la tastiera originale del tuo Latitude E6420 \u00e8 danneggiata, mancano tasti o non risponde pi\u00f9.<\/p>\n<p data-start=\"1222\" data-end=\"1243\">\ud83d\udca1 <strong data-start=\"1225\" data-end=\"1241\">Nota:<\/strong><\/p>\n<ul data-start=\"1244\" data-end=\"1431\">\n<li data-start=\"1244\" data-end=\"1336\">\n<p data-start=\"1246\" data-end=\"1336\">Le istruzioni di installazione sono Non incluso. Se hai bisogno di aiuto, puoi sempre contattarci.<\/p>\n<\/li>\n<li data-start=\"1337\" data-end=\"1431\">\n<p data-start=\"1339\" data-end=\"1431\">Tutte le foto in questo annuncio sono <strong data-start=\"1370\" data-end=\"1385\">immagini reali<\/strong> dei componenti esatti del laptop che riceverai.<\/p>\n<\/li>\n<\/ul>\n<p data-start=\"1433\" data-end=\"1602\">Che tu stia riparando il tuo laptop o aggiornandolo, questa tastiera tedesca originale garantir\u00e0 una digitazione fluida e un aspetto professionale per il tuo Dell Latitude E6420.<\/p>\n","protected":false},"excerpt":{"rendered":"<p>Aggiorna il tuo Dell Latitude E6420 con questa tastiera tedesca originale (NSK-DV0BC \/ 0416G). Ricambio perfetto per laptop, per una digitazione fluida e prestazioni affidabili.<\/p>\n","protected":false},"featured_media":22142,"template":"","meta":[],"product_brand":[],"product_cat":[36],"product_tag":[18],"class_list":{"0":"post-22079","1":"product","2":"type-product","3":"status-publish","4":"has-post-thumbnail","6":"product_cat-laptop-keyboard","7":"product_tag-dell","9":"first","10":"instock","11":"taxable","12":"shipping-taxable","13":"purchasable","14":"product-type-simple"},"_links":{"self":[{"href":"https:\/\/boreait.com\/it\/wp-json\/wp\/v2\/product\/22079","targetHints":{"allow":["GET"]}}],"collection":[{"href":"https:\/\/boreait.com\/it\/wp-json\/wp\/v2\/product"}],"about":[{"href":"https:\/\/boreait.com\/it\/wp-json\/wp\/v2\/types\/product"}],"wp:featuredmedia":[{"embeddable":true,"href":"https:\/\/boreait.com\/it\/wp-json\/wp\/v2\/media\/22142"}],"wp:attachment":[{"href":"https:\/\/boreait.com\/it\/wp-json\/wp\/v2\/media?parent=22079"}],"wp:term":[{"taxonomy":"product_brand","embeddable":true,"href":"https:\/\/boreait.com\/it\/wp-json\/wp\/v2\/product_brand?post=22079"},{"taxonomy":"product_cat","embeddable":true,"href":"https:\/\/boreait.com\/it\/wp-json\/wp\/v2\/product_cat?post=22079"},{"taxonomy":"product_tag","embeddable":true,"href":"https:\/\/boreait.com\/it\/wp-json\/wp\/v2\/product_tag?post=22079"}],"curies":[{"name":"wp","href":"https:\/\/api.w.org\/{rel}","templated":true}]}}