{"id":22010,"date":"2025-09-12T09:07:15","date_gmt":"2025-09-12T09:07:15","guid":{"rendered":"https:\/\/boreait.com\/it\/?post_type=product&#038;p=22010"},"modified":"2026-02-09T12:11:21","modified_gmt":"2026-02-09T12:11:21","slug":"gruppo-lettore-di-schede-dell-latitude-e6430-express-cn-0p3587-sostituzione-di-parti-del-laptop","status":"publish","type":"product","link":"https:\/\/boreait.com\/it\/product\/gruppo-lettore-di-schede-dell-latitude-e6430-express-cn-0p3587-sostituzione-di-parti-del-laptop\/","title":{"rendered":"Gruppo lettore di schede Dell Latitude E6430 Express CN-0P3587 \u2013 Sostituzione di parti del laptop"},"content":{"rendered":"<p data-start=\"785\" data-end=\"1049\">Assicurati che il tuo Dell Latitude E6430 continui a funzionare perfettamente con questo originale lettore di schede Express Card (CN-0P3587). Questo componente per laptop \u00e8 compatibile specificamente con i modelli Dell Latitude E6430 ed \u00e8 perfetto per sostituire un lettore di schede difettoso o danneggiato.<\/p>\n<p data-start=\"1051\" data-end=\"1374\">Realizzato secondo standard elevati, questo lettore di schede Express Card offre prestazioni affidabili e ripristina la capacit\u00e0 del tuo laptop di leggere le schede di memoria senza problemi. Che tu stia riparando il tuo laptop, eseguendo la manutenzione ordinaria o aggiornando vecchi componenti, questo pezzo di ricambio \u00e8 un\u2019aggiunta essenziale al tuo kit di strumenti.<\/p>\n<p data-start=\"1376\" data-end=\"1395\"><strong data-start=\"1376\" data-end=\"1393\">Caratteristiche principali:<\/strong><\/p>\n<ul data-start=\"1396\" data-end=\"1598\">\n<li data-start=\"1396\" data-end=\"1428\">\n<p data-start=\"1398\" data-end=\"1428\">Ricambio originale Dell, CN-0P3587<\/p>\n<\/li>\n<li data-start=\"1429\" data-end=\"1480\">\n<p data-start=\"1431\" data-end=\"1480\">Completamente testato e in ottime condizioni condizione<\/p>\n<\/li>\n<li data-start=\"1481\" data-end=\"1520\">\n<p data-start=\"1483\" data-end=\"1520\">Compatibile con Dell Latitude E6430<\/p>\n<\/li>\n<li data-start=\"1521\" data-end=\"1559\">\n<p data-start=\"1523\" data-end=\"1559\">Ripristina la funzionalit\u00e0 del lettore di schede<\/p>\n<\/li>\n<li data-start=\"1560\" data-end=\"1598\">\n<p data-start=\"1562\" data-end=\"1598\">Costruzione durevole e di alta qualit\u00e0<\/p>\n<\/li>\n<\/ul>\n<p data-start=\"1600\" data-end=\"1816\">Tutte le foto mostrate sono del prodotto reale che otterrai Riceverai, garantendo trasparenza e fiducia nel tuo acquisto. Le istruzioni di installazione non sono incluse, ma se hai bisogno di aiuto, il nostro team sar\u00e0 lieto di assisterti.<\/p>\n<p data-start=\"1818\" data-end=\"2022\">Perfetto per appassionati di tecnologia, professionisti della riparazione o chiunque cerchi componenti affidabili per laptop, questo lettore di schede Express \u00e8 la scelta migliore per la manutenzione e l\u2019aggiornamento del tuo Dell Latitude E6430.<\/p>\n","protected":false},"excerpt":{"rendered":"<p>Aggiorna o sostituisci il tuo Dell Latitude E6430 con questo originale lettore di schede Express Card (CN-0P3587). Perfetto per ripristinare la piena funzionalit\u00e0, questo componente di alta qualit\u00e0 per laptop \u00e8 testato e pronto all&#8217;uso. Sono presenti foto reali. Per assistenza sull&#8217;installazione, non esitate a contattarci. Ideale per riparazioni, aggiornamenti o manutenzione del vostro laptop.<\/p>\n","protected":false},"featured_media":22074,"template":"","meta":[],"product_brand":[],"product_cat":[17],"product_tag":[18],"class_list":{"0":"post-22010","1":"product","2":"type-product","3":"status-publish","4":"has-post-thumbnail","6":"product_cat-laptop-housing","7":"product_tag-dell","9":"first","10":"instock","11":"taxable","12":"shipping-taxable","13":"purchasable","14":"product-type-simple"},"_links":{"self":[{"href":"https:\/\/boreait.com\/it\/wp-json\/wp\/v2\/product\/22010","targetHints":{"allow":["GET"]}}],"collection":[{"href":"https:\/\/boreait.com\/it\/wp-json\/wp\/v2\/product"}],"about":[{"href":"https:\/\/boreait.com\/it\/wp-json\/wp\/v2\/types\/product"}],"wp:featuredmedia":[{"embeddable":true,"href":"https:\/\/boreait.com\/it\/wp-json\/wp\/v2\/media\/22074"}],"wp:attachment":[{"href":"https:\/\/boreait.com\/it\/wp-json\/wp\/v2\/media?parent=22010"}],"wp:term":[{"taxonomy":"product_brand","embeddable":true,"href":"https:\/\/boreait.com\/it\/wp-json\/wp\/v2\/product_brand?post=22010"},{"taxonomy":"product_cat","embeddable":true,"href":"https:\/\/boreait.com\/it\/wp-json\/wp\/v2\/product_cat?post=22010"},{"taxonomy":"product_tag","embeddable":true,"href":"https:\/\/boreait.com\/it\/wp-json\/wp\/v2\/product_tag?post=22010"}],"curies":[{"name":"wp","href":"https:\/\/api.w.org\/{rel}","templated":true}]}}