{"id":21818,"date":"2025-09-12T08:55:50","date_gmt":"2025-09-12T08:55:50","guid":{"rendered":"https:\/\/boreait.com\/it\/?post_type=product&#038;p=21818"},"modified":"2025-09-12T13:12:27","modified_gmt":"2025-09-12T13:12:27","slug":"poggiapolsi-per-laptop-dell-latitude-7490-0ywcyh-ywcyh-ricambi-originali-per-laptop","status":"publish","type":"product","link":"https:\/\/boreait.com\/it\/product\/poggiapolsi-per-laptop-dell-latitude-7490-0ywcyh-ywcyh-ricambi-originali-per-laptop\/","title":{"rendered":"Poggiapolsi per laptop Dell Latitude 7490 0YWCYH YWCYH | Ricambi originali per laptop"},"content":{"rendered":"<p data-start=\"516\" data-end=\"828\">Questo <strong data-start=\"521\" data-end=\"580\">poggiapolsi per laptop Dell Latitude 7490 (0YWCYH \/ YWCYH)<\/strong> \u00e8 un ricambio originale, ideale per riparare o ricondizionare il tuo laptop. Con il tempo, i poggiapolsi possono usurarsi o danneggiarsi, compromettendo sia l\u2019aspetto che l\u2019usabilit\u00e0 del dispositivo. Questa sostituzione assicura che il tuo laptop torni come nuovo.<\/p>\n<p data-start=\"830\" data-end=\"1032\">\u2714 <strong data-start=\"832\" data-end=\"852\">Modello compatibile<\/strong>: Dell Latitude 7490<br data-start=\"872\" data-end=\"875\" \/>\u2714 <strong data-start=\"877\" data-end=\"893\">Codici prodotto<\/strong>: 0YWCYH, YWCYH<br data-start=\"908\" data-end=\"911\" \/>\u2714 <strong data-start=\"913\" data-end=\"926\">Condizioni<\/strong>: Originale, testato e in ottime condizioni di funzionamento<br data-start=\"976\" data-end=\"979\" \/>\u2714 <strong data-start=\"981\" data-end=\"993\">Categoria<\/strong>: Componenti per laptop \u2013 Sostituzione del poggiapolsi<\/p>\n<p data-start=\"1034\" data-end=\"1203\">Che tu stia riparando il tuo dispositivo per uso professionale o per comodit\u00e0 personale, questo poggiapolsi \u00e8 costruito per eguagliare la qualit\u00e0 e la vestibilit\u00e0 del componente Dell originale.<\/p>\n<p data-start=\"1205\" data-end=\"1231\">\ud83d\udca1 <strong data-start=\"1208\" data-end=\"1228\">Note per gli acquirenti<\/strong>:<\/p>\n<ul data-start=\"1232\" data-end=\"1422\">\n<li data-start=\"1232\" data-end=\"1308\">\n<p data-start=\"1234\" data-end=\"1308\">Le foto in questo annuncio sono reali e mostrano il componente che riceverai.<\/p>\n<\/li>\n<li data-start=\"1309\" data-end=\"1422\">\n<p data-start=\"1311\" data-end=\"1422\">Le istruzioni di installazione non sono incluse, ma se hai bisogno di assistenza, non esitare a contattarci per ricevere assistenza.<\/p>\n<\/li>\n<\/ul>\n<p data-start=\"1424\" data-end=\"1566\">Ridai nuova vita al tuo laptop con <strong data-start=\"1483\" data-end=\"1499\">componenti per laptop<\/strong> affidabili e di alta qualit\u00e0 di Siggmo, al servizio di clienti in tutta Europa e nel mondo.<\/p>\n","protected":false},"excerpt":{"rendered":"<p>Aggiorna il tuo Dell Latitude 7490 con questo poggiapolsi originale (codice prodotto 0YWCYH \/ YWCYH). Un ricambio di alta qualit\u00e0 per laptop, progettato per ripristinare comfort e durata del tuo dispositivo.<\/p>\n","protected":false},"featured_media":21877,"template":"","meta":[],"product_brand":[],"product_cat":[17],"product_tag":[18],"class_list":{"0":"post-21818","1":"product","2":"type-product","3":"status-publish","4":"has-post-thumbnail","6":"product_cat-laptop-housing","7":"product_tag-dell","9":"first","10":"instock","11":"taxable","12":"shipping-taxable","13":"purchasable","14":"product-type-simple"},"_links":{"self":[{"href":"https:\/\/boreait.com\/it\/wp-json\/wp\/v2\/product\/21818","targetHints":{"allow":["GET"]}}],"collection":[{"href":"https:\/\/boreait.com\/it\/wp-json\/wp\/v2\/product"}],"about":[{"href":"https:\/\/boreait.com\/it\/wp-json\/wp\/v2\/types\/product"}],"wp:featuredmedia":[{"embeddable":true,"href":"https:\/\/boreait.com\/it\/wp-json\/wp\/v2\/media\/21877"}],"wp:attachment":[{"href":"https:\/\/boreait.com\/it\/wp-json\/wp\/v2\/media?parent=21818"}],"wp:term":[{"taxonomy":"product_brand","embeddable":true,"href":"https:\/\/boreait.com\/it\/wp-json\/wp\/v2\/product_brand?post=21818"},{"taxonomy":"product_cat","embeddable":true,"href":"https:\/\/boreait.com\/it\/wp-json\/wp\/v2\/product_cat?post=21818"},{"taxonomy":"product_tag","embeddable":true,"href":"https:\/\/boreait.com\/it\/wp-json\/wp\/v2\/product_tag?post=21818"}],"curies":[{"name":"wp","href":"https:\/\/api.w.org\/{rel}","templated":true}]}}