{"id":21807,"date":"2025-09-12T08:55:18","date_gmt":"2025-09-12T08:55:18","guid":{"rendered":"https:\/\/boreait.com\/it\/?post_type=product&#038;p=21807"},"modified":"2026-02-09T11:01:45","modified_gmt":"2026-02-09T11:01:45","slug":"modulo-di-memoria-ram-desktop-dimm-dsl-2-gb-pc3-10600-ddr3-1333-mhz-cl9-a-240-pin","status":"publish","type":"product","link":"https:\/\/boreait.com\/it\/product\/modulo-di-memoria-ram-desktop-dimm-dsl-2-gb-pc3-10600-ddr3-1333-mhz-cl9-a-240-pin\/","title":{"rendered":"Modulo di memoria RAM desktop DIMM DSL 2 GB PC3-10600 DDR3 1333 MHz CL9 a 240 pin"},"content":{"rendered":"<p data-start=\"751\" data-end=\"904\">Aggiorna il tuo computer con il <strong data-start=\"782\" data-end=\"838\">modulo di memoria desktop DSL 2GB PC3-10600 DDR3-1333MHz<\/strong>, una scelta affidabile e conveniente per prestazioni pi\u00f9 fluide.<\/p>\n<p data-start=\"906\" data-end=\"1226\">Questa RAM CL9 non-ECC e senza buffer \u00e8 progettata per offrire una velocit\u00e0 stabile a <strong data-start=\"978\" data-end=\"989\">1333MHz<\/strong> e garantisce un funzionamento affidabile per le attivit\u00e0 quotidiane come la navigazione, il lavoro d\u2019ufficio e le applicazioni leggere. Grazie al suo design <strong data-start=\"1106\" data-end=\"1122\">DIMM a 240 pin<\/strong>, questo modulo \u00e8 compatibile con un\u2019ampia gamma di schede madri desktop che supportano la memoria DDR3.<\/p>\n<p data-start=\"1228\" data-end=\"1247\"><strong data-start=\"1228\" data-end=\"1245\">Caratteristiche principali:<\/strong><\/p>\n<ul data-start=\"1248\" data-end=\"1427\">\n<li data-start=\"1248\" data-end=\"1262\">\n<p data-start=\"1250\" data-end=\"1262\">Marca: DSL<\/p>\n<\/li>\n<li data-start=\"1263\" data-end=\"1284\">\n<p data-start=\"1265\" data-end=\"1284\">Capacit\u00e0: <strong data-start=\"1275\" data-end=\"1282\">2 GB<\/strong><\/p>\n<\/li>\n<li data-start=\"1285\" data-end=\"1309\">\n<p data-start=\"1287\" data-end=\"1309\">Tipo: <strong data-start=\"1293\" data-end=\"1307\">DDR3 SDRAM<\/strong><\/p>\n<\/li>\n<li data-start=\"1310\" data-end=\"1344\">\n<p data-start=\"1312\" data-end=\"1344\">Velocit\u00e0: <strong data-start=\"1319\" data-end=\"1342\">PC3-10600 \/ 1333 MHz<\/strong><\/p>\n<\/li>\n<li data-start=\"1345\" data-end=\"1369\">\n<p data-start=\"1347\" data-end=\"1369\">Latenza CAS: <strong data-start=\"1360\" data-end=\"1367\">CL9<\/strong><\/p>\n<\/li>\n<li data-start=\"1370\" data-end=\"1403\">\n<p data-start=\"1372\" data-end=\"1403\">Fattore di forma: <strong data-start=\"1385\" data-end=\"1401\">DIMM a 240 pin<\/strong><\/p>\n<\/li>\n<li data-start=\"1404\" data-end=\"1427\">\n<p data-start=\"1406\" data-end=\"1427\">Non-ECC, Senza buffer<\/p>\n<\/li>\n<\/ul>\n<p data-start=\"1429\" data-end=\"1451\"><strong data-start=\"1429\" data-end=\"1449\">Perch\u00e9 acquistare da noi?<\/strong><\/p>\n<ul data-start=\"1452\" data-end=\"1731\">\n<li data-start=\"1452\" data-end=\"1560\">\n<p data-start=\"1454\" data-end=\"1560\">Siamo specializzati in <strong data-start=\"1471\" data-end=\"1515\">componenti per laptop e aggiornamenti di memoria per desktop<\/strong> per clienti in tutta Europa e nel mondo.<\/p>\n<\/li>\n<li data-start=\"1561\" data-end=\"1652\">\n<p data-start=\"1563\" data-end=\"1652\">Tutte le foto sono <strong data-start=\"1578\" data-end=\"1601\">immagini reali del prodotto<\/strong>: ci\u00f2 che vedi \u00e8 esattamente ci\u00f2 che riceverai.<\/p>\n<\/li>\n<li data-start=\"1653\" data-end=\"1731\">\n<p data-start=\"1655\" data-end=\"1731\">Se hai bisogno di ulteriore aiuto per scegliere il componente giusto, non esitare a contattarci.<\/p>\n<\/li>\n<\/ul>\n<p data-start=\"1733\" data-end=\"1832\">Questa RAM DDR3 DSL da 2 GB \u00e8 un ottimo modo per prolungare la durata del tuo sistema senza spendere una fortuna.<\/p>\n","protected":false},"excerpt":{"rendered":"<p>Aumenta le prestazioni del tuo sistema con la RAM DSL DDR3 PC3-10600 da 2 GB. Questo modulo DIMM a 1333 MHz, CL9, 240 pin \u00e8 progettato per un multitasking fluido e una velocit\u00e0 affidabile nei desktop compatibili. Tutte le foto mostrate sono reali: riceverai esattamente il componente raffigurato.<\/p>\n","protected":false},"featured_media":21867,"template":"","meta":[],"product_brand":[],"product_cat":[38,37],"product_tag":[],"class_list":{"0":"post-21807","1":"product","2":"type-product","3":"status-publish","4":"has-post-thumbnail","6":"product_cat-ddr3-ddr3l","7":"product_cat-ram-memory","9":"first","10":"instock","11":"taxable","12":"shipping-taxable","13":"purchasable","14":"product-type-simple"},"_links":{"self":[{"href":"https:\/\/boreait.com\/it\/wp-json\/wp\/v2\/product\/21807","targetHints":{"allow":["GET"]}}],"collection":[{"href":"https:\/\/boreait.com\/it\/wp-json\/wp\/v2\/product"}],"about":[{"href":"https:\/\/boreait.com\/it\/wp-json\/wp\/v2\/types\/product"}],"wp:featuredmedia":[{"embeddable":true,"href":"https:\/\/boreait.com\/it\/wp-json\/wp\/v2\/media\/21867"}],"wp:attachment":[{"href":"https:\/\/boreait.com\/it\/wp-json\/wp\/v2\/media?parent=21807"}],"wp:term":[{"taxonomy":"product_brand","embeddable":true,"href":"https:\/\/boreait.com\/it\/wp-json\/wp\/v2\/product_brand?post=21807"},{"taxonomy":"product_cat","embeddable":true,"href":"https:\/\/boreait.com\/it\/wp-json\/wp\/v2\/product_cat?post=21807"},{"taxonomy":"product_tag","embeddable":true,"href":"https:\/\/boreait.com\/it\/wp-json\/wp\/v2\/product_tag?post=21807"}],"curies":[{"name":"wp","href":"https:\/\/api.w.org\/{rel}","templated":true}]}}