{"id":21784,"date":"2025-09-12T08:54:24","date_gmt":"2025-09-12T08:54:24","guid":{"rendered":"https:\/\/boreait.com\/it\/?post_type=product&#038;p=21784"},"modified":"2025-09-12T13:13:37","modified_gmt":"2025-09-12T13:13:37","slug":"altoparlanti-sinistro-e-destro-lenovo-thinkpad-t510-w510-60y5751-60y5752-ricambi-originali-per-laptop","status":"publish","type":"product","link":"https:\/\/boreait.com\/it\/product\/altoparlanti-sinistro-e-destro-lenovo-thinkpad-t510-w510-60y5751-60y5752-ricambi-originali-per-laptop\/","title":{"rendered":"Altoparlanti sinistro e destro Lenovo ThinkPad T510 W510 60Y5751 60Y5752 | Ricambi originali per laptop"},"content":{"rendered":"<p data-start=\"661\" data-end=\"923\">Riporta in vita il tuo Lenovo ThinkPad T510 W510 con questo <strong data-start=\"724\" data-end=\"762\">set di altoparlanti 60Y5751 originali (sinistro e destro)<\/strong>.<br data-start=\"763\" data-end=\"766\" \/>Questi altoparlanti di ricambio originali sono progettati specificamente per il T510 e offrono una qualit\u00e0 audio chiara e bilanciata per musica, chiamate e uso quotidiano.<\/p>\n<p data-start=\"925\" data-end=\"1159\">Noi di <strong data-start=\"928\" data-end=\"942\">Siggmo<\/strong> siamo specializzati in <strong data-start=\"974\" data-end=\"990\">componenti per laptop<\/strong> di alta qualit\u00e0, provenienti direttamente da fornitori affidabili. Ogni articolo viene testato e fotografato, cos\u00ec puoi acquistare con la certezza che il prodotto che vedi \u00e8 quello che riceverai.<\/p>\n<p data-start=\"1161\" data-end=\"1185\">\u2705 <strong data-start=\"1163\" data-end=\"1183\">Caratteristiche del prodotto<\/strong><\/p>\n<ul data-start=\"1186\" data-end=\"1379\">\n<li data-start=\"1186\" data-end=\"1214\">\n<p data-start=\"1188\" data-end=\"1214\">Codice articolo: <strong data-start=\"1201\" data-end=\"1212\">60Y5751<\/strong><\/p>\n<\/li>\n<li data-start=\"1215\" data-end=\"1261\">\n<p data-start=\"1217\" data-end=\"1261\">Modello compatibile: <strong data-start=\"1235\" data-end=\"1259\">Lenovo ThinkPad T510 \/ W510\u00a0<\/strong><\/p>\n<\/li>\n<li data-start=\"1262\" data-end=\"1308\">\n<p data-start=\"1264\" data-end=\"1308\">Include: <strong data-start=\"1274\" data-end=\"1306\">Sinistro e Altoparlanti destri (coppia)<\/strong><\/p>\n<\/li>\n<li data-start=\"1309\" data-end=\"1341\">\n<p data-start=\"1311\" data-end=\"1341\">Componenti originali e testati per laptop<\/p>\n<\/li>\n<li data-start=\"1342\" data-end=\"1379\">\n<p data-start=\"1344\" data-end=\"1379\">Foto reali del prodotto<\/p>\n<\/li>\n<\/ul>\n<p data-start=\"1381\" data-end=\"1403\">\u26a1 <strong data-start=\"1383\" data-end=\"1401\">Perch\u00e9 sceglierci?<\/strong><\/p>\n<ul data-start=\"1404\" data-end=\"1620\">\n<li data-start=\"1404\" data-end=\"1447\">\n<p data-start=\"1406\" data-end=\"1447\">Ricambi per laptop autentici al 100%<\/p>\n<\/li>\n<li data-start=\"1448\" data-end=\"1484\">\n<p data-start=\"1450\" data-end=\"1484\">Testati attentamente prima della spedizione<\/p>\n<\/li>\n<li data-start=\"1485\" data-end=\"1527\">\n<p data-start=\"1487\" data-end=\"1527\">Spedito dall\u2019Europa, disponibile in tutto il mondo<\/p>\n<\/li>\n<li data-start=\"1528\" data-end=\"1620\">\n<p data-start=\"1530\" data-end=\"1620\">Assistenza clienti cordiale, se hai bisogno di aiuto Per verificare la compatibilit\u00e0, contattaci!<\/p>\n<\/li>\n<\/ul>\n<p data-start=\"1622\" data-end=\"1783\"><strong data-start=\"1622\" data-end=\"1631\">Nota:<\/strong> questo elenco si riferisce solo al set di altoparlanti. Le istruzioni di installazione non sono fornite, ma saremo lieti di rispondere a qualsiasi domanda in caso di necessit\u00e0.<\/p>\n<p data-start=\"1785\" data-end=\"1884\">Aggiorna il tuo ThinkPad T510 con ricambi originali affidabili e goditi di nuovo un suono cristallino.<\/p>\n","protected":false},"excerpt":{"rendered":"<p>Set di altoparlanti sinistro e destro originali (60Y5751) per Lenovo ThinkPad T510 o W510. Ricambi per laptop testati e originali, con foto reali dell&#8217;articolo che riceverai.<\/p>\n","protected":false},"featured_media":21838,"template":"","meta":[],"product_brand":[],"product_cat":[19],"product_tag":[27],"class_list":{"0":"post-21784","1":"product","2":"type-product","3":"status-publish","4":"has-post-thumbnail","6":"product_cat-laptop-speakers","7":"product_tag-lenovo","9":"first","10":"instock","11":"taxable","12":"shipping-taxable","13":"purchasable","14":"product-type-simple"},"_links":{"self":[{"href":"https:\/\/boreait.com\/it\/wp-json\/wp\/v2\/product\/21784","targetHints":{"allow":["GET"]}}],"collection":[{"href":"https:\/\/boreait.com\/it\/wp-json\/wp\/v2\/product"}],"about":[{"href":"https:\/\/boreait.com\/it\/wp-json\/wp\/v2\/types\/product"}],"wp:featuredmedia":[{"embeddable":true,"href":"https:\/\/boreait.com\/it\/wp-json\/wp\/v2\/media\/21838"}],"wp:attachment":[{"href":"https:\/\/boreait.com\/it\/wp-json\/wp\/v2\/media?parent=21784"}],"wp:term":[{"taxonomy":"product_brand","embeddable":true,"href":"https:\/\/boreait.com\/it\/wp-json\/wp\/v2\/product_brand?post=21784"},{"taxonomy":"product_cat","embeddable":true,"href":"https:\/\/boreait.com\/it\/wp-json\/wp\/v2\/product_cat?post=21784"},{"taxonomy":"product_tag","embeddable":true,"href":"https:\/\/boreait.com\/it\/wp-json\/wp\/v2\/product_tag?post=21784"}],"curies":[{"name":"wp","href":"https:\/\/api.w.org\/{rel}","templated":true}]}}