{"id":21762,"date":"2025-09-12T08:54:20","date_gmt":"2025-09-12T08:54:20","guid":{"rendered":"https:\/\/boreait.com\/it\/?post_type=product&#038;p=21762"},"modified":"2025-09-12T13:12:32","modified_gmt":"2025-09-12T13:12:32","slug":"poggiapolsi-dell-latitude-5480-5490-a17457-0nf94p-ricambi-originali-per-laptop","status":"publish","type":"product","link":"https:\/\/boreait.com\/it\/product\/poggiapolsi-dell-latitude-5480-5490-a17457-0nf94p-ricambi-originali-per-laptop\/","title":{"rendered":"Poggiapolsi Dell Latitude 5480 5490 A17457 0NF94P | Ricambi originali per laptop"},"content":{"rendered":"<p data-start=\"581\" data-end=\"825\">Cerchi un sostituto affidabile per il tuo Dell Latitude? Questo <strong data-start=\"645\" data-end=\"705\">poggiapolsi originale per Dell Latitude 5480\/5490 (CN: A17457)<\/strong> \u00e8 perfetto. Progettato specificamente per questi modelli, garantisce durata, comfort e compatibilit\u00e0 senza soluzione di continuit\u00e0.<\/p>\n<p data-start=\"827\" data-end=\"851\">\u2705 <strong data-start=\"829\" data-end=\"849\">Dettagli del prodotto:<\/strong><\/p>\n<ul data-start=\"852\" data-end=\"1099\">\n<li data-start=\"852\" data-end=\"904\">\n<p data-start=\"854\" data-end=\"904\">Modelli compatibili: <strong data-start=\"873\" data-end=\"902\">Dell Latitude 5480 \/ 5490<\/strong><\/p>\n<\/li>\n<li data-start=\"905\" data-end=\"936\">\n<p data-start=\"907\" data-end=\"936\">Codice prodotto: <strong data-start=\"920\" data-end=\"934\">CN: A17457 \/ 0NF94P\u00a0<\/strong><\/p>\n<\/li>\n<li data-start=\"937\" data-end=\"987\">\n<p data-start=\"939\" data-end=\"987\">Categoria: <strong data-start=\"949\" data-end=\"985\">Componenti per laptop \u2013 Gruppo poggiapolsi<\/strong><\/p>\n<\/li>\n<li data-start=\"988\" data-end=\"1025\">\n<p data-start=\"990\" data-end=\"1025\">Condizioni: <strong data-start=\"1001\" data-end=\"1023\">Usato \/ OEM originale<\/strong><\/p>\n<\/li>\n<li data-start=\"1026\" data-end=\"1099\">\n<p data-start=\"1028\" data-end=\"1099\">Le foto mostrate sono <strong data-start=\"1045\" data-end=\"1060\">immagini reali<\/strong> del poggiapolsi esatto che riceverai<\/p>\n<\/li>\n<\/ul>\n<p data-start=\"1101\" data-end=\"1281\">Questo poggiapolsi \u00e8 ideale se quello che stai utilizzando \u00e8 rotto, usurato o danneggiato. Aiuta a ripristinare la sensazione e la stabilit\u00e0 originali del tuo laptop, rendendolo comodo per l\u2019uso quotidiano.<\/p>\n<p data-start=\"1283\" data-end=\"1308\">\ud83d\udca1 <strong data-start=\"1286\" data-end=\"1306\">Perch\u00e9 acquistare da noi?<\/strong><\/p>\n<ul data-start=\"1309\" data-end=\"1491\">\n<li data-start=\"1309\" data-end=\"1356\">\n<p data-start=\"1311\" data-end=\"1356\">Ricambi per laptop originali al 100%, provenienti da fornitori selezionati<\/p>\n<\/li>\n<li data-start=\"1357\" data-end=\"1395\">\n<p data-start=\"1359\" data-end=\"1395\">Testati per la qualit\u00e0 e Prestazioni<\/p>\n<\/li>\n<li data-start=\"1396\" data-end=\"1435\">\n<p data-start=\"1398\" data-end=\"1435\">Spedizione rapida in tutto il mondo dall\u2019Europa<\/p>\n<\/li>\n<li data-start=\"1436\" data-end=\"1491\">\n<p data-start=\"1438\" data-end=\"1491\">Venditore affidabile con esperienza in componenti per laptop<\/p>\n<\/li>\n<\/ul>\n<p data-start=\"1493\" data-end=\"1617\">\ud83d\udccc <strong data-start=\"1496\" data-end=\"1505\">Nota:<\/strong> le istruzioni di installazione <strong data-start=\"1536\" data-end=\"1552\">non sono incluse<\/strong>. Se hai bisogno di assistenza, puoi contattarci in qualsiasi momento per ricevere supporto.<\/p>\n<p data-start=\"1619\" data-end=\"1759\">Riporta in vita il tuo laptop con questo <strong data-start=\"1660\" data-end=\"1711\">poggiapolsi sostitutivo di alta qualit\u00e0 per Dell Latitude<\/strong>: la soluzione perfetta per una riparazione affidabile.<\/p>\n","protected":false},"excerpt":{"rendered":"<p>Poggiapolsi originale per Dell Latitude 5480\/5490 (CN: A17457). Ricambio perfetto per laptop, per ripristinare la resistenza e il comfort del tuo dispositivo.<\/p>\n","protected":false},"featured_media":21791,"template":"","meta":[],"product_brand":[],"product_cat":[17],"product_tag":[18],"class_list":{"0":"post-21762","1":"product","2":"type-product","3":"status-publish","4":"has-post-thumbnail","6":"product_cat-laptop-housing","7":"product_tag-dell","9":"first","10":"instock","11":"taxable","12":"shipping-taxable","13":"purchasable","14":"product-type-simple"},"_links":{"self":[{"href":"https:\/\/boreait.com\/it\/wp-json\/wp\/v2\/product\/21762","targetHints":{"allow":["GET"]}}],"collection":[{"href":"https:\/\/boreait.com\/it\/wp-json\/wp\/v2\/product"}],"about":[{"href":"https:\/\/boreait.com\/it\/wp-json\/wp\/v2\/types\/product"}],"wp:featuredmedia":[{"embeddable":true,"href":"https:\/\/boreait.com\/it\/wp-json\/wp\/v2\/media\/21791"}],"wp:attachment":[{"href":"https:\/\/boreait.com\/it\/wp-json\/wp\/v2\/media?parent=21762"}],"wp:term":[{"taxonomy":"product_brand","embeddable":true,"href":"https:\/\/boreait.com\/it\/wp-json\/wp\/v2\/product_brand?post=21762"},{"taxonomy":"product_cat","embeddable":true,"href":"https:\/\/boreait.com\/it\/wp-json\/wp\/v2\/product_cat?post=21762"},{"taxonomy":"product_tag","embeddable":true,"href":"https:\/\/boreait.com\/it\/wp-json\/wp\/v2\/product_tag?post=21762"}],"curies":[{"name":"wp","href":"https:\/\/api.w.org\/{rel}","templated":true}]}}