{"id":21467,"date":"2025-07-25T14:04:46","date_gmt":"2025-07-25T14:04:46","guid":{"rendered":"https:\/\/boreait.com\/it\/?post_type=product&#038;p=21467"},"modified":"2025-07-25T14:06:13","modified_gmt":"2025-07-25T14:06:13","slug":"patriot-1-gb-ddr-333-pc2700-laptop-ram-so-dimm-a-200-pin-parte-di-memoria-testata","status":"publish","type":"product","link":"https:\/\/boreait.com\/it\/product\/patriot-1-gb-ddr-333-pc2700-laptop-ram-so-dimm-a-200-pin-parte-di-memoria-testata\/","title":{"rendered":"Patriot 1 GB DDR 333 PC2700 Laptop RAM \u2013 SO-DIMM a 200 pin \u2013 Parte di memoria testata"},"content":{"rendered":"<p data-start=\"687\" data-end=\"947\">Aggiorna il tuo vecchio laptop con questo modulo di memoria <strong data-start=\"731\" data-end=\"773\">Patriot Signature 1 GB DDR 333 (PC2700)<\/strong> originale. Progettata per la compatibilit\u00e0 con un\u2019ampia gamma di laptop di vecchia generazione, questa <strong data-start=\"858\" data-end=\"881\">RAM SO-DIMM a 200 pin<\/strong> offre un incremento semplice ed economico delle prestazioni del sistema.<\/p>\n<p data-start=\"949\" data-end=\"1293\">Questo modulo \u00e8 ideale per sostituire la memoria difettosa o aggiornare la RAM esistente nei laptop che supportano la memoria DDR 333. \u00c8 particolarmente utile se stai riparando o restaurando computer pi\u00f9 vecchi e fa parte del nostro inventario accuratamente selezionato di <strong data-start=\"1188\" data-end=\"1204\">componenti per laptop<\/strong>, ognuno testato e fotografato singolarmente, cos\u00ec sai esattamente cosa stai ricevendo.<\/p>\n<hr data-start=\"1295\" data-end=\"1298\" \/>\n<h3 data-start=\"1300\" data-end=\"1329\">\u2705 <strong data-start=\"1306\" data-end=\"1329\">Caratteristiche principali del prodotto:<\/strong><\/h3>\n<ul data-start=\"1331\" data-end=\"1675\">\n<li data-start=\"1331\" data-end=\"1363\">\n<p data-start=\"1333\" data-end=\"1363\"><strong data-start=\"1333\" data-end=\"1343\">Marca:<\/strong> Patriot Signature<\/p>\n<\/li>\n<li data-start=\"1364\" data-end=\"1385\">\n<p data-start=\"1366\" data-end=\"1385\"><strong data-start=\"1366\" data-end=\"1379\">Capacit\u00e0:<\/strong> 1 GB<\/p>\n<\/li>\n<li data-start=\"1386\" data-end=\"1410\">\n<p data-start=\"1388\" data-end=\"1410\"><strong data-start=\"1388\" data-end=\"1404\">Tipo di memoria:<\/strong> DDR<\/p>\n<\/li>\n<li data-start=\"1411\" data-end=\"1443\">\n<p data-start=\"1413\" data-end=\"1443\"><strong data-start=\"1413\" data-end=\"1423\">Velocit\u00e0:<\/strong> DDR 333 (PC 2700)<\/p>\n<\/li>\n<li data-start=\"1444\" data-end=\"1480\">\n<p data-start=\"1446\" data-end=\"1480\"><strong data-start=\"1446\" data-end=\"1462\">Fattore di forma:<\/strong> SO-DIMM a 200 pin<\/p>\n<\/li>\n<li data-start=\"1481\" data-end=\"1530\">\n<p data-start=\"1483\" data-end=\"1530\"><strong data-start=\"1483\" data-end=\"1497\">Condizioni:<\/strong> Usato, completamente testato e funzionante<\/p>\n<\/li>\n<li data-start=\"1531\" data-end=\"1610\">\n<p data-start=\"1533\" data-end=\"1610\"><strong data-start=\"1533\" data-end=\"1551\">Compatibilit\u00e0:<\/strong> Compatibile con laptop che supportano memoria DDR 333 PC2700<\/p>\n<\/li>\n<li data-start=\"1611\" data-end=\"1675\">\n<p data-start=\"1613\" data-end=\"1675\"><strong data-start=\"1613\" data-end=\"1629\">Foto reali:<\/strong> Ci\u00f2 che vedi \u00e8 esattamente ci\u00f2 che riceverai<\/p>\n<\/li>\n<\/ul>\n<hr data-start=\"1677\" data-end=\"1680\" \/>\n<p data-start=\"1682\" data-end=\"1918\">\ud83d\udca1 <strong data-start=\"1685\" data-end=\"1701\">Nota:<\/strong><br data-start=\"1701\" data-end=\"1704\" \/>Questo articolo \u00e8 venduto solo come componente hardware. Se hai bisogno di aiuto con l\u2019installazione o la compatibilit\u00e0, non esitare a inviarci un messaggio. Sebbene non forniamo istruzioni per la sostituzione, saremo lieti di rispondere alle tue domande.<\/p>\n<p data-start=\"1920\" data-end=\"2010\">\ud83d\udd12 <strong data-start=\"1923\" data-end=\"2010\">Le foto reali del modulo RAM sono incluse nell\u2019annuncio, non sono immagini di repertorio.<\/strong><\/p>\n","protected":false},"excerpt":{"rendered":"<p>Modulo di memoria affidabile Patriot DDR 333 (PC2700) da 1 GB per laptop. Formato SO-DIMM a 200 pin. Completamente testato e pronto per l&#8217;installazione.<\/p>\n","protected":false},"featured_media":21525,"template":"","meta":[],"product_brand":[],"product_cat":[37],"product_tag":[],"class_list":{"0":"post-21467","1":"product","2":"type-product","3":"status-publish","4":"has-post-thumbnail","6":"product_cat-ram-memory","8":"first","9":"instock","10":"taxable","11":"shipping-taxable","12":"purchasable","13":"product-type-simple"},"_links":{"self":[{"href":"https:\/\/boreait.com\/it\/wp-json\/wp\/v2\/product\/21467","targetHints":{"allow":["GET"]}}],"collection":[{"href":"https:\/\/boreait.com\/it\/wp-json\/wp\/v2\/product"}],"about":[{"href":"https:\/\/boreait.com\/it\/wp-json\/wp\/v2\/types\/product"}],"wp:featuredmedia":[{"embeddable":true,"href":"https:\/\/boreait.com\/it\/wp-json\/wp\/v2\/media\/21525"}],"wp:attachment":[{"href":"https:\/\/boreait.com\/it\/wp-json\/wp\/v2\/media?parent=21467"}],"wp:term":[{"taxonomy":"product_brand","embeddable":true,"href":"https:\/\/boreait.com\/it\/wp-json\/wp\/v2\/product_brand?post=21467"},{"taxonomy":"product_cat","embeddable":true,"href":"https:\/\/boreait.com\/it\/wp-json\/wp\/v2\/product_cat?post=21467"},{"taxonomy":"product_tag","embeddable":true,"href":"https:\/\/boreait.com\/it\/wp-json\/wp\/v2\/product_tag?post=21467"}],"curies":[{"name":"wp","href":"https:\/\/api.w.org\/{rel}","templated":true}]}}