{"id":21416,"date":"2025-07-25T14:03:34","date_gmt":"2025-07-25T14:03:34","guid":{"rendered":"https:\/\/boreait.com\/it\/?post_type=product&#038;p=21416"},"modified":"2025-07-25T14:04:49","modified_gmt":"2025-07-25T14:04:49","slug":"altoparlante-interno-dell-optiplex-390-790-990-da-23-mm-29mkk-ricambio-originale-per-laptop","status":"publish","type":"product","link":"https:\/\/boreait.com\/it\/product\/altoparlante-interno-dell-optiplex-390-790-990-da-23-mm-29mkk-ricambio-originale-per-laptop\/","title":{"rendered":"Altoparlante interno Dell Optiplex 390 790 990 da 23 mm 29MKK \u2013 Ricambio originale per laptop"},"content":{"rendered":"<p data-start=\"475\" data-end=\"838\">Cerchi un altoparlante sostitutivo affidabile per il tuo desktop Dell? Questo <strong data-start=\"546\" data-end=\"599\">altoparlante interno rotondo Dell da 23 mm (codice articolo 29MKK)<\/strong> \u00e8 un <strong data-start=\"605\" data-end=\"628\">ricambio originale per laptop<\/strong> compatibile con i modelli <strong data-start=\"645\" data-end=\"675\">Optiplex 390, 790 e 990<\/strong>. Che tu stia ripristinando la funzionalit\u00e0 audio o sostituendo un componente difettoso, questo altoparlante garantisce un\u2019uscita audio pulita e un perfetto inserimento nel tuo sistema.<\/p>\n<p data-start=\"840\" data-end=\"860\">\ud83d\udee0 <strong data-start=\"843\" data-end=\"859\">Caratteristiche principali<\/strong>:<\/p>\n<ul data-start=\"861\" data-end=\"1240\">\n<li data-start=\"861\" data-end=\"912\">\n<p data-start=\"863\" data-end=\"912\">\u2714\ufe0f Altoparlante interno originale Dell \u2013 Modello 29MKK<\/p>\n<\/li>\n<li data-start=\"913\" data-end=\"966\">\n<p data-start=\"915\" data-end=\"966\">\u2714\ufe0f Forma rotonda da 23 mm \u2013 testata e completamente Funzionale<\/p>\n<\/li>\n<li data-start=\"967\" data-end=\"1030\">\n<p data-start=\"969\" data-end=\"1030\">\u2714\ufe0f Compatibile con i desktop Dell Optiplex 390, 790 e 990<\/p>\n<\/li>\n<li data-start=\"1031\" data-end=\"1088\">\n<p data-start=\"1033\" data-end=\"1088\">\u2714\ufe0f Ideale per ripristinare l\u2019audio in ufficio o a casa<\/p>\n<\/li>\n<li data-start=\"1089\" data-end=\"1154\">\n<p data-start=\"1091\" data-end=\"1154\">\u2714\ufe0f Immagini reali del prodotto: ci\u00f2 che vedi \u00e8 esattamente ci\u00f2 che ottieni<\/p>\n<\/li>\n<li data-start=\"1155\" data-end=\"1203\">\n<p data-start=\"1157\" data-end=\"1203\">\u2714\ufe0f Spedizione rapida in tutta Europa e nel mondo<\/p>\n<\/li>\n<li data-start=\"1204\" data-end=\"1240\">\n<p data-start=\"1206\" data-end=\"1240\">\u2714\ufe0f Hai bisogno di aiuto? Inviaci un messaggio!<\/p>\n<\/li>\n<\/ul>\n<p data-start=\"1242\" data-end=\"1473\">Questo componente <strong data-start=\"1257\" data-end=\"1298\">non include le istruzioni di installazione<\/strong>, ma se hai bisogno di aiuto, non esitare a contattarci direttamente. Perfetto per tecnici IT, officine di riparazione computer e appassionati del fai da te alla ricerca di <strong data-start=\"1439\" data-end=\"1470\">ricambi originali per laptop Dell<\/strong>.<\/p>\n<p data-start=\"1475\" data-end=\"1577\">\u2705 Supportati dal nostro controllo qualit\u00e0 e da un imballaggio sicuro per un\u2019esperienza di riparazione o sostituzione senza problemi.<\/p>\n","protected":false},"excerpt":{"rendered":"<p>Altoparlante interno rotondo originale Dell da 23 mm (29MKK), compatibile con Optiplex 390, 790 e 990. Foto reali del componente. Spedizione rapida in tutto il mondo dall&#8217;Europa.<\/p>\n","protected":false},"featured_media":21473,"template":"","meta":[],"product_brand":[],"product_cat":[19],"product_tag":[],"class_list":{"0":"post-21416","1":"product","2":"type-product","3":"status-publish","4":"has-post-thumbnail","6":"product_cat-laptop-speakers","8":"first","9":"instock","10":"taxable","11":"shipping-taxable","12":"purchasable","13":"product-type-simple"},"_links":{"self":[{"href":"https:\/\/boreait.com\/it\/wp-json\/wp\/v2\/product\/21416","targetHints":{"allow":["GET"]}}],"collection":[{"href":"https:\/\/boreait.com\/it\/wp-json\/wp\/v2\/product"}],"about":[{"href":"https:\/\/boreait.com\/it\/wp-json\/wp\/v2\/types\/product"}],"wp:featuredmedia":[{"embeddable":true,"href":"https:\/\/boreait.com\/it\/wp-json\/wp\/v2\/media\/21473"}],"wp:attachment":[{"href":"https:\/\/boreait.com\/it\/wp-json\/wp\/v2\/media?parent=21416"}],"wp:term":[{"taxonomy":"product_brand","embeddable":true,"href":"https:\/\/boreait.com\/it\/wp-json\/wp\/v2\/product_brand?post=21416"},{"taxonomy":"product_cat","embeddable":true,"href":"https:\/\/boreait.com\/it\/wp-json\/wp\/v2\/product_cat?post=21416"},{"taxonomy":"product_tag","embeddable":true,"href":"https:\/\/boreait.com\/it\/wp-json\/wp\/v2\/product_tag?post=21416"}],"curies":[{"name":"wp","href":"https:\/\/api.w.org\/{rel}","templated":true}]}}