{"id":21411,"date":"2025-07-25T14:03:34","date_gmt":"2025-07-25T14:03:34","guid":{"rendered":"https:\/\/boreait.com\/it\/?post_type=product&#038;p=21411"},"modified":"2025-07-25T14:04:34","modified_gmt":"2025-07-25T14:04:34","slug":"pannello-frontale-del-case-del-dell-optiplex-790-copertura-della-cornice-ricambio-originale-per-computer-desktop","status":"publish","type":"product","link":"https:\/\/boreait.com\/it\/product\/pannello-frontale-del-case-del-dell-optiplex-790-copertura-della-cornice-ricambio-originale-per-computer-desktop\/","title":{"rendered":"Pannello frontale del case del Dell OptiPlex 790, copertura della cornice \u2013 ricambio originale per computer desktop"},"content":{"rendered":"<p data-start=\"594\" data-end=\"860\">Ripristina l\u2019aspetto pulito e professionale del tuo desktop Dell con questo <strong data-start=\"662\" data-end=\"718\">pannello frontale originale per Dell OptiPlex 790<\/strong>. Che tu stia sostituendo una cornice danneggiata o ripristinando un vecchio sistema, questo <strong data-start=\"794\" data-end=\"819\">ricambio originale per desktop<\/strong> garantisce una perfetta compatibilit\u00e0 e adattabilit\u00e0.<\/p>\n<p data-start=\"862\" data-end=\"983\">Questa \u00e8 una <strong data-start=\"872\" data-end=\"905\">foto reale del componente<\/strong> che riceverai: ci\u00f2 che vedi \u00e8 esattamente ci\u00f2 che ti verr\u00e0 consegnato. Nessuna sorpresa!<\/p>\n<p data-start=\"985\" data-end=\"1005\">\ud83d\udca1 <strong data-start=\"988\" data-end=\"1005\">Caratteristiche principali:<\/strong><\/p>\n<ul data-start=\"1006\" data-end=\"1262\">\n<li data-start=\"1006\" data-end=\"1074\">\n<p data-start=\"1008\" data-end=\"1074\">Compatibile con <strong data-start=\"1024\" data-end=\"1074\">Dell OptiPlex 790 Desktop (serie SFF e Tower)<\/strong><\/p>\n<\/li>\n<li data-start=\"1075\" data-end=\"1125\">\n<p data-start=\"1077\" data-end=\"1125\"><strong data-start=\"1077\" data-end=\"1106\">Carter anteriore originale OEM<\/strong> \u2013 non una copia scadente<\/p>\n<\/li>\n<li data-start=\"1126\" data-end=\"1169\">\n<p data-start=\"1128\" data-end=\"1169\">Pulito e intatto con tutti i punti di fissaggio<\/p>\n<\/li>\n<li data-start=\"1170\" data-end=\"1208\">\n<p data-start=\"1172\" data-end=\"1208\">Contribuisce a migliorare il flusso d\u2019aria e l\u2019estetica<\/p>\n<\/li>\n<li data-start=\"1209\" data-end=\"1262\">\n<p data-start=\"1211\" data-end=\"1262\">Perfetto per riparazioni, ristrutturazioni o personalizzazioni build<\/p>\n<\/li>\n<\/ul>\n<p data-start=\"1264\" data-end=\"1369\">\ud83d\udce6 <strong data-start=\"1267\" data-end=\"1280\">Condizioni<\/strong>: Usato con cura, ispezionato a fondo e garantito in eccellenti condizioni di funzionamento.<\/p>\n<p data-start=\"1371\" data-end=\"1588\">Questo componente \u00e8 ideale per tecnici IT, appassionati del fai da te o chiunque ripari computer desktop. Sebbene non forniamo istruzioni di installazione, puoi contattarci tramite <strong data-start=\"1516\" data-end=\"1556\">messaggio<\/strong> per qualsiasi aiuto o domanda riguardante la compatibilit\u00e0 o l\u2019adattamento.<\/p>\n<p data-start=\"1590\" data-end=\"1654\">\ud83c\udf0d <strong data-start=\"1593\" data-end=\"1612\">Spedizioni in tutto il mondo<\/strong> \u2013 consegna rapida in tutta Europa e oltre.<\/p>\n<p data-start=\"1656\" data-end=\"1755\">\ud83d\udee0\ufe0f Il tuo fornitore di fiducia per <strong data-start=\"1684\" data-end=\"1708\">componenti di qualit\u00e0 per laptop<\/strong> e hardware desktop, solo su <strong data-start=\"1740\" data-end=\"1754\">Siggmo.com<\/strong>.<\/p>\n","protected":false},"excerpt":{"rendered":"<p>Cornice anteriore originale per Dell OptiPlex 790 in ottime condizioni. Ricambio ideale per rinnovare il tuo desktop.<\/p>\n","protected":false},"featured_media":21459,"template":"","meta":[],"product_brand":[],"product_cat":[17],"product_tag":[],"class_list":{"0":"post-21411","1":"product","2":"type-product","3":"status-publish","4":"has-post-thumbnail","6":"product_cat-laptop-housing","8":"first","9":"instock","10":"taxable","11":"shipping-taxable","12":"purchasable","13":"product-type-simple"},"_links":{"self":[{"href":"https:\/\/boreait.com\/it\/wp-json\/wp\/v2\/product\/21411","targetHints":{"allow":["GET"]}}],"collection":[{"href":"https:\/\/boreait.com\/it\/wp-json\/wp\/v2\/product"}],"about":[{"href":"https:\/\/boreait.com\/it\/wp-json\/wp\/v2\/types\/product"}],"wp:featuredmedia":[{"embeddable":true,"href":"https:\/\/boreait.com\/it\/wp-json\/wp\/v2\/media\/21459"}],"wp:attachment":[{"href":"https:\/\/boreait.com\/it\/wp-json\/wp\/v2\/media?parent=21411"}],"wp:term":[{"taxonomy":"product_brand","embeddable":true,"href":"https:\/\/boreait.com\/it\/wp-json\/wp\/v2\/product_brand?post=21411"},{"taxonomy":"product_cat","embeddable":true,"href":"https:\/\/boreait.com\/it\/wp-json\/wp\/v2\/product_cat?post=21411"},{"taxonomy":"product_tag","embeddable":true,"href":"https:\/\/boreait.com\/it\/wp-json\/wp\/v2\/product_tag?post=21411"}],"curies":[{"name":"wp","href":"https:\/\/api.w.org\/{rel}","templated":true}]}}