{"id":21360,"date":"2025-07-25T14:02:20","date_gmt":"2025-07-25T14:02:20","guid":{"rendered":"https:\/\/boreait.com\/it\/?post_type=product&#038;p=21360"},"modified":"2026-02-09T10:09:37","modified_gmt":"2026-02-09T10:09:37","slug":"wd3200bbpvt-320-gb-hard-disk-per-laptop-hdd-25-sata-testato-al-100-ok-componenti-per-laptop","status":"publish","type":"product","link":"https:\/\/boreait.com\/it\/product\/wd3200bbpvt-320-gb-hard-disk-per-laptop-hdd-25-sata-testato-al-100-ok-componenti-per-laptop\/","title":{"rendered":"WD3200BBPVT 320 GB Hard Disk per Laptop HDD 2,5&#8243; SATA Testato al 100% OK &#8211; Componenti per Laptop"},"content":{"rendered":"<p data-start=\"621\" data-end=\"945\">Cerchi un hard disk sostitutivo affidabile per il tuo laptop? Questo <strong data-start=\"689\" data-end=\"724\">HDD WD3200BBPVT da 320 GB SATA da 2,5\u2033<\/strong> \u00e8 una scelta affidabile sia per gli aggiornamenti che per le riparazioni. Parte della nostra collezione di <strong data-start=\"806\" data-end=\"822\">componenti per laptop<\/strong> accuratamente testati su <strong data-start=\"837\" data-end=\"851\">siggmo.com<\/strong>, questa unit\u00e0 \u00e8 stata verificata al <strong data-start=\"890\" data-end=\"905\">100% di integrit\u00e0<\/strong>, senza settori danneggiati o problemi al firmware.<\/p>\n<p data-start=\"947\" data-end=\"1128\">Che tu stia riparando un vecchio computer o necessiti di spazio di archiviazione aggiuntivo, questa unit\u00e0 Western Digital offre prestazioni stabili e compatibilit\u00e0 con la maggior parte dei laptop standard che supportano unit\u00e0 SATA.<\/p>\n<h4 data-start=\"1130\" data-end=\"1150\">\u2705 Caratteristiche principali:<\/h4>\n<ul data-start=\"1151\" data-end=\"1422\">\n<li data-start=\"1151\" data-end=\"1175\">\n<p data-start=\"1153\" data-end=\"1175\">Modello: <strong data-start=\"1160\" data-end=\"1175\">WD3200BBPVT<\/strong><\/p>\n<\/li>\n<li data-start=\"1176\" data-end=\"1197\">\n<p data-start=\"1178\" data-end=\"1197\">Capacit\u00e0: <strong data-start=\"1188\" data-end=\"1197\">320 GB<\/strong><\/p>\n<\/li>\n<li data-start=\"1198\" data-end=\"1225\">\n<p data-start=\"1200\" data-end=\"1225\">Fattore di forma: <strong data-start=\"1213\" data-end=\"1225\">2,5 pollici<\/strong><\/p>\n<\/li>\n<li data-start=\"1226\" data-end=\"1247\">\n<p data-start=\"1228\" data-end=\"1247\">Interfaccia: <strong data-start=\"1239\" data-end=\"1247\">SATA<\/strong><\/p>\n<\/li>\n<li data-start=\"1248\" data-end=\"1300\">\n<p data-start=\"1250\" data-end=\"1300\">Condizioni: <strong data-start=\"1261\" data-end=\"1300\">Usato ma completamente testato \u2013 100% salute<\/strong><\/p>\n<\/li>\n<li data-start=\"1301\" data-end=\"1365\">\n<p data-start=\"1303\" data-end=\"1365\">Compatibilit\u00e0: ideale per un\u2019ampia gamma di laptop e notebook<\/p>\n<\/li>\n<li data-start=\"1366\" data-end=\"1422\">\n<p data-start=\"1368\" data-end=\"1422\">Foto: <strong data-start=\"1376\" data-end=\"1422\">Foto reali: ci\u00f2 che vedi \u00e8 ci\u00f2 che ottieni<\/strong><\/p>\n<\/li>\n<\/ul>\n<p data-start=\"1424\" data-end=\"1653\">Nota: questa inserzione include solo il disco rigido. <strong data-start=\"1480\" data-end=\"1526\">Le istruzioni di installazione sono non incluso<\/strong>, ma se hai bisogno di assistenza o hai domande sulla compatibilit\u00e0, non esitare a <strong data-start=\"1607\" data-end=\"1630\">inviarci un messaggio direttamente<\/strong>: saremo felici di aiutarti.<\/p>\n","protected":false},"excerpt":{"rendered":"<p>Affidabile hard disk WD da 320 GB per laptop (WD3200BBPVT), completamente testato e con il 100% di integrit\u00e0. Ideale per riparazioni o aggiornamenti di laptop. Foto reali: ottieni esattamente ci\u00f2 che vedi.<\/p>\n","protected":false},"featured_media":21422,"template":"","meta":[],"product_brand":[],"product_cat":[50,32],"product_tag":[],"class_list":{"0":"post-21360","1":"product","2":"type-product","3":"status-publish","4":"has-post-thumbnail","6":"product_cat-2-5-hdd","7":"product_cat-ssd-hdd-drives","9":"first","10":"instock","11":"taxable","12":"shipping-taxable","13":"purchasable","14":"product-type-simple"},"_links":{"self":[{"href":"https:\/\/boreait.com\/it\/wp-json\/wp\/v2\/product\/21360","targetHints":{"allow":["GET"]}}],"collection":[{"href":"https:\/\/boreait.com\/it\/wp-json\/wp\/v2\/product"}],"about":[{"href":"https:\/\/boreait.com\/it\/wp-json\/wp\/v2\/types\/product"}],"wp:featuredmedia":[{"embeddable":true,"href":"https:\/\/boreait.com\/it\/wp-json\/wp\/v2\/media\/21422"}],"wp:attachment":[{"href":"https:\/\/boreait.com\/it\/wp-json\/wp\/v2\/media?parent=21360"}],"wp:term":[{"taxonomy":"product_brand","embeddable":true,"href":"https:\/\/boreait.com\/it\/wp-json\/wp\/v2\/product_brand?post=21360"},{"taxonomy":"product_cat","embeddable":true,"href":"https:\/\/boreait.com\/it\/wp-json\/wp\/v2\/product_cat?post=21360"},{"taxonomy":"product_tag","embeddable":true,"href":"https:\/\/boreait.com\/it\/wp-json\/wp\/v2\/product_tag?post=21360"}],"curies":[{"name":"wp","href":"https:\/\/api.w.org\/{rel}","templated":true}]}}