{"id":21349,"date":"2025-07-25T14:02:19","date_gmt":"2025-07-25T14:02:19","guid":{"rendered":"https:\/\/boreait.com\/it\/?post_type=product&#038;p=21349"},"modified":"2026-02-09T09:57:29","modified_gmt":"2026-02-09T09:57:29","slug":"webcam-per-laptop-hp-probook-470-475-g2-708879-1h2-ricambio-originale-testato","status":"publish","type":"product","link":"https:\/\/boreait.com\/it\/product\/webcam-per-laptop-hp-probook-470-475-g2-708879-1h2-ricambio-originale-testato\/","title":{"rendered":"Webcam per laptop HP ProBook 470 475 G2 708879-1H2, ricambio originale &#8211; testato"},"content":{"rendered":"<p data-start=\"689\" data-end=\"940\">Vuoi ripristinare la funzionalit\u00e0 della webcam del tuo HP ProBook? Questo <strong data-start=\"762\" data-end=\"803\">modulo webcam originale per HP ProBook 470\/475 G2<\/strong> (codice articolo: <strong data-start=\"818\" data-end=\"832\">708879-1H2<\/strong>) \u00e8 un <strong data-start=\"862\" data-end=\"877\">componente per laptop<\/strong> originale e di alta qualit\u00e0, progettato per adattarsi perfettamente e funzionare con il tuo modello di laptop.<\/p>\n<p data-start=\"942\" data-end=\"961\">\u2705 <strong data-start=\"944\" data-end=\"961\">Caratteristiche principali:<\/strong><\/p>\n<ul data-start=\"962\" data-end=\"1293\">\n<li data-start=\"962\" data-end=\"1014\">\n<p data-start=\"964\" data-end=\"1014\"><strong data-start=\"964\" data-end=\"986\">Modelli compatibili:<\/strong> HP ProBook 470 G2, 475 G2<\/p>\n<\/li>\n<li data-start=\"1015\" data-end=\"1046\">\n<p data-start=\"1017\" data-end=\"1046\"><strong data-start=\"1017\" data-end=\"1033\">Codice prodotto:<\/strong> 708879-1H2<\/p>\n<\/li>\n<li data-start=\"1047\" data-end=\"1098\">\n<p data-start=\"1049\" data-end=\"1098\"><strong data-start=\"1049\" data-end=\"1063\">Condizioni:<\/strong> Completamente testato, usato originale parte<\/p>\n<\/li>\n<li data-start=\"1099\" data-end=\"1155\">\n<p data-start=\"1101\" data-end=\"1155\"><strong data-start=\"1101\" data-end=\"1110\">Tipo:<\/strong> Modulo webcam frontale per laptop integrato<\/p>\n<\/li>\n<li data-start=\"1156\" data-end=\"1227\">\n<p data-start=\"1158\" data-end=\"1227\"><strong data-start=\"1158\" data-end=\"1177\">Precisione delle foto:<\/strong> Foto di oggetti reali: ci\u00f2 che vedi \u00e8 ci\u00f2 che ottieni<\/p>\n<\/li>\n<li data-start=\"1228\" data-end=\"1293\">\n<p data-start=\"1230\" data-end=\"1293\"><strong data-start=\"1230\" data-end=\"1244\">Utilizzo ideale:<\/strong> Sostituzione per webcam per laptop difettose o danneggiate<\/p>\n<\/li>\n<\/ul>\n<p data-start=\"1295\" data-end=\"1650\">Che tu stia riparando il tuo dispositivo o offrendo servizi di riparazione per laptop, questa webcam \u00e8 un ricambio affidabile che ripristina la funzionalit\u00e0 video. \u00c8 facile da installare per i professionisti e saremo lieti di rispondere a qualsiasi domanda tu possa avere. Sebbene non offriamo assistenza passo passo per l\u2019installazione, puoi contattarci per ricevere assistenza.<\/p>\n<hr data-start=\"1652\" data-end=\"1655\" \/>\n<p data-start=\"1657\" data-end=\"1681\"><strong data-start=\"1657\" data-end=\"1681\">Perch\u00e9 acquistare da Siggmo?<\/strong><\/p>\n<ul data-start=\"1682\" data-end=\"1853\">\n<li data-start=\"1682\" data-end=\"1724\">\n<p data-start=\"1684\" data-end=\"1724\">Specializzati in <strong data-start=\"1700\" data-end=\"1724\">ricambi originali per laptop<\/strong><\/p>\n<\/li>\n<li data-start=\"1725\" data-end=\"1760\">\n<p data-start=\"1727\" data-end=\"1760\">Spedizioni veloci e affidabili in tutto il mondo<\/p>\n<\/li>\n<li data-start=\"1761\" data-end=\"1807\">\n<p data-start=\"1763\" data-end=\"1807\">Con sede in Europa, spedizioni locali e a livello globale<\/p>\n<\/li>\n<li data-start=\"1808\" data-end=\"1853\">\n<p data-start=\"1810\" data-end=\"1853\">Tutti i componenti sono stati accuratamente testati e fotografati<\/p>\n<\/li>\n<\/ul>\n<hr data-start=\"1855\" data-end=\"1858\" \/>\n<p data-start=\"1860\" data-end=\"1945\">Hai bisogno di aiuto per scegliere il componente giusto? <strong data-start=\"1895\" data-end=\"1917\">Scrivici in qualsiasi momento<\/strong>, saremo lieti di aiutarti.<\/p>\n","protected":false},"excerpt":{"rendered":"<p>Webcam integrata originale HP ProBook 470\/475 G2 (codice articolo 708879-1H2). Ricambio originale, completamente testato. Ideale per riparazioni e sostituzioni di componenti di laptop.<\/p>\n","protected":false},"featured_media":21402,"template":"","meta":[],"product_brand":[],"product_cat":[24],"product_tag":[],"class_list":{"0":"post-21349","1":"product","2":"type-product","3":"status-publish","4":"has-post-thumbnail","6":"product_cat-laptop-camera","8":"first","9":"instock","10":"taxable","11":"shipping-taxable","12":"purchasable","13":"product-type-simple"},"_links":{"self":[{"href":"https:\/\/boreait.com\/it\/wp-json\/wp\/v2\/product\/21349","targetHints":{"allow":["GET"]}}],"collection":[{"href":"https:\/\/boreait.com\/it\/wp-json\/wp\/v2\/product"}],"about":[{"href":"https:\/\/boreait.com\/it\/wp-json\/wp\/v2\/types\/product"}],"wp:featuredmedia":[{"embeddable":true,"href":"https:\/\/boreait.com\/it\/wp-json\/wp\/v2\/media\/21402"}],"wp:attachment":[{"href":"https:\/\/boreait.com\/it\/wp-json\/wp\/v2\/media?parent=21349"}],"wp:term":[{"taxonomy":"product_brand","embeddable":true,"href":"https:\/\/boreait.com\/it\/wp-json\/wp\/v2\/product_brand?post=21349"},{"taxonomy":"product_cat","embeddable":true,"href":"https:\/\/boreait.com\/it\/wp-json\/wp\/v2\/product_cat?post=21349"},{"taxonomy":"product_tag","embeddable":true,"href":"https:\/\/boreait.com\/it\/wp-json\/wp\/v2\/product_tag?post=21349"}],"curies":[{"name":"wp","href":"https:\/\/api.w.org\/{rel}","templated":true}]}}