{"id":21254,"date":"2025-07-25T14:00:10","date_gmt":"2025-07-25T14:00:10","guid":{"rendered":"https:\/\/boreait.com\/it\/?post_type=product&#038;p=21254"},"modified":"2025-07-25T14:01:22","modified_gmt":"2025-07-25T14:01:22","slug":"gomma-angolare-per-dell-latitude-rugged-e7214-ricambio-originale-per-laptop-scorte-ue","status":"publish","type":"product","link":"https:\/\/boreait.com\/it\/product\/gomma-angolare-per-dell-latitude-rugged-e7214-ricambio-originale-per-laptop-scorte-ue\/","title":{"rendered":"Gomma angolare per DELL Latitude Rugged E7214 | Ricambio originale per laptop, scorte UE"},"content":{"rendered":"<p class=\"\" data-start=\"696\" data-end=\"972\">Ripristina la resistenza e la protezione del tuo laptop rugged con questo <strong data-start=\"766\" data-end=\"823\">angolare in gomma originale per DELL Latitude Rugged E7214<\/strong>. Si tratta di un <strong data-start=\"835\" data-end=\"858\">ricambio originale per laptop<\/strong>, rimosso da un\u2019unit\u00e0 DELL E7214 originale, ed \u00e8 ideale per sostituire le protezioni angolari in gomma usurate o mancanti.<\/p>\n<p class=\"\" data-start=\"974\" data-end=\"1247\">Progettato specificamente per il <strong data-start=\"1004\" data-end=\"1029\">Latitude Rugged E7214<\/strong>, questo ricambio garantisce una perfetta aderenza e mantiene la robustezza del tuo dispositivo. Che tu stia riparando o ristrutturando, questa gomma angolare aiuta a prevenire danni fisici assorbendo gli urti e migliorando la presa.<\/p>\n<p class=\"\" data-start=\"1249\" data-end=\"1677\">\u2705 <strong data-start=\"1251\" data-end=\"1272\">Condizioni del prodotto<\/strong>: Usato, testato e in condizioni eccellenti<br data-start=\"1314\" data-end=\"1317\" \/>\u2705 <strong data-start=\"1319\" data-end=\"1336\">Compatibilit\u00e0<\/strong>: Solo per DELL Latitude Rugged E7214<br data-start=\"1369\" data-end=\"1372\" \/>\u2705 <strong data-start=\"1374\" data-end=\"1390\">Particella originale<\/strong>: Prelevata direttamente da un\u2019unit\u00e0 funzionante, nessuna sostituzione aftermarket<br data-start=\"1456\" data-end=\"1459\" \/>\u2705 <strong data-start=\"1461\" data-end=\"1477\">Cosa ottieni<\/strong>: la parte effettiva mostrata nelle foto dell\u2019annuncio, nessuna sorpresa<br data-start=\"1537\" data-end=\"1540\" \/>\u2705 <strong data-start=\"1542\" data-end=\"1567\">Nessuna guida all\u2019installazione<\/strong>: se hai bisogno di aiuto, non esitare a inviarci un messaggio<br data-start=\"1610\" data-end=\"1613\" \/>\u2705 <strong data-start=\"1615\" data-end=\"1636\">Spedizioni dall\u2019Europa<\/strong>: consegna rapida in tutta Europa e In tutto il mondo<\/p>\n<p class=\"\" data-start=\"1679\" data-end=\"1755\">Tutte le <strong data-start=\"1683\" data-end=\"1716\">foto sono dell\u2019articolo reale<\/strong>: ci\u00f2 che vedi \u00e8 ci\u00f2 che riceverai.<\/p>\n<p class=\"\" data-start=\"1757\" data-end=\"2005\">Questo annuncio fa parte della nostra vasta gamma di <strong data-start=\"1799\" data-end=\"1815\">ricambi per laptop<\/strong>, disponibili per appassionati di tecnologia, officine di riparazione e amanti del fai da te. Scopri componenti pi\u00f9 affidabili su <a class=\"\" href=\"https:\/\/siggmo.com\" target=\"_new\" rel=\"noopener\" data-start=\"1914\" data-end=\"1946\">siggmo.com<\/a>, il tuo fornitore di fiducia per ricambi di qualit\u00e0 per laptop.<\/p>\n","protected":false},"excerpt":{"rendered":"<p>Gomma angolare originale per DELL Latitude Rugged E7214. Ricambio usato originale in ottime condizioni. Perfetto per sostituire la gomma danneggiata o mancante del tuo laptop rugged.<\/p>\n","protected":false},"featured_media":21303,"template":"","meta":[],"product_brand":[],"product_cat":[17],"product_tag":[18],"class_list":{"0":"post-21254","1":"product","2":"type-product","3":"status-publish","4":"has-post-thumbnail","6":"product_cat-laptop-housing","7":"product_tag-dell","9":"first","10":"instock","11":"taxable","12":"shipping-taxable","13":"purchasable","14":"product-type-simple"},"_links":{"self":[{"href":"https:\/\/boreait.com\/it\/wp-json\/wp\/v2\/product\/21254","targetHints":{"allow":["GET"]}}],"collection":[{"href":"https:\/\/boreait.com\/it\/wp-json\/wp\/v2\/product"}],"about":[{"href":"https:\/\/boreait.com\/it\/wp-json\/wp\/v2\/types\/product"}],"wp:featuredmedia":[{"embeddable":true,"href":"https:\/\/boreait.com\/it\/wp-json\/wp\/v2\/media\/21303"}],"wp:attachment":[{"href":"https:\/\/boreait.com\/it\/wp-json\/wp\/v2\/media?parent=21254"}],"wp:term":[{"taxonomy":"product_brand","embeddable":true,"href":"https:\/\/boreait.com\/it\/wp-json\/wp\/v2\/product_brand?post=21254"},{"taxonomy":"product_cat","embeddable":true,"href":"https:\/\/boreait.com\/it\/wp-json\/wp\/v2\/product_cat?post=21254"},{"taxonomy":"product_tag","embeddable":true,"href":"https:\/\/boreait.com\/it\/wp-json\/wp\/v2\/product_tag?post=21254"}],"curies":[{"name":"wp","href":"https:\/\/api.w.org\/{rel}","templated":true}]}}