{"id":21252,"date":"2025-07-25T14:00:10","date_gmt":"2025-07-25T14:00:10","guid":{"rendered":"https:\/\/boreait.com\/it\/?post_type=product&#038;p=21252"},"modified":"2025-07-25T14:01:17","modified_gmt":"2025-07-25T14:01:17","slug":"copertura-originale-per-dell-latitude-12-rugged-extreme-7204-ricambio-originale-per-laptop","status":"publish","type":"product","link":"https:\/\/boreait.com\/it\/product\/copertura-originale-per-dell-latitude-12-rugged-extreme-7204-ricambio-originale-per-laptop\/","title":{"rendered":"Copertura originale per Dell Latitude 12 Rugged Extreme 7204 \u2013 Ricambio originale per laptop"},"content":{"rendered":"<p class=\"\" data-start=\"523\" data-end=\"797\">Cerchi un sostituto affidabile per il tuo Dell Latitude 12 Rugged Extreme 7204? Questa <strong data-start=\"610\" data-end=\"623\">cover OEM<\/strong> \u00e8 un <strong data-start=\"629\" data-end=\"657\">ricambio originale Dell<\/strong>, non una riproduzione di terze parti. Proveniente da un\u2019unit\u00e0 funzionante, \u00e8 perfetta per riparazioni, sostituzioni o ricondizionamento di laptop Dell rugged.<\/p>\n<p class=\"\" data-start=\"799\" data-end=\"1070\">Questa cover \u00e8 stata progettata specificamente per il <strong data-start=\"844\" data-end=\"884\">Dell Latitude 12 Rugged Extreme 7204<\/strong>, garantendo una compatibilit\u00e0 al 100% e una vestibilit\u00e0 sicura. Costruito per soddisfare gli standard di resistenza Dell, questo componente \u00e8 ideale per chiunque abbia bisogno di riportare il proprio laptop rugged alle condizioni originali.<\/p>\n<p class=\"\" data-start=\"1072\" data-end=\"1171\">\ud83d\udcf7 <strong data-start=\"1075\" data-end=\"1107\">Quello che vedi \u00e8 quello che ricevi<\/strong>: abbiamo incluso foto reali dell\u2019articolo che riceverai.<\/p>\n<p class=\"\" data-start=\"1173\" data-end=\"1287\">\ud83d\udcac Hai bisogno di aiuto per capire se questo \u00e8 il componente giusto per il tuo laptop? Inviaci un messaggio. Siamo lieti di assisterti.<\/p>\n<hr class=\"\" data-start=\"1289\" data-end=\"1292\" \/>\n<h3 class=\"\" data-start=\"1294\" data-end=\"1317\">\u2705 <strong data-start=\"1300\" data-end=\"1317\">Caratteristiche principali:<\/strong><\/h3>\n<ul data-start=\"1318\" data-end=\"1566\">\n<li class=\"\" data-start=\"1318\" data-end=\"1349\">\n<p class=\"\" data-start=\"1320\" data-end=\"1349\">\u2714\ufe0f <strong data-start=\"1323\" data-end=\"1349\">Cover originale Dell OEM<\/strong><\/p>\n<\/li>\n<li class=\"\" data-start=\"1350\" data-end=\"1400\">\n<p class=\"\" data-start=\"1352\" data-end=\"1400\">\u2714\ufe0f Compatibile con <strong data-start=\"1360\" data-end=\"1400\">Dell Latitude 12 Rugged Extreme 7204<\/strong><\/p>\n<\/li>\n<li class=\"\" data-start=\"1401\" data-end=\"1442\">\n<p class=\"\" data-start=\"1403\" data-end=\"1442\">\u2714\ufe0f Ideale per la sostituzione o la riparazione di componenti<\/p>\n<\/li>\n<li class=\"\" data-start=\"1443\" data-end=\"1495\">\n<p class=\"\" data-start=\"1445\" data-end=\"1495\">\u2714\ufe0f Ispezionato attentamente, estratto da un\u2019unit\u00e0 funzionante<\/p>\n<\/li>\n<li class=\"\" data-start=\"1496\" data-end=\"1535\">\n<p class=\"\" data-start=\"1498\" data-end=\"1535\">\u2714\ufe0f Foto reali dell\u2019oggetto \u2013 nessuna immagine di repertorio<\/p>\n<\/li>\n<li class=\"\" data-start=\"1536\" data-end=\"1566\">\n<p class=\"\" data-start=\"1538\" data-end=\"1566\">\u2714\ufe0f Spedizione veloce dall\u2019Europa<\/p>\n<\/li>\n<\/ul>\n","protected":false},"excerpt":{"rendered":"<p>Cover originale per Dell Latitude 12 7204 Rugged Extreme. Ricambio originale OEM in ottime condizioni. Ideale per sostituzione o riparazione.<\/p>\n","protected":false},"featured_media":21300,"template":"","meta":[],"product_brand":[],"product_cat":[17],"product_tag":[18],"class_list":{"0":"post-21252","1":"product","2":"type-product","3":"status-publish","4":"has-post-thumbnail","6":"product_cat-laptop-housing","7":"product_tag-dell","9":"first","10":"instock","11":"taxable","12":"shipping-taxable","13":"purchasable","14":"product-type-simple"},"_links":{"self":[{"href":"https:\/\/boreait.com\/it\/wp-json\/wp\/v2\/product\/21252","targetHints":{"allow":["GET"]}}],"collection":[{"href":"https:\/\/boreait.com\/it\/wp-json\/wp\/v2\/product"}],"about":[{"href":"https:\/\/boreait.com\/it\/wp-json\/wp\/v2\/types\/product"}],"wp:featuredmedia":[{"embeddable":true,"href":"https:\/\/boreait.com\/it\/wp-json\/wp\/v2\/media\/21300"}],"wp:attachment":[{"href":"https:\/\/boreait.com\/it\/wp-json\/wp\/v2\/media?parent=21252"}],"wp:term":[{"taxonomy":"product_brand","embeddable":true,"href":"https:\/\/boreait.com\/it\/wp-json\/wp\/v2\/product_brand?post=21252"},{"taxonomy":"product_cat","embeddable":true,"href":"https:\/\/boreait.com\/it\/wp-json\/wp\/v2\/product_cat?post=21252"},{"taxonomy":"product_tag","embeddable":true,"href":"https:\/\/boreait.com\/it\/wp-json\/wp\/v2\/product_tag?post=21252"}],"curies":[{"name":"wp","href":"https:\/\/api.w.org\/{rel}","templated":true}]}}