{"id":21208,"date":"2025-07-25T13:59:17","date_gmt":"2025-07-25T13:59:17","guid":{"rendered":"https:\/\/boreait.com\/it\/?post_type=product&#038;p=21208"},"modified":"2025-07-25T14:00:26","modified_gmt":"2025-07-25T14:00:26","slug":"coperchio-superiore-originale-dell-latitude-rugged-e7204-ricambi-originali-per-laptop-della-serie-e7204","status":"publish","type":"product","link":"https:\/\/boreait.com\/it\/product\/coperchio-superiore-originale-dell-latitude-rugged-e7204-ricambi-originali-per-laptop-della-serie-e7204\/","title":{"rendered":"Coperchio superiore originale DELL Latitude Rugged E7204 \u2013 Ricambi originali per laptop della serie E7204"},"content":{"rendered":"<p class=\"\" data-start=\"606\" data-end=\"845\">Ripristina la resistenza e l\u2019aspetto del tuo Dell Latitude Rugged E7204 con questo <strong data-start=\"689\" data-end=\"715\">coperchio superiore originale<\/strong>. Questo componente \u00e8 un <strong data-start=\"732\" data-end=\"758\">componente Dell originale<\/strong> ed \u00e8 ideale per sostituire la parte superiore usurata o danneggiata del tuo laptop serie E7204.<\/p>\n<p class=\"\" data-start=\"847\" data-end=\"1157\">Che tu stia ricondizionando il dispositivo per rivenderlo o semplicemente desideri mantenere il tuo computer rugged in perfette condizioni, questo <strong data-start=\"959\" data-end=\"974\">ricambio per laptop<\/strong> garantisce una vestibilit\u00e0 perfetta e una qualit\u00e0 di livello OEM. Il coperchio superiore \u00e8 usato ma in ottime condizioni e le <strong data-start=\"1078\" data-end=\"1124\">foto nell\u2019inserzione mostrano l\u2019articolo effettivo<\/strong> che riceverete, senza sorprese.<\/p>\n<p class=\"\" data-start=\"1159\" data-end=\"1420\">Nota:<br data-start=\"1171\" data-end=\"1174\" \/>\ud83d\udccc Questo annuncio si riferisce solo al <strong data-start=\"1201\" data-end=\"1217\">coperchio superiore<\/strong>, non include componenti interni come cerniere, pannello del display o cornice.<br data-start=\"1300\" data-end=\"1303\" \/>\ud83d\udccc Non forniamo istruzioni di installazione, ma potete contattarci per assistenza o domande sulla compatibilit\u00e0.<\/p>\n<p class=\"\" data-start=\"1422\" data-end=\"1571\">\ud83c\udf0d Spedizioni dall\u2019Europa con opzioni di consegna in tutto il mondo disponibili.<br data-start=\"1485\" data-end=\"1488\" \/>\ud83d\udee0\ufe0f Una scelta affidabile per officine di riparazione, rivenditori o per la sostituzione fai da te di componenti per laptop.<\/p>\n","protected":false},"excerpt":{"rendered":"<p>Coperchio superiore originale per Dell Latitude Rugged E7204. Ricambio ideale per ripristinare l&#8217;aspetto originale e la protezione del tuo laptop.<\/p>\n","protected":false},"featured_media":21266,"template":"","meta":[],"product_brand":[],"product_cat":[17],"product_tag":[18],"class_list":{"0":"post-21208","1":"product","2":"type-product","3":"status-publish","4":"has-post-thumbnail","6":"product_cat-laptop-housing","7":"product_tag-dell","9":"first","10":"instock","11":"taxable","12":"shipping-taxable","13":"purchasable","14":"product-type-simple"},"_links":{"self":[{"href":"https:\/\/boreait.com\/it\/wp-json\/wp\/v2\/product\/21208","targetHints":{"allow":["GET"]}}],"collection":[{"href":"https:\/\/boreait.com\/it\/wp-json\/wp\/v2\/product"}],"about":[{"href":"https:\/\/boreait.com\/it\/wp-json\/wp\/v2\/types\/product"}],"wp:featuredmedia":[{"embeddable":true,"href":"https:\/\/boreait.com\/it\/wp-json\/wp\/v2\/media\/21266"}],"wp:attachment":[{"href":"https:\/\/boreait.com\/it\/wp-json\/wp\/v2\/media?parent=21208"}],"wp:term":[{"taxonomy":"product_brand","embeddable":true,"href":"https:\/\/boreait.com\/it\/wp-json\/wp\/v2\/product_brand?post=21208"},{"taxonomy":"product_cat","embeddable":true,"href":"https:\/\/boreait.com\/it\/wp-json\/wp\/v2\/product_cat?post=21208"},{"taxonomy":"product_tag","embeddable":true,"href":"https:\/\/boreait.com\/it\/wp-json\/wp\/v2\/product_tag?post=21208"}],"curies":[{"name":"wp","href":"https:\/\/api.w.org\/{rel}","templated":true}]}}