{"id":21206,"date":"2025-07-25T13:59:16","date_gmt":"2025-07-25T13:59:16","guid":{"rendered":"https:\/\/boreait.com\/it\/?post_type=product&#038;p=21206"},"modified":"2025-07-25T14:00:21","modified_gmt":"2025-07-25T14:00:21","slug":"gomma-angolare-originale-per-laptop-robusto-dell-latitude-e7204-scorta-ue","status":"publish","type":"product","link":"https:\/\/boreait.com\/it\/product\/gomma-angolare-originale-per-laptop-robusto-dell-latitude-e7204-scorta-ue\/","title":{"rendered":"Gomma angolare originale per laptop robusto DELL Latitude E7204, scorta UE"},"content":{"rendered":"<p class=\"\" data-start=\"590\" data-end=\"854\">Ripristina la protezione del tuo laptop rugged con questo <strong data-start=\"640\" data-end=\"665\">paraurti in gomma originale<\/strong> progettato per il <strong data-start=\"683\" data-end=\"713\">DELL Latitude Rugged E7204<\/strong>. Si tratta di un componente originale del laptop, rimosso da un\u2019unit\u00e0 funzionante, ed \u00e8 ideale se il paraurti in gomma esistente \u00e8 mancante, rotto o usurato.<\/p>\n<p class=\"\" data-start=\"856\" data-end=\"1152\">Questo componente \u00e8 essenziale per mantenere la struttura antiurto del modello Rugged E7204 e svolge un ruolo chiave nel preservarne la durata. Che tu sia un tecnico, un\u2019officina di riparazione o un utente finale che si occupa personalmente della manutenzione del proprio dispositivo, questo componente garantisce una perfetta compatibilit\u00e0 e prestazioni affidabili.<\/p>\n<ul data-start=\"1154\" data-end=\"1533\">\n<li class=\"\" data-start=\"1154\" data-end=\"1206\">\n<p class=\"\" data-start=\"1156\" data-end=\"1206\"><strong data-start=\"1156\" data-end=\"1177\">Modello compatibile:<\/strong> DELL Latitude Rugged E7204<\/p>\n<\/li>\n<li class=\"\" data-start=\"1207\" data-end=\"1248\">\n<p class=\"\" data-start=\"1209\" data-end=\"1248\"><strong data-start=\"1209\" data-end=\"1223\">Tipo di componente:<\/strong> Gomma angolare\/paraurti<\/p>\n<\/li>\n<li class=\"\" data-start=\"1249\" data-end=\"1308\">\n<p class=\"\" data-start=\"1251\" data-end=\"1308\"><strong data-start=\"1251\" data-end=\"1265\">Condizioni:<\/strong> Usato, testato e in ottime condizioni<\/p>\n<\/li>\n<li class=\"\" data-start=\"1309\" data-end=\"1349\">\n<p class=\"\" data-start=\"1311\" data-end=\"1349\"><strong data-start=\"1311\" data-end=\"1322\">Origine:<\/strong> Ricambio originale per laptop DELL<\/p>\n<\/li>\n<li class=\"\" data-start=\"1350\" data-end=\"1408\">\n<p class=\"\" data-start=\"1352\" data-end=\"1408\"><strong data-start=\"1352\" data-end=\"1363\">Foto:<\/strong> Immagini reali: quello che vedi \u00e8 quello che ottieni<\/p>\n<\/li>\n<li class=\"\" data-start=\"1409\" data-end=\"1533\">\n<p class=\"\" data-start=\"1411\" data-end=\"1533\"><strong data-start=\"1411\" data-end=\"1423\">Assistenza:<\/strong> Non forniamo istruzioni per la sostituzione, ma non esitate a contattarci se avete bisogno di aiuto per identificare il componente<\/p>\n<\/li>\n<\/ul>\n<p class=\"\" data-start=\"1535\" data-end=\"1747\">Questo annuncio fa parte della nostra collezione verificata di <strong data-start=\"1572\" data-end=\"1588\">ricambi per laptop<\/strong> su <strong data-start=\"1603\" data-end=\"1617\">siggmo.com<\/strong>, spedito dall\u2019Europa con cura. Che tu stia acquistando localmente o all\u2019estero, garantiamo spedizioni rapide e imballaggi affidabili.<\/p>\n","protected":false},"excerpt":{"rendered":"<p>Paracolpi in gomma originali per DELL Latitude Rugged E7204. Perfetti per sostituire i paracolpi in gomma usurati o danneggiati. Ideali per ripristinare protezione e stabilit\u00e0 al tuo laptop rugged.<\/p>\n","protected":false},"featured_media":21264,"template":"","meta":[],"product_brand":[],"product_cat":[17],"product_tag":[18],"class_list":{"0":"post-21206","1":"product","2":"type-product","3":"status-publish","4":"has-post-thumbnail","6":"product_cat-laptop-housing","7":"product_tag-dell","9":"first","10":"instock","11":"taxable","12":"shipping-taxable","13":"purchasable","14":"product-type-simple"},"_links":{"self":[{"href":"https:\/\/boreait.com\/it\/wp-json\/wp\/v2\/product\/21206","targetHints":{"allow":["GET"]}}],"collection":[{"href":"https:\/\/boreait.com\/it\/wp-json\/wp\/v2\/product"}],"about":[{"href":"https:\/\/boreait.com\/it\/wp-json\/wp\/v2\/types\/product"}],"wp:featuredmedia":[{"embeddable":true,"href":"https:\/\/boreait.com\/it\/wp-json\/wp\/v2\/media\/21264"}],"wp:attachment":[{"href":"https:\/\/boreait.com\/it\/wp-json\/wp\/v2\/media?parent=21206"}],"wp:term":[{"taxonomy":"product_brand","embeddable":true,"href":"https:\/\/boreait.com\/it\/wp-json\/wp\/v2\/product_brand?post=21206"},{"taxonomy":"product_cat","embeddable":true,"href":"https:\/\/boreait.com\/it\/wp-json\/wp\/v2\/product_cat?post=21206"},{"taxonomy":"product_tag","embeddable":true,"href":"https:\/\/boreait.com\/it\/wp-json\/wp\/v2\/product_tag?post=21206"}],"curies":[{"name":"wp","href":"https:\/\/api.w.org\/{rel}","templated":true}]}}