{"id":21204,"date":"2025-07-25T13:59:16","date_gmt":"2025-07-25T13:59:16","guid":{"rendered":"https:\/\/boreait.com\/it\/?post_type=product&#038;p=21204"},"modified":"2025-07-25T14:00:14","modified_gmt":"2025-07-25T14:00:14","slug":"sostituzione-della-copertura-della-porta-com-per-dell-latitude-rugged-e7204-parti-di-ricambio-per-laptop-di-alta-qualita-compatibile-con-oem","status":"publish","type":"product","link":"https:\/\/boreait.com\/it\/product\/sostituzione-della-copertura-della-porta-com-per-dell-latitude-rugged-e7204-parti-di-ricambio-per-laptop-di-alta-qualita-compatibile-con-oem\/","title":{"rendered":"Sostituzione della copertura della porta COM per DELL Latitude Rugged E7204 | Parti di ricambio per laptop di alta qualit\u00e0 | Compatibile con OEM"},"content":{"rendered":"<p class=\"\" data-start=\"557\" data-end=\"807\">Ripristina la funzionalit\u00e0 e l\u2019aspetto del tuo DELL Latitude Rugged E7204 con questa <strong data-start=\"643\" data-end=\"673\">copertura sostitutiva della porta COM<\/strong>. Che tu stia sostituendo una cover rotta o aggiornando il tuo laptop, questo <strong data-start=\"746\" data-end=\"769\">componente compatibile con gli OEM<\/strong> garantisce una vestibilit\u00e0 perfetta e una lunga durata.<\/p>\n<p class=\"\" data-start=\"809\" data-end=\"829\"><strong data-start=\"809\" data-end=\"828\">Dettagli del prodotto<\/strong>:<\/p>\n<ul data-start=\"830\" data-end=\"1117\">\n<li class=\"\" data-start=\"830\" data-end=\"880\">\n<p class=\"\" data-start=\"832\" data-end=\"880\"><strong data-start=\"832\" data-end=\"852\">Modello compatibile<\/strong>: DELL Latitude Rugged E7204<\/p>\n<\/li>\n<li class=\"\" data-start=\"881\" data-end=\"912\">\n<p class=\"\" data-start=\"883\" data-end=\"912\"><strong data-start=\"883\" data-end=\"896\">Tipo di componente<\/strong>: Copertura porta COM<\/p>\n<\/li>\n<li class=\"\" data-start=\"913\" data-end=\"956\">\n<p class=\"\" data-start=\"915\" data-end=\"956\"><strong data-start=\"915\" data-end=\"928\">Condizioni<\/strong>: Nuovo di zecca, ricambio OEM<\/p>\n<\/li>\n<li class=\"\" data-start=\"957\" data-end=\"1026\">\n<p class=\"\" data-start=\"959\" data-end=\"1026\"><strong data-start=\"959\" data-end=\"971\">Materiale<\/strong>: Plastica resistente e di alta qualit\u00e0, progettata per resistere a urti e polvere Utilizzo<\/p>\n<\/li>\n<li class=\"\" data-start=\"1027\" data-end=\"1117\">\n<p class=\"\" data-start=\"1029\" data-end=\"1117\"><strong data-start=\"1029\" data-end=\"1041\">Posizione<\/strong>: Chiude saldamente la porta COM per proteggere il laptop da polvere e detriti<\/p>\n<\/li>\n<\/ul>\n<p class=\"\" data-start=\"1119\" data-end=\"1358\">Questo <strong data-start=\"1124\" data-end=\"1139\">componente per laptop<\/strong> \u00e8 ideale per preservare l\u2019integrit\u00e0 del dispositivo, offrendo la vestibilit\u00e0 e le funzionalit\u00e0 di cui hai bisogno. Le foto mostrate si riferiscono al componente che riceverete, garantendo trasparenza e sicurezza nel vostro acquisto.<\/p>\n<p class=\"\" data-start=\"1360\" data-end=\"1543\"><strong data-start=\"1360\" data-end=\"1368\">Nota<\/strong>: Sebbene questo articolo non sia fornito di istruzioni, il nostro team \u00e8 disponibile per assistervi durante l\u2019installazione. Non esitate a contattarci per qualsiasi domanda!<\/p>\n<p class=\"\" data-start=\"1545\" data-end=\"1753\">Perfetto per riparazioni, aggiornamenti o per mantenere il vostro DELL Latitude E7204 in perfette condizioni, questo componente \u00e8 un ricambio essenziale per qualsiasi kit di riparazione per laptop. Non perdetevi l\u2019opportunit\u00e0 di acquistare i migliori ricambi per laptop disponibili!<\/p>\n","protected":false},"excerpt":{"rendered":"<p>Sostituisci la cover della porta COM danneggiata o mancante con questo componente di alta qualit\u00e0, compatibile con gli OEM, per il tuo DELL Latitude Rugged E7204. Perfetto per ripristinare la funzionalit\u00e0 del tuo laptop e garantire una tenuta aderente e sicura. Foto reali del componente esatto che riceverai!<\/p>\n","protected":false},"featured_media":21262,"template":"","meta":[],"product_brand":[],"product_cat":[17],"product_tag":[18],"class_list":{"0":"post-21204","1":"product","2":"type-product","3":"status-publish","4":"has-post-thumbnail","6":"product_cat-laptop-housing","7":"product_tag-dell","9":"first","10":"instock","11":"taxable","12":"shipping-taxable","13":"purchasable","14":"product-type-simple"},"_links":{"self":[{"href":"https:\/\/boreait.com\/it\/wp-json\/wp\/v2\/product\/21204","targetHints":{"allow":["GET"]}}],"collection":[{"href":"https:\/\/boreait.com\/it\/wp-json\/wp\/v2\/product"}],"about":[{"href":"https:\/\/boreait.com\/it\/wp-json\/wp\/v2\/types\/product"}],"wp:featuredmedia":[{"embeddable":true,"href":"https:\/\/boreait.com\/it\/wp-json\/wp\/v2\/media\/21262"}],"wp:attachment":[{"href":"https:\/\/boreait.com\/it\/wp-json\/wp\/v2\/media?parent=21204"}],"wp:term":[{"taxonomy":"product_brand","embeddable":true,"href":"https:\/\/boreait.com\/it\/wp-json\/wp\/v2\/product_brand?post=21204"},{"taxonomy":"product_cat","embeddable":true,"href":"https:\/\/boreait.com\/it\/wp-json\/wp\/v2\/product_cat?post=21204"},{"taxonomy":"product_tag","embeddable":true,"href":"https:\/\/boreait.com\/it\/wp-json\/wp\/v2\/product_tag?post=21204"}],"curies":[{"name":"wp","href":"https:\/\/api.w.org\/{rel}","templated":true}]}}