{"id":21202,"date":"2025-07-25T13:59:16","date_gmt":"2025-07-25T13:59:16","guid":{"rendered":"https:\/\/boreait.com\/it\/?post_type=product&#038;p=21202"},"modified":"2025-07-25T14:00:00","modified_gmt":"2025-07-25T14:00:00","slug":"scheda-pulsante-di-accensione-jpwr1-per-dell-latitude-rugged-e7204-componenti-per-laptop","status":"publish","type":"product","link":"https:\/\/boreait.com\/it\/product\/scheda-pulsante-di-accensione-jpwr1-per-dell-latitude-rugged-e7204-componenti-per-laptop\/","title":{"rendered":"Scheda pulsante di accensione JPWR1 per DELL Latitude Rugged E7204 | Componenti per laptop"},"content":{"rendered":"<p class=\"\" data-start=\"728\" data-end=\"994\">Ripristina il tuo Dell Latitude Rugged E7204 con questa <strong data-start=\"787\" data-end=\"815\">scheda pulsante di accensione JPWR1<\/strong> originale, il componente essenziale responsabile dell\u2019accensione del dispositivo. Se il tuo laptop non si accende o il pulsante di accensione non risponde, sostituire questa scheda potrebbe essere la soluzione che fa per te.<\/p>\n<p class=\"\" data-start=\"996\" data-end=\"1183\">Questo \u00e8 un <strong data-start=\"1006\" data-end=\"1034\">ricambio originale Dell<\/strong>, accuratamente rimosso e testato. \u00c8 ideale per tecnici riparatori, ricondizionatori o utenti fai da te che desiderano riportare in vita il loro robusto Dell E7204.<\/p>\n<p class=\"\" data-start=\"1185\" data-end=\"1209\">\ud83d\udd27 <strong data-start=\"1188\" data-end=\"1209\">Caratteristiche del prodotto:<\/strong><\/p>\n<ul data-start=\"1210\" data-end=\"1457\">\n<li class=\"\" data-start=\"1210\" data-end=\"1258\">\n<p class=\"\" data-start=\"1212\" data-end=\"1258\">Compatibile con <strong data-start=\"1228\" data-end=\"1258\">Dell Latitude Rugged E7204<\/strong><\/p>\n<\/li>\n<li class=\"\" data-start=\"1259\" data-end=\"1282\">\n<p class=\"\" data-start=\"1261\" data-end=\"1282\">Modello\/Componente: <strong data-start=\"1273\" data-end=\"1282\">JPWR1<\/strong><\/p>\n<\/li>\n<li class=\"\" data-start=\"1283\" data-end=\"1317\">\n<p class=\"\" data-start=\"1285\" data-end=\"1317\">Funzione: <strong data-start=\"1295\" data-end=\"1317\">Scheda del pulsante di accensione<\/strong><\/p>\n<\/li>\n<li class=\"\" data-start=\"1318\" data-end=\"1343\">\n<p class=\"\" data-start=\"1320\" data-end=\"1343\">Componente originale Dell<\/p>\n<\/li>\n<li class=\"\" data-start=\"1344\" data-end=\"1385\">\n<p class=\"\" data-start=\"1346\" data-end=\"1385\">Ispezionato e perfettamente funzionante<\/p>\n<\/li>\n<li class=\"\" data-start=\"1386\" data-end=\"1457\">\n<p class=\"\" data-start=\"1388\" data-end=\"1457\"><strong data-start=\"1388\" data-end=\"1411\">Foto reali del prodotto<\/strong>: ci\u00f2 che vedi \u00e8 esattamente ci\u00f2 che riceverai<\/p>\n<\/li>\n<\/ul>\n<p class=\"\" data-start=\"1459\" data-end=\"1591\">\ud83d\udca1 <strong data-start=\"1462\" data-end=\"1471\">Nota:<\/strong> non forniamo istruzioni di installazione, ma non esitate a contattarci se ne avete Domande? Siamo lieti di assistervi.<\/p>\n<p class=\"\" data-start=\"1593\" data-end=\"1708\">\ud83c\udf0d Spedizioni dall\u2019Europa con consegna in tutto il mondo disponibile. Fornitore affidabile di <strong data-start=\"1666\" data-end=\"1682\">componenti per laptop<\/strong> in tutta l\u2019UE e oltre.<\/p>\n","protected":false},"excerpt":{"rendered":"<p class=\"\" data-start=\"520\" data-end=\"677\">Scheda pulsante di accensione JPWR1 originale per Dell Latitude Rugged E7204. Perfetta per risolvere problemi di alimentazione. Foto reali del prodotto: quello che vedi \u00e8 quello che ricevi!<\/p>\n","protected":false},"featured_media":21246,"template":"","meta":[],"product_brand":[],"product_cat":[28],"product_tag":[18],"class_list":{"0":"post-21202","1":"product","2":"type-product","3":"status-publish","4":"has-post-thumbnail","6":"product_cat-motherboards-board-parts","7":"product_tag-dell","9":"first","10":"instock","11":"taxable","12":"shipping-taxable","13":"purchasable","14":"product-type-simple"},"_links":{"self":[{"href":"https:\/\/boreait.com\/it\/wp-json\/wp\/v2\/product\/21202","targetHints":{"allow":["GET"]}}],"collection":[{"href":"https:\/\/boreait.com\/it\/wp-json\/wp\/v2\/product"}],"about":[{"href":"https:\/\/boreait.com\/it\/wp-json\/wp\/v2\/types\/product"}],"wp:featuredmedia":[{"embeddable":true,"href":"https:\/\/boreait.com\/it\/wp-json\/wp\/v2\/media\/21246"}],"wp:attachment":[{"href":"https:\/\/boreait.com\/it\/wp-json\/wp\/v2\/media?parent=21202"}],"wp:term":[{"taxonomy":"product_brand","embeddable":true,"href":"https:\/\/boreait.com\/it\/wp-json\/wp\/v2\/product_brand?post=21202"},{"taxonomy":"product_cat","embeddable":true,"href":"https:\/\/boreait.com\/it\/wp-json\/wp\/v2\/product_cat?post=21202"},{"taxonomy":"product_tag","embeddable":true,"href":"https:\/\/boreait.com\/it\/wp-json\/wp\/v2\/product_tag?post=21202"}],"curies":[{"name":"wp","href":"https:\/\/api.w.org\/{rel}","templated":true}]}}