{"id":21191,"date":"2025-07-25T13:58:53","date_gmt":"2025-07-25T13:58:53","guid":{"rendered":"https:\/\/boreait.com\/it\/?post_type=product&#038;p=21191"},"modified":"2025-07-25T13:59:57","modified_gmt":"2025-07-25T13:59:57","slug":"scheda-led-dell-latitude-rugged-e7204-ricambio-originale-per-laptop-spedizione-rapida","status":"publish","type":"product","link":"https:\/\/boreait.com\/it\/product\/scheda-led-dell-latitude-rugged-e7204-ricambio-originale-per-laptop-spedizione-rapida\/","title":{"rendered":"Scheda LED DELL Latitude Rugged E7204 \u2013 Ricambio originale per laptop \u2013 Spedizione rapida"},"content":{"rendered":"<p class=\"\" data-start=\"548\" data-end=\"631\"><strong data-start=\"548\" data-end=\"631\">Scheda LED originale per DELL Latitude Rugged E7204 \u2013 Ricambio di qualit\u00e0 per laptop da SIGGMO<\/strong><\/p>\n<p class=\"\" data-start=\"633\" data-end=\"864\">Cerchi una scheda LED sostitutiva affidabile per il tuo DELL Latitude Rugged E7204? Si tratta di un componente originale e testato, estratto da un\u2019unit\u00e0 funzionante, perfetto per la riparazione professionale di laptop o per ripristinare il dispositivo alle condizioni originali.<\/p>\n<p class=\"\" data-start=\"866\" data-end=\"1121\">Questa scheda LED \u00e8 perfettamente funzionante ed \u00e8 ideale per chi ha bisogno di un ricambio di alta qualit\u00e0 per il proprio laptop, senza dover fare congetture. Come sempre, ci\u00f2 che vedi nelle foto \u00e8 esattamente ci\u00f2 che riceverai. Tutte le immagini sono reali e mostrano la scheda madre effettiva per la massima trasparenza.<\/p>\n<p class=\"\" data-start=\"1123\" data-end=\"1147\">\ud83d\udccc <strong data-start=\"1126\" data-end=\"1146\">Caratteristiche del prodotto<\/strong>:<\/p>\n<ul data-start=\"1148\" data-end=\"1339\">\n<li class=\"\" data-start=\"1148\" data-end=\"1197\">\n<p class=\"\" data-start=\"1150\" data-end=\"1197\">Compatibile con: <strong data-start=\"1167\" data-end=\"1197\">DELL Latitude Rugged E7204<\/strong><\/p>\n<\/li>\n<li class=\"\" data-start=\"1198\" data-end=\"1219\">\n<p class=\"\" data-start=\"1200\" data-end=\"1219\">Tipo: <strong data-start=\"1206\" data-end=\"1219\">Scheda LED<\/strong><\/p>\n<\/li>\n<li class=\"\" data-start=\"1220\" data-end=\"1266\">\n<p class=\"\" data-start=\"1222\" data-end=\"1266\">Componente originale DELL, non un sostituto generico<\/p>\n<\/li>\n<li class=\"\" data-start=\"1267\" data-end=\"1297\">\n<p class=\"\" data-start=\"1269\" data-end=\"1297\">Testato e funzionante<\/p>\n<\/li>\n<li class=\"\" data-start=\"1298\" data-end=\"1339\">\n<p class=\"\" data-start=\"1300\" data-end=\"1339\">Rimosso con cura da un portatile funzionante<\/p>\n<\/li>\n<\/ul>\n<p class=\"\" data-start=\"1341\" data-end=\"1477\">\ud83d\udce6 <strong data-start=\"1344\" data-end=\"1356\">Spedizione<\/strong>:<br data-start=\"1357\" data-end=\"1360\" \/>Spediamo rapidamente dall\u2019Europa e consegniamo in tutto il mondo. Se ti trovi nell\u2019UE o nelle regioni limitrofe, aspettati tempi di consegna rapidi.<\/p>\n<p class=\"\" data-start=\"1479\" data-end=\"1639\">\ud83d\udcac <strong data-start=\"1482\" data-end=\"1496\">Hai bisogno di aiuto?<\/strong><br data-start=\"1496\" data-end=\"1499\" \/>Non forniamo istruzioni di installazione, ma se hai domande prima o dopo l\u2019acquisto, non esitare a contattarci: saremo lieti di aiutarti!<\/p>\n","protected":false},"excerpt":{"rendered":"<p>Scheda LED originale per DELL Latitude Rugged E7204. Ricambio originale e testato, ideale per riparazioni o sostituzioni. Spedizione rapida dall&#8217;Europa.<\/p>\n","protected":false},"featured_media":21245,"template":"","meta":[],"product_brand":[],"product_cat":[28],"product_tag":[18],"class_list":{"0":"post-21191","1":"product","2":"type-product","3":"status-publish","4":"has-post-thumbnail","6":"product_cat-motherboards-board-parts","7":"product_tag-dell","9":"first","10":"instock","11":"taxable","12":"shipping-taxable","13":"purchasable","14":"product-type-simple"},"_links":{"self":[{"href":"https:\/\/boreait.com\/it\/wp-json\/wp\/v2\/product\/21191","targetHints":{"allow":["GET"]}}],"collection":[{"href":"https:\/\/boreait.com\/it\/wp-json\/wp\/v2\/product"}],"about":[{"href":"https:\/\/boreait.com\/it\/wp-json\/wp\/v2\/types\/product"}],"wp:featuredmedia":[{"embeddable":true,"href":"https:\/\/boreait.com\/it\/wp-json\/wp\/v2\/media\/21245"}],"wp:attachment":[{"href":"https:\/\/boreait.com\/it\/wp-json\/wp\/v2\/media?parent=21191"}],"wp:term":[{"taxonomy":"product_brand","embeddable":true,"href":"https:\/\/boreait.com\/it\/wp-json\/wp\/v2\/product_brand?post=21191"},{"taxonomy":"product_cat","embeddable":true,"href":"https:\/\/boreait.com\/it\/wp-json\/wp\/v2\/product_cat?post=21191"},{"taxonomy":"product_tag","embeddable":true,"href":"https:\/\/boreait.com\/it\/wp-json\/wp\/v2\/product_tag?post=21191"}],"curies":[{"name":"wp","href":"https:\/\/api.w.org\/{rel}","templated":true}]}}