{"id":21189,"date":"2025-07-25T13:58:52","date_gmt":"2025-07-25T13:58:52","guid":{"rendered":"https:\/\/boreait.com\/it\/?post_type=product&#038;p=21189"},"modified":"2025-07-25T13:59:54","modified_gmt":"2025-07-25T13:59:54","slug":"cavo-microfono-originale-per-laptop-robusto-dell-latitude-7212-0801-6dq3e00","status":"publish","type":"product","link":"https:\/\/boreait.com\/it\/product\/cavo-microfono-originale-per-laptop-robusto-dell-latitude-7212-0801-6dq3e00\/","title":{"rendered":"Cavo microfono originale per laptop robusto Dell Latitude 7212 0801-6DQ3E00"},"content":{"rendered":"<p class=\"\" data-start=\"605\" data-end=\"808\">Aggiorna il tuo laptop Dell Latitude 7212 Rugged con questo <strong data-start=\"661\" data-end=\"713\">cavo microfono originale (codice articolo 0801-6DQ3E00)<\/strong>, un componente essenziale per mantenere le prestazioni e la funzionalit\u00e0 audio in ambienti difficili.<\/p>\n<p class=\"\" data-start=\"810\" data-end=\"1064\">Questo <strong data-start=\"815\" data-end=\"838\">ricambio Dell autentico<\/strong> \u00e8 ideale per riparazioni o sostituzioni quando il microfono interno non funziona o il cavo esistente \u00e8 danneggiato. \u00c8 progettato specificamente per la serie Latitude 7212 Rugged, garantendo una vestibilit\u00e0 perfetta e una piena compatibilit\u00e0.<\/p>\n<p class=\"\" data-start=\"1066\" data-end=\"1088\">\u2714 <strong data-start=\"1068\" data-end=\"1087\">Dettagli del prodotto<\/strong>:<\/p>\n<ul data-start=\"1089\" data-end=\"1320\">\n<li class=\"\" data-start=\"1089\" data-end=\"1138\">\n<p class=\"\" data-start=\"1091\" data-end=\"1138\"><strong data-start=\"1091\" data-end=\"1111\">Modello compatibile<\/strong>: Dell Latitude 7212 Rugged<\/p>\n<\/li>\n<li class=\"\" data-start=\"1139\" data-end=\"1170\">\n<p class=\"\" data-start=\"1141\" data-end=\"1170\"><strong data-start=\"1141\" data-end=\"1156\">Codice articolo<\/strong>: 0801-6DQ3E00<\/p>\n<\/li>\n<li class=\"\" data-start=\"1171\" data-end=\"1208\">\n<p class=\"\" data-start=\"1173\" data-end=\"1208\"><strong data-start=\"1173\" data-end=\"1181\">Tipo<\/strong>: Cavo microfono interno<\/p>\n<\/li>\n<li class=\"\" data-start=\"1209\" data-end=\"1263\">\n<p class=\"\" data-start=\"1211\" data-end=\"1263\"><strong data-start=\"1211\" data-end=\"1224\">Condizioni<\/strong>: Usato, completamente testato, perfettamente funzionante<\/p>\n<\/li>\n<li class=\"\" data-start=\"1264\" data-end=\"1320\">\n<p class=\"\" data-start=\"1266\" data-end=\"1320\"><strong data-start=\"1266\" data-end=\"1278\">Categoria<\/strong>: Componenti per laptop \/ Componenti audio interni<\/p>\n<\/li>\n<\/ul>\n<p class=\"\" data-start=\"1322\" data-end=\"1540\">Le foto in questo annuncio sono <strong data-start=\"1353\" data-end=\"1386\">immagini reali dell\u2019articolo esatto<\/strong> che riceverete, non foto di repertorio generiche! Non includiamo istruzioni di installazione, ma non esitate a contattarci se avete bisogno di aiuto o consigli.<\/p>\n<p class=\"\" data-start=\"1542\" data-end=\"1698\">\ud83d\udca1 Che siate tecnici riparatori o appassionati del fai da te, questo componente \u00e8 una soluzione affidabile per ripristinare la funzionalit\u00e0 dell\u2019ingresso audio del vostro sistema Dell rugged.<\/p>\n<p class=\"\" data-start=\"1700\" data-end=\"1842\">Spediamo rapidamente in tutta Europa e nel mondo. Ripristinate il vostro laptop rugged in tutta sicurezza utilizzando <strong data-start=\"1809\" data-end=\"1825\">ricambi per laptop<\/strong> originali e affidabili di Siggmo.com.<\/p>\n","protected":false},"excerpt":{"rendered":"<p>Cavo microfono originale Dell per laptop Latitude 7212 Rugged. Testato e pronto per l&#8217;installazione. Foto reali, spedizione in tutto il mondo.<\/p>\n","protected":false},"featured_media":21243,"template":"","meta":[],"product_brand":[],"product_cat":[24],"product_tag":[18],"class_list":{"0":"post-21189","1":"product","2":"type-product","3":"status-publish","4":"has-post-thumbnail","6":"product_cat-laptop-camera","7":"product_tag-dell","9":"first","10":"instock","11":"taxable","12":"shipping-taxable","13":"purchasable","14":"product-type-simple"},"_links":{"self":[{"href":"https:\/\/boreait.com\/it\/wp-json\/wp\/v2\/product\/21189","targetHints":{"allow":["GET"]}}],"collection":[{"href":"https:\/\/boreait.com\/it\/wp-json\/wp\/v2\/product"}],"about":[{"href":"https:\/\/boreait.com\/it\/wp-json\/wp\/v2\/types\/product"}],"wp:featuredmedia":[{"embeddable":true,"href":"https:\/\/boreait.com\/it\/wp-json\/wp\/v2\/media\/21243"}],"wp:attachment":[{"href":"https:\/\/boreait.com\/it\/wp-json\/wp\/v2\/media?parent=21189"}],"wp:term":[{"taxonomy":"product_brand","embeddable":true,"href":"https:\/\/boreait.com\/it\/wp-json\/wp\/v2\/product_brand?post=21189"},{"taxonomy":"product_cat","embeddable":true,"href":"https:\/\/boreait.com\/it\/wp-json\/wp\/v2\/product_cat?post=21189"},{"taxonomy":"product_tag","embeddable":true,"href":"https:\/\/boreait.com\/it\/wp-json\/wp\/v2\/product_tag?post=21189"}],"curies":[{"name":"wp","href":"https:\/\/api.w.org\/{rel}","templated":true}]}}