{"id":21186,"date":"2025-07-25T13:58:52","date_gmt":"2025-07-25T13:58:52","guid":{"rendered":"https:\/\/boreait.com\/it\/?post_type=product&#038;p=21186"},"modified":"2025-07-25T13:59:51","modified_gmt":"2025-07-25T13:59:51","slug":"scheda-pulsante-di-accensione-per-tablet-dell-latitude-12-rugged-7202-ricambio-originale-per-laptop","status":"publish","type":"product","link":"https:\/\/boreait.com\/it\/product\/scheda-pulsante-di-accensione-per-tablet-dell-latitude-12-rugged-7202-ricambio-originale-per-laptop\/","title":{"rendered":"Scheda pulsante di accensione per tablet Dell Latitude 12 Rugged 7202 \u2013 Ricambio originale per laptop"},"content":{"rendered":"<p class=\"\" data-start=\"555\" data-end=\"841\">Questa \u00e8 una <strong data-start=\"565\" data-end=\"631\">scheda pulsante di accensione originale per Dell Latitude 12 Rugged Tablet 7202<\/strong>, ideale per riparare o ripristinare la funzionalit\u00e0 del tuo dispositivo rugged. Se il tuo tablet non si accende pi\u00f9 a causa di un pulsante difettoso o di un input che non risponde, questo <strong data-start=\"789\" data-end=\"816\">ricambio per laptop<\/strong> \u00e8 la soluzione perfetta.<\/p>\n<p class=\"\" data-start=\"843\" data-end=\"1043\">Vendiamo solo ricambi originali e le foto che vedi sono esattamente ci\u00f2 che riceverai: <strong data-start=\"925\" data-end=\"958\">nessuna immagine di repertorio, nessuna sorpresa<\/strong>. Questa scheda del pulsante di accensione \u00e8 stata attentamente ispezionata ed \u00e8 pronta per l\u2019installazione.<\/p>\n<p class=\"\" data-start=\"1045\" data-end=\"1238\">Nota: non forniamo istruzioni di installazione, ma se hai bisogno di aiuto o hai domande sulla compatibilit\u00e0 o sull\u2019installazione, non esitare a <strong data-start=\"1192\" data-end=\"1215\">inviarci un messaggio direttamente<\/strong>: saremo lieti di aiutarti.<\/p>\n<p class=\"\" data-start=\"1240\" data-end=\"1259\">\ud83d\udd27 <strong data-start=\"1243\" data-end=\"1259\">Dettagli chiave:<\/strong><\/p>\n<ul data-start=\"1260\" data-end=\"1502\">\n<li class=\"\" data-start=\"1260\" data-end=\"1317\">\n<p class=\"\" data-start=\"1262\" data-end=\"1317\">Compatibile con <strong data-start=\"1278\" data-end=\"1317\">Dell Latitude 12 Rugged Tablet 7202<\/strong><\/p>\n<\/li>\n<li class=\"\" data-start=\"1318\" data-end=\"1378\">\n<p class=\"\" data-start=\"1320\" data-end=\"1378\">Scheda del pulsante di accensione originale, non un ricambio di terze parti<\/p>\n<\/li>\n<li class=\"\" data-start=\"1379\" data-end=\"1418\">\n<p class=\"\" data-start=\"1381\" data-end=\"1418\">Ideale per risolvere problemi di alimentazione<\/p>\n<\/li>\n<li class=\"\" data-start=\"1419\" data-end=\"1448\">\n<p class=\"\" data-start=\"1421\" data-end=\"1448\">Spedito in tutto il mondo dall\u2019Europa<\/p>\n<\/li>\n<li class=\"\" data-start=\"1449\" data-end=\"1502\">\n<p class=\"\" data-start=\"1451\" data-end=\"1502\">Foto reali usate \u2013 <strong data-start=\"1470\" data-end=\"1502\">ci\u00f2 che vedi \u00e8 ci\u00f2 che ottieni<\/strong><\/p>\n<\/li>\n<\/ul>\n<p class=\"\" data-start=\"1504\" data-end=\"1719\">Questo \u00e8 un <strong data-start=\"1527\" data-end=\"1542\">ricambio per laptop<\/strong> di alta qualit\u00e0, ideale per professionisti e appassionati di riparazioni fai da te. Che tu stia ristrutturando un\u2019unit\u00e0 per rivenderla o prolungando la vita del tuo dispositivo personale, questo ricambio \u00e8 una scelta affidabile.<\/p>\n","protected":false},"excerpt":{"rendered":"<p class=\"\" data-start=\"402\" data-end=\"502\">Scheda pulsante di accensione originale per Dell Latitude 12 Rugged Tablet 7202. Foto reali. Spedizione in tutto il mondo.<\/p>\n","protected":false},"featured_media":21240,"template":"","meta":[],"product_brand":[],"product_cat":[28],"product_tag":[18],"class_list":{"0":"post-21186","1":"product","2":"type-product","3":"status-publish","4":"has-post-thumbnail","6":"product_cat-motherboards-board-parts","7":"product_tag-dell","9":"first","10":"instock","11":"taxable","12":"shipping-taxable","13":"purchasable","14":"product-type-simple"},"_links":{"self":[{"href":"https:\/\/boreait.com\/it\/wp-json\/wp\/v2\/product\/21186","targetHints":{"allow":["GET"]}}],"collection":[{"href":"https:\/\/boreait.com\/it\/wp-json\/wp\/v2\/product"}],"about":[{"href":"https:\/\/boreait.com\/it\/wp-json\/wp\/v2\/types\/product"}],"wp:featuredmedia":[{"embeddable":true,"href":"https:\/\/boreait.com\/it\/wp-json\/wp\/v2\/media\/21240"}],"wp:attachment":[{"href":"https:\/\/boreait.com\/it\/wp-json\/wp\/v2\/media?parent=21186"}],"wp:term":[{"taxonomy":"product_brand","embeddable":true,"href":"https:\/\/boreait.com\/it\/wp-json\/wp\/v2\/product_brand?post=21186"},{"taxonomy":"product_cat","embeddable":true,"href":"https:\/\/boreait.com\/it\/wp-json\/wp\/v2\/product_cat?post=21186"},{"taxonomy":"product_tag","embeddable":true,"href":"https:\/\/boreait.com\/it\/wp-json\/wp\/v2\/product_tag?post=21186"}],"curies":[{"name":"wp","href":"https:\/\/api.w.org\/{rel}","templated":true}]}}