{"id":21173,"date":"2025-07-25T13:58:28","date_gmt":"2025-07-25T13:58:28","guid":{"rendered":"https:\/\/boreait.com\/it\/?post_type=product&#038;p=21173"},"modified":"2025-07-25T13:59:38","modified_gmt":"2025-07-25T13:59:38","slug":"lenovo-ideapad-300-15isk-80q7-unita-dvd-rw-su-228-ricambio-originale-per-laptop","status":"publish","type":"product","link":"https:\/\/boreait.com\/it\/product\/lenovo-ideapad-300-15isk-80q7-unita-dvd-rw-su-228-ricambio-originale-per-laptop\/","title":{"rendered":"Lenovo IdeaPad 300-15ISK 80Q7 Unit\u00e0 DVD RW SU-228 \u2013 Ricambio originale per laptop"},"content":{"rendered":"<p class=\"\" data-start=\"743\" data-end=\"1019\">Cerchi di sostituire la tua <strong data-start=\"767\" data-end=\"780\">unit\u00e0 DVD<\/strong> con il <strong data-start=\"789\" data-end=\"824\">Lenovo IdeaPad 300-15ISK (80Q7)<\/strong>? Questa <strong data-start=\"831\" data-end=\"882\">unit\u00e0 DVD multi-rewriter originale Lenovo SU-228<\/strong> \u00e8 la soluzione perfetta. Che tu stia masterizzando dischi, guardando DVD o installando software, questa unit\u00e0 garantisce prestazioni affidabili. La cornice in plastica non \u00e8 inclusa.<\/p>\n<h4 class=\"\" data-start=\"1021\" data-end=\"1045\"><strong data-start=\"1026\" data-end=\"1043\">Caratteristiche principali:<\/strong><\/h4>\n<p class=\"\" data-start=\"1046\" data-end=\"1343\">\u2714 <strong data-start=\"1048\" data-end=\"1071\">Ricambio originale Lenovo<\/strong> \u2013 Sostituzione diretta dell\u2019unit\u00e0 originale.<br data-start=\"1116\" data-end=\"1119\" \/>\u2714 <strong data-start=\"1121\" data-end=\"1150\">Lettura e Capacit\u00e0 di scrittura: supporta CD-R, CD-RW, DVD-R, DVD+R e altro ancora.<br data-start=\"1198\" data-end=\"1201\" \/>\u2714 <strong data-start=\"1203\" data-end=\"1231\">Plug & Installazione di Play<\/strong> \u2013 Non \u00e8 richiesto alcun software aggiuntivo.<br data-start=\"1266\" data-end=\"1269\" \/>\u2714 <strong data-start=\"1271\" data-end=\"1295\">Foto reali fornite<\/strong> \u2013 Il prodotto che vedi \u00e8 quello che ricevi.<\/p>\n<h4 class=\"\" data-start=\"1345\" data-end=\"1370\"><strong data-start=\"1350\" data-end=\"1368\">Compatibilit\u00e0:<\/strong><\/h4>\n<ul data-start=\"1371\" data-end=\"1529\">\n<li class=\"\" data-start=\"1371\" data-end=\"1424\">\n<p class=\"\" data-start=\"1373\" data-end=\"1424\">Progettato per <strong data-start=\"1386\" data-end=\"1421\">Lenovo IdeaPad 300-15ISK (80Q7)<\/strong>.<\/p>\n<\/li>\n<li class=\"\" data-start=\"1425\" data-end=\"1529\">\n<p class=\"\" data-start=\"1427\" data-end=\"1529\">Pu\u00f2 essere compatibile con altri modelli Lenovo con lo stesso tipo di unit\u00e0 (verificare la compatibilit\u00e0 prima dell\u2019acquisto).<\/p>\n<\/li>\n<\/ul>\n<p class=\"\" data-start=\"1531\" data-end=\"1649\">\ud83d\udd27 <strong data-start=\"1534\" data-end=\"1548\">Hai bisogno di aiuto?<\/strong> Non forniamo istruzioni di installazione, ma non esitare a contattarci per qualsiasi domanda!<\/p>\n<p class=\"\" data-start=\"1651\" data-end=\"1741\">\ud83d\udce6 <strong data-start=\"1654\" data-end=\"1686\">Spedizione disponibile in tutto il mondo<\/strong> \u2013 L\u2019imballaggio sicuro garantisce che il tuo pezzo arrivi a destinazione in tutta sicurezza.<\/p>\n","protected":false},"excerpt":{"rendered":"<p>Aggiorna o sostituisci il tuo attuale <strong data-start=\"427\" data-end=\"455\">DVD Multi Rewriter Drive<\/strong> con questo <strong data-start=\"466\" data-end=\"516\">driver ottico originale Lenovo IdeaPad 300-15ISK (80Q7) SU-228<\/strong>. Perfetto per leggere e scrivere CD\/DVD con prestazioni fluide. <strong data-start=\"598\" data-end=\"653\">Foto reali del prodotto: quello che vedi \u00e8 quello che ricevi!<\/strong><\/p>\n","protected":false},"featured_media":21223,"template":"","meta":[],"product_brand":[],"product_cat":[28],"product_tag":[27],"class_list":{"0":"post-21173","1":"product","2":"type-product","3":"status-publish","4":"has-post-thumbnail","6":"product_cat-motherboards-board-parts","7":"product_tag-lenovo","9":"first","10":"instock","11":"taxable","12":"shipping-taxable","13":"purchasable","14":"product-type-simple"},"_links":{"self":[{"href":"https:\/\/boreait.com\/it\/wp-json\/wp\/v2\/product\/21173","targetHints":{"allow":["GET"]}}],"collection":[{"href":"https:\/\/boreait.com\/it\/wp-json\/wp\/v2\/product"}],"about":[{"href":"https:\/\/boreait.com\/it\/wp-json\/wp\/v2\/types\/product"}],"wp:featuredmedia":[{"embeddable":true,"href":"https:\/\/boreait.com\/it\/wp-json\/wp\/v2\/media\/21223"}],"wp:attachment":[{"href":"https:\/\/boreait.com\/it\/wp-json\/wp\/v2\/media?parent=21173"}],"wp:term":[{"taxonomy":"product_brand","embeddable":true,"href":"https:\/\/boreait.com\/it\/wp-json\/wp\/v2\/product_brand?post=21173"},{"taxonomy":"product_cat","embeddable":true,"href":"https:\/\/boreait.com\/it\/wp-json\/wp\/v2\/product_cat?post=21173"},{"taxonomy":"product_tag","embeddable":true,"href":"https:\/\/boreait.com\/it\/wp-json\/wp\/v2\/product_tag?post=21173"}],"curies":[{"name":"wp","href":"https:\/\/api.w.org\/{rel}","templated":true}]}}