{"id":21161,"date":"2025-07-25T13:58:02","date_gmt":"2025-07-25T13:58:02","guid":{"rendered":"https:\/\/boreait.com\/it\/?post_type=product&#038;p=21161"},"modified":"2025-07-25T13:59:25","modified_gmt":"2025-07-25T13:59:25","slug":"cerniere-lcd-originali-lenovo-ideapad-3-15iil05-set-sinistro-e-destro-parti-per-laptop","status":"publish","type":"product","link":"https:\/\/boreait.com\/it\/product\/cerniere-lcd-originali-lenovo-ideapad-3-15iil05-set-sinistro-e-destro-parti-per-laptop\/","title":{"rendered":"Cerniere LCD originali Lenovo IdeaPad 3 15IIL05 \u2013 Set sinistro e destro \u2013 Parti per laptop"},"content":{"rendered":"<p class=\"\" data-start=\"473\" data-end=\"655\">Cerchi <strong data-start=\"485\" data-end=\"511\">cerniere LCD sostitutive<\/strong> per il tuo <strong data-start=\"521\" data-end=\"549\">Lenovo IdeaPad 3 15IIL05<\/strong>? Questo set include <strong data-start=\"569\" data-end=\"599\">cerniere sia a sinistra che a destra<\/strong>, garantendo una vestibilit\u00e0 perfetta per un movimento fluido dello schermo.<\/p>\n<p class=\"\" data-start=\"657\" data-end=\"678\">\u2728 <strong data-start=\"659\" data-end=\"676\">Caratteristiche principali:<\/strong><\/p>\n<ul data-start=\"679\" data-end=\"944\">\n<li class=\"\" data-start=\"679\" data-end=\"733\">\n<p class=\"\" data-start=\"681\" data-end=\"733\"><strong data-start=\"681\" data-end=\"701\">Modello compatibile<\/strong>: Lenovo <strong data-start=\"710\" data-end=\"731\">IdeaPad 3 15IIL05<\/strong><\/p>\n<\/li>\n<li class=\"\" data-start=\"734\" data-end=\"777\">\n<p class=\"\" data-start=\"736\" data-end=\"777\"><strong data-start=\"736\" data-end=\"749\">Condizioni<\/strong>: Ricambio originale<\/p>\n<\/li>\n<li class=\"\" data-start=\"778\" data-end=\"819\">\n<p class=\"\" data-start=\"780\" data-end=\"819\"><strong data-start=\"780\" data-end=\"796\">Il set include<\/strong>: Sinistro e cerniere a destra<\/p>\n<\/li>\n<li class=\"\" data-start=\"820\" data-end=\"885\">\n<p class=\"\" data-start=\"822\" data-end=\"885\"><strong data-start=\"822\" data-end=\"844\">Resistente e Affidabile: progettato per prestazioni di lunga durata.<\/p>\n<\/li>\n<li class=\"\" data-start=\"886\" data-end=\"944\">\n<p class=\"\" data-start=\"888\" data-end=\"944\"><strong data-start=\"888\" data-end=\"903\">Foto reali: ci\u00f2 che vedi \u00e8 esattamente ci\u00f2 che ottieni!<\/p>\n<\/li>\n<\/ul>\n<p class=\"\" data-start=\"946\" data-end=\"1094\">\ud83d\udd27 <strong data-start=\"949\" data-end=\"971\">Nota di installazione:<\/strong><br data-start=\"971\" data-end=\"974\" \/>Non forniamo istruzioni per la sostituzione di componenti del laptop, ma <strong data-start=\"1037\" data-end=\"1091\">non esitate a contattarci se avete bisogno di ulteriori informazioni. assistenza<\/strong>.<\/p>\n<p class=\"\" data-start=\"1096\" data-end=\"1156\">\ud83d\udce6 <strong data-start=\"1099\" data-end=\"1131\">Spedizione in tutto il mondo disponibile<\/strong> \u2013 Acquista in tutta sicurezza!<\/p>\n<p class=\"\" data-start=\"1158\" data-end=\"1289\">Questo articolo fa parte della nostra <strong data-start=\"1186\" data-end=\"1224\">collezione premium di ricambi per laptop<\/strong>, che garantisce <strong data-start=\"1235\" data-end=\"1264\">sostituzioni di alta qualit\u00e0<\/strong> per le tue esigenze di riparazione.<\/p>\n","protected":false},"excerpt":{"rendered":"<p>Sostituisci le tue cerniere usurate o rotte con questo <strong data-start=\"276\" data-end=\"326\">set di cerniere LCD originali per Lenovo IdeaPad 3 15IIL05<\/strong>. Perfette per un movimento fluido dello schermo e una lunga durata. <strong data-start=\"383\" data-end=\"413\">Foto reali del prodotto!<\/strong><\/p>\n","protected":false},"featured_media":21216,"template":"","meta":[],"product_brand":[],"product_cat":[20],"product_tag":[27],"class_list":{"0":"post-21161","1":"product","2":"type-product","3":"status-publish","4":"has-post-thumbnail","6":"product_cat-screen-hinge","7":"product_tag-lenovo","9":"first","10":"instock","11":"taxable","12":"shipping-taxable","13":"purchasable","14":"product-type-simple"},"_links":{"self":[{"href":"https:\/\/boreait.com\/it\/wp-json\/wp\/v2\/product\/21161","targetHints":{"allow":["GET"]}}],"collection":[{"href":"https:\/\/boreait.com\/it\/wp-json\/wp\/v2\/product"}],"about":[{"href":"https:\/\/boreait.com\/it\/wp-json\/wp\/v2\/types\/product"}],"wp:featuredmedia":[{"embeddable":true,"href":"https:\/\/boreait.com\/it\/wp-json\/wp\/v2\/media\/21216"}],"wp:attachment":[{"href":"https:\/\/boreait.com\/it\/wp-json\/wp\/v2\/media?parent=21161"}],"wp:term":[{"taxonomy":"product_brand","embeddable":true,"href":"https:\/\/boreait.com\/it\/wp-json\/wp\/v2\/product_brand?post=21161"},{"taxonomy":"product_cat","embeddable":true,"href":"https:\/\/boreait.com\/it\/wp-json\/wp\/v2\/product_cat?post=21161"},{"taxonomy":"product_tag","embeddable":true,"href":"https:\/\/boreait.com\/it\/wp-json\/wp\/v2\/product_tag?post=21161"}],"curies":[{"name":"wp","href":"https:\/\/api.w.org\/{rel}","templated":true}]}}