{"id":21155,"date":"2025-07-25T13:58:01","date_gmt":"2025-07-25T13:58:01","guid":{"rendered":"https:\/\/boreait.com\/it\/?post_type=product&#038;p=21155"},"modified":"2026-02-09T09:55:51","modified_gmt":"2026-02-09T09:55:51","slug":"fotocamera-lenovo-ideapad-3-15iil05-01fr083-ricambio-per-la-riparazione-di-laptop-originale-di-alta-qualita","status":"publish","type":"product","link":"https:\/\/boreait.com\/it\/product\/fotocamera-lenovo-ideapad-3-15iil05-01fr083-ricambio-per-la-riparazione-di-laptop-originale-di-alta-qualita\/","title":{"rendered":"Fotocamera Lenovo IdeaPad 3-15IIL05, 01FR083 \u2013 Ricambio per la riparazione di laptop, originale, di alta qualit\u00e0"},"content":{"rendered":"<p class=\"\" data-start=\"682\" data-end=\"1139\">Aggiorna o sostituisci la fotocamera del tuo <strong data-start=\"720\" data-end=\"748\">Lenovo IdeaPad 3-15IIL05<\/strong> con questo modulo fotocamera originale <strong data-start=\"767\" data-end=\"778\">01FR083<\/strong>. Che tu abbia a che fare con una fotocamera danneggiata o semplicemente con l\u2019aggiornamento del tuo laptop, questo ricambio di alta qualit\u00e0 \u00e8 progettato per offrire una qualit\u00e0 video e prestazioni eccezionali. Questa fotocamera \u00e8 pienamente compatibile con il modello <strong data-start=\"1012\" data-end=\"1040\">Lenovo IdeaPad 3-15IIL05<\/strong>, rendendola la scelta ideale per la manutenzione o il ripristino della funzionalit\u00e0 webcam del tuo laptop.<\/p>\n<p class=\"\" data-start=\"1141\" data-end=\"1158\"><strong data-start=\"1141\" data-end=\"1158\">Caratteristiche principali:<\/strong><\/p>\n<ul data-start=\"1159\" data-end=\"1716\">\n<li class=\"\" data-start=\"1159\" data-end=\"1292\">\n<p class=\"\" data-start=\"1161\" data-end=\"1292\"><strong data-start=\"1161\" data-end=\"1184\">Ricambio originale<\/strong>: questo modulo fotocamera \u00e8 un ricambio originale Lenovo, che garantisce un funzionamento impeccabile. Compatibilit\u00e0 e prestazioni di lunga durata.<\/p>\n<\/li>\n<li class=\"\" data-start=\"1293\" data-end=\"1452\">\n<p class=\"\" data-start=\"1295\" data-end=\"1452\"><strong data-start=\"1295\" data-end=\"1318\">Perfetta per le riparazioni<\/strong>: che tu stia riparando una webcam malfunzionante o aggiornando il tuo dispositivo, questa fotocamera sostitutiva \u00e8 una soluzione semplice ed economica.<\/p>\n<\/li>\n<li class=\"\" data-start=\"1453\" data-end=\"1575\">\n<p class=\"\" data-start=\"1455\" data-end=\"1575\"><strong data-start=\"1455\" data-end=\"1472\">Compatibilit\u00e0<\/strong>: progettata specificamente per <strong data-start=\"1504\" data-end=\"1532\">Lenovo IdeaPad 3-15IIL05, garantendo una vestibilit\u00e0 e una funzionalit\u00e0 precise.<\/p>\n<\/li>\n<li class=\"\" data-start=\"1576\" data-end=\"1716\">\n<p class=\"\" data-start=\"1578\" data-end=\"1716\"><strong data-start=\"1578\" data-end=\"1593\">Foto reali<\/strong>: Le immagini mostrate sono foto reali della fotocamera che riceverete. Non preoccuparti, riceverai il componente esattamente come in foto.<\/p>\n<\/li>\n<\/ul>\n<p class=\"\" data-start=\"1718\" data-end=\"1856\">Se hai bisogno di assistenza per l\u2019installazione o hai domande sulla compatibilit\u00e0, non esitare a contattarmi direttamente: sar\u00f2 felice di aiutarti!<\/p>\n<p class=\"\" data-start=\"1858\" data-end=\"1942\">Migliora le funzionalit\u00e0 del tuo laptop con questo ricambio di alta qualit\u00e0 per la fotocamera oggi stesso!<\/p>\n","protected":false},"excerpt":{"rendered":"<p>Sostituisci la tua fotocamera danneggiata o difettosa con questo modulo fotocamera di alta qualit\u00e0 per Lenovo IdeaPad 3-15IIL05, 01FR083. Compatibile con il modello Lenovo IdeaPad 3-15IIL05, questo ricambio originale garantisce video nitidi e prestazioni affidabili per il tuo laptop. Perfetto per riparazioni o aggiornamenti, viene fornito con foto reali del componente che riceverai.<\/p>\n","protected":false},"featured_media":21198,"template":"","meta":[],"product_brand":[],"product_cat":[24],"product_tag":[27],"class_list":{"0":"post-21155","1":"product","2":"type-product","3":"status-publish","4":"has-post-thumbnail","6":"product_cat-laptop-camera","7":"product_tag-lenovo","9":"first","10":"instock","11":"taxable","12":"shipping-taxable","13":"purchasable","14":"product-type-simple"},"_links":{"self":[{"href":"https:\/\/boreait.com\/it\/wp-json\/wp\/v2\/product\/21155","targetHints":{"allow":["GET"]}}],"collection":[{"href":"https:\/\/boreait.com\/it\/wp-json\/wp\/v2\/product"}],"about":[{"href":"https:\/\/boreait.com\/it\/wp-json\/wp\/v2\/types\/product"}],"wp:featuredmedia":[{"embeddable":true,"href":"https:\/\/boreait.com\/it\/wp-json\/wp\/v2\/media\/21198"}],"wp:attachment":[{"href":"https:\/\/boreait.com\/it\/wp-json\/wp\/v2\/media?parent=21155"}],"wp:term":[{"taxonomy":"product_brand","embeddable":true,"href":"https:\/\/boreait.com\/it\/wp-json\/wp\/v2\/product_brand?post=21155"},{"taxonomy":"product_cat","embeddable":true,"href":"https:\/\/boreait.com\/it\/wp-json\/wp\/v2\/product_cat?post=21155"},{"taxonomy":"product_tag","embeddable":true,"href":"https:\/\/boreait.com\/it\/wp-json\/wp\/v2\/product_tag?post=21155"}],"curies":[{"name":"wp","href":"https:\/\/api.w.org\/{rel}","templated":true}]}}