{"id":21143,"date":"2025-07-25T13:57:37","date_gmt":"2025-07-25T13:57:37","guid":{"rendered":"https:\/\/boreait.com\/it\/?post_type=product&#038;p=21143"},"modified":"2026-02-09T09:55:32","modified_gmt":"2026-02-09T09:55:32","slug":"scheda-wireless-hp-chromebook-serie-14b-ca0015cl-9560ngw-dp-n-l41693-001-parte-di-ricambio-per-laptop","status":"publish","type":"product","link":"https:\/\/boreait.com\/it\/product\/scheda-wireless-hp-chromebook-serie-14b-ca0015cl-9560ngw-dp-n-l41693-001-parte-di-ricambio-per-laptop\/","title":{"rendered":"Scheda wireless HP Chromebook serie 14b-ca0015cl 9560NGW DP\/N L41693-001 &#8211; Parte di ricambio per laptop"},"content":{"rendered":"<p class=\"\" data-start=\"732\" data-end=\"1064\">Aggiorna o sostituisci la tua scheda wireless con questa <strong data-start=\"780\" data-end=\"852\">scheda wireless HP Chromebook serie 14b-ca0015cl 9560NGW DP\/N L41693-001<\/strong>, progettata per offrire una connettivit\u00e0 veloce e affidabile al tuo dispositivo. Che tu stia risolvendo un problema o eseguendo un aggiornamento, questo ricambio originale \u00e8 progettato per adattarsi perfettamente alla serie <strong data-start=\"1019\" data-end=\"1053\">Chromebook 14b-ca0015cl<\/strong>.<\/p>\n<p class=\"\" data-start=\"1066\" data-end=\"1343\">La scheda wireless <strong data-start=\"1070\" data-end=\"1081\">9560NGW<\/strong> supporta lo standard Wi-Fi 6 (802.11ax), garantendo connessioni wireless pi\u00f9 veloci e stabili, essenziali per le impegnative attivit\u00e0 online di oggi. \u00c8 dotata di Bluetooth 5.0 per una migliore compatibilit\u00e0 con i dispositivi, ideale per lo streaming, i giochi o la navigazione in generale.<\/p>\n<p class=\"\" data-start=\"1345\" data-end=\"1604\">Questa scheda \u00e8 facile da installare e viene fornita con foto reali del componente esatto che riceverai. Anche se non forniamo istruzioni per l\u2019installazione, saremo sempre lieti di rispondere a qualsiasi domanda. Non esitate a contattarci per ulteriore supporto!<\/p>\n<p class=\"\" data-start=\"1606\" data-end=\"1623\"><strong data-start=\"1606\" data-end=\"1623\">Caratteristiche principali:<\/strong><\/p>\n<ul data-start=\"1624\" data-end=\"1989\">\n<li class=\"\" data-start=\"1624\" data-end=\"1644\">\n<p class=\"\" data-start=\"1626\" data-end=\"1644\"><strong data-start=\"1626\" data-end=\"1636\">Modello:<\/strong> 9560NGW<\/p>\n<\/li>\n<li class=\"\" data-start=\"1645\" data-end=\"1698\">\n<p class=\"\" data-start=\"1647\" data-end=\"1698\"><strong data-start=\"1647\" data-end=\"1667\">Compatibile con:<\/strong> Chromebook serie 14b-ca0015cl<\/p>\n<\/li>\n<li class=\"\" data-start=\"1699\" data-end=\"1776\">\n<p class=\"\" data-start=\"1701\" data-end=\"1776\"><strong data-start=\"1701\" data-end=\"1720\">Standard Wi-Fi:<\/strong> Wi-Fi 6 (802.11ax) per velocit\u00e0 pi\u00f9 elevate e una portata maggiore<\/p>\n<\/li>\n<li class=\"\" data-start=\"1777\" data-end=\"1846\">\n<p class=\"\" data-start=\"1779\" data-end=\"1846\"><strong data-start=\"1779\" data-end=\"1801\">Versione Bluetooth:<\/strong> 5.0 per connessioni wireless fluide tra dispositivi<\/p>\n<\/li>\n<li class=\"\" data-start=\"1847\" data-end=\"1883\">\n<p class=\"\" data-start=\"1849\" data-end=\"1883\"><strong data-start=\"1849\" data-end=\"1872\">Codice prodotto (DP\/N):<\/strong> L41693-001<\/p>\n<\/li>\n<li class=\"\" data-start=\"1884\" data-end=\"1927\">\n<p class=\"\" data-start=\"1886\" data-end=\"1927\"><strong data-start=\"1886\" data-end=\"1900\">Condizioni:<\/strong> Ricambio nuovo e originale<\/p>\n<\/li>\n<li class=\"\" data-start=\"1928\" data-end=\"1989\">\n<p class=\"\" data-start=\"1930\" data-end=\"1989\"><strong data-start=\"1930\" data-end=\"1941\">Foto:<\/strong> Immagini reali dell\u2019articolo che riceverai<\/p>\n<\/li>\n<\/ul>\n<p class=\"\" data-start=\"1991\" data-end=\"2127\">Questa scheda wireless sostitutiva garantisce al tuo laptop prestazioni wireless ottimali, offrendo un\u2019esperienza Internet senza problemi.<\/p>\n<p class=\"\" data-start=\"2129\" data-end=\"2303\"><strong data-start=\"2129\" data-end=\"2148\">Nota importante:<\/strong> assicurati che sia compatibile con il tuo modello di laptop prima dell\u2019acquisto. In caso di dubbi, non esitare a contattarci per maggiori dettagli!<\/p>\n","protected":false},"excerpt":{"rendered":"<p>Questa <strong data-start=\"314\" data-end=\"339\">scheda wireless 9560NGW<\/strong> (DP\/N L41693-001) originale \u00e8 un ricambio diretto per il tuo <strong data-start=\"396\" data-end=\"430\">Chromebook serie 14b-ca0015cl<\/strong>. Garantisce una connettivit\u00e0 wireless affidabile e veloce per il tuo laptop, supportando il Wi-Fi 6 (802.11ax) per velocit\u00e0 e prestazioni migliorate. Perfetta per aggiornare o sostituire la tua vecchia scheda wireless, questa parte \u00e8 corredata di foto autentiche dell&#8217;articolo che riceverai.<\/p>\n","protected":false},"featured_media":21196,"template":"","meta":[],"product_brand":[],"product_cat":[28],"product_tag":[26],"class_list":{"0":"post-21143","1":"product","2":"type-product","3":"status-publish","4":"has-post-thumbnail","6":"product_cat-motherboards-board-parts","7":"product_tag-hp","9":"first","10":"instock","11":"taxable","12":"shipping-taxable","13":"purchasable","14":"product-type-simple"},"_links":{"self":[{"href":"https:\/\/boreait.com\/it\/wp-json\/wp\/v2\/product\/21143","targetHints":{"allow":["GET"]}}],"collection":[{"href":"https:\/\/boreait.com\/it\/wp-json\/wp\/v2\/product"}],"about":[{"href":"https:\/\/boreait.com\/it\/wp-json\/wp\/v2\/types\/product"}],"wp:featuredmedia":[{"embeddable":true,"href":"https:\/\/boreait.com\/it\/wp-json\/wp\/v2\/media\/21196"}],"wp:attachment":[{"href":"https:\/\/boreait.com\/it\/wp-json\/wp\/v2\/media?parent=21143"}],"wp:term":[{"taxonomy":"product_brand","embeddable":true,"href":"https:\/\/boreait.com\/it\/wp-json\/wp\/v2\/product_brand?post=21143"},{"taxonomy":"product_cat","embeddable":true,"href":"https:\/\/boreait.com\/it\/wp-json\/wp\/v2\/product_cat?post=21143"},{"taxonomy":"product_tag","embeddable":true,"href":"https:\/\/boreait.com\/it\/wp-json\/wp\/v2\/product_tag?post=21143"}],"curies":[{"name":"wp","href":"https:\/\/api.w.org\/{rel}","templated":true}]}}