{"id":21121,"date":"2025-07-25T13:57:13","date_gmt":"2025-07-25T13:57:13","guid":{"rendered":"https:\/\/boreait.com\/it\/?post_type=product&#038;p=21121"},"modified":"2026-02-09T09:35:18","modified_gmt":"2026-02-09T09:35:18","slug":"bulk-2-x-2-gb-1rx8-pc3-10600s-1333-mhz-ddr3-ram-per-laptop-prestazioni-affidabili-per-unelaborazione-fluida","status":"publish","type":"product","link":"https:\/\/boreait.com\/it\/product\/bulk-2-x-2-gb-1rx8-pc3-10600s-1333-mhz-ddr3-ram-per-laptop-prestazioni-affidabili-per-unelaborazione-fluida\/","title":{"rendered":"BULK 2 x 2 GB 1Rx8 PC3-10600S 1333 MHz DDR3 RAM per laptop \u2013 Prestazioni affidabili per un&#8217;elaborazione fluida"},"content":{"rendered":"<p class=\"\" data-start=\"478\" data-end=\"571\"><strong data-start=\"478\" data-end=\"569\">RAM per laptop DDR3 da 2 GB 1Rx8 PC3-10600S 1333 MHz \u2013 Prestazioni affidabili per un\u2019elaborazione fluida<\/strong><\/p>\n<p class=\"\" data-start=\"573\" data-end=\"873\">Migliora le prestazioni del tuo laptop con questo modulo di RAM DDR3 PC3-10600S da 2 GB (come mostrato in foto), progettato per offrire <strong data-start=\"673\" data-end=\"729\">velocit\u00e0 pi\u00f9 elevate e funzionalit\u00e0 multitasking migliorate<\/strong>. Che tu stia aggiornando un sistema pi\u00f9 vecchio o sostituendo un modulo difettoso, questa memory stick garantisce <strong data-start=\"828\" data-end=\"852\">prestazioni impeccabili<\/strong> e <strong data-start=\"857\" data-end=\"870\">stabilit\u00e0<\/strong>.<\/p>\n<h3 class=\"\" data-start=\"875\" data-end=\"898\"><strong data-start=\"879\" data-end=\"896\">Caratteristiche principali:<\/strong><\/h3>\n<p class=\"\" data-start=\"899\" data-end=\"1112\">\u2714 <strong data-start=\"901\" data-end=\"914\">Capacit\u00e0:<\/strong> 2 GB<br data-start=\"918\" data-end=\"921\" \/>\u2714 <strong data-start=\"923\" data-end=\"932\">Tipo:<\/strong> DDR3 SODIMM<br data-start=\"944\" data-end=\"947\" \/>\u2714 <strong data-start=\"949\" data-end=\"959\">Velocit\u00e0:<\/strong> 1333 MHz (PC3-10600S)<br data-start=\"980\" data-end=\"983\" \/>\u2714 <strong data-start=\"985\" data-end=\"1003\">Configurazione:<\/strong> 1Rx8<br data-start=\"1008\" data-end=\"1011\" \/>\u2714 <strong data-start=\"1013\" data-end=\"1025\">Tensione:<\/strong> 1,5 V<br data-start=\"1030\" data-end=\"1033\" \/>\u2714 <strong data-start=\"1035\" data-end=\"1053\">Compatibilit\u00e0:<\/strong> Funziona con la maggior parte dei laptop che supportano DDR3 Memoria a 1333 MHz<\/p>\n<h3 class=\"\" data-start=\"1114\" data-end=\"1151\"><strong data-start=\"1118\" data-end=\"1149\">Perch\u00e9 scegliere questa RAM per laptop?<\/strong><\/h3>\n<ul data-start=\"1152\" data-end=\"1483\">\n<li class=\"\" data-start=\"1152\" data-end=\"1238\">\n<p class=\"\" data-start=\"1154\" data-end=\"1238\">\ud83d\udca1 <strong data-start=\"1157\" data-end=\"1187\">Ottimizzata per le prestazioni:<\/strong> Migliora la velocit\u00e0 e la reattivit\u00e0 complessive del sistema<\/p>\n<\/li>\n<li class=\"\" data-start=\"1239\" data-end=\"1313\">\n<p class=\"\" data-start=\"1241\" data-end=\"1313\">\ud83d\udd27 <strong data-start=\"1244\" data-end=\"1264\">Facile da installare:<\/strong> Compatibilit\u00e0 plug-and-play per aggiornamenti rapidi<\/p>\n<\/li>\n<li class=\"\" data-start=\"1314\" data-end=\"1394\">\n<p class=\"\" data-start=\"1316\" data-end=\"1394\">\ud83d\udee0 <strong data-start=\"1319\" data-end=\"1341\">Testato e Affidabile:<\/strong> Completamente funzionale e testato per la garanzia di qualit\u00e0<\/p>\n<\/li>\n<li class=\"\" data-start=\"1395\" data-end=\"1483\">\n<p class=\"\" data-start=\"1397\" data-end=\"1483\">\ud83d\udcf8 <strong data-start=\"1400\" data-end=\"1416\">Foto reali:<\/strong> Le immagini nell\u2019annuncio sono della RAM effettiva che riceverai<\/p>\n<\/li>\n<\/ul>\n<p class=\"\" data-start=\"1485\" data-end=\"1667\">Questo <strong data-start=\"1490\" data-end=\"1524\">modulo RAM per laptop di alta qualit\u00e0<\/strong> \u00e8 un modo conveniente per <strong data-start=\"1552\" data-end=\"1586\">prolungare la vita del tuo dispositivo<\/strong>, sia che tu stia aggiornando per una migliore efficienza o la sostituzione di un modulo danneggiato.<\/p>\n<p class=\"\" data-start=\"1669\" data-end=\"1783\">\ud83d\udce9 <strong data-start=\"1672\" data-end=\"1686\">Hai bisogno di aiuto?<\/strong> Se hai domande sulla compatibilit\u00e0, non esitare a contattarci. Saremo lieti di aiutarti!<\/p>\n","protected":false},"excerpt":{"rendered":"<p>Migliora le prestazioni del tuo laptop con questo <strong data-start=\"260\" data-end=\"307\">modulo RAM DDR3 da 2 GB 1Rx8 PC3-10600S 1333 MHz<\/strong>. Perfetto per aumentare la velocit\u00e0 e l&#8217;efficienza del multitasking. Completamente testato e in eccellenti condizioni di funzionamento.<\/p>\n","protected":false},"featured_media":21178,"template":"","meta":[],"product_brand":[],"product_cat":[38,37],"product_tag":[],"class_list":{"0":"post-21121","1":"product","2":"type-product","3":"status-publish","4":"has-post-thumbnail","6":"product_cat-ddr3-ddr3l","7":"product_cat-ram-memory","9":"first","10":"instock","11":"taxable","12":"shipping-taxable","13":"purchasable","14":"product-type-simple"},"_links":{"self":[{"href":"https:\/\/boreait.com\/it\/wp-json\/wp\/v2\/product\/21121","targetHints":{"allow":["GET"]}}],"collection":[{"href":"https:\/\/boreait.com\/it\/wp-json\/wp\/v2\/product"}],"about":[{"href":"https:\/\/boreait.com\/it\/wp-json\/wp\/v2\/types\/product"}],"wp:featuredmedia":[{"embeddable":true,"href":"https:\/\/boreait.com\/it\/wp-json\/wp\/v2\/media\/21178"}],"wp:attachment":[{"href":"https:\/\/boreait.com\/it\/wp-json\/wp\/v2\/media?parent=21121"}],"wp:term":[{"taxonomy":"product_brand","embeddable":true,"href":"https:\/\/boreait.com\/it\/wp-json\/wp\/v2\/product_brand?post=21121"},{"taxonomy":"product_cat","embeddable":true,"href":"https:\/\/boreait.com\/it\/wp-json\/wp\/v2\/product_cat?post=21121"},{"taxonomy":"product_tag","embeddable":true,"href":"https:\/\/boreait.com\/it\/wp-json\/wp\/v2\/product_tag?post=21121"}],"curies":[{"name":"wp","href":"https:\/\/api.w.org\/{rel}","templated":true}]}}