{"id":21087,"date":"2025-07-25T13:56:23","date_gmt":"2025-07-25T13:56:23","guid":{"rendered":"https:\/\/boreait.com\/it\/?post_type=product&#038;p=21087"},"modified":"2025-07-25T13:57:49","modified_gmt":"2025-07-25T13:57:49","slug":"copertura-per-porta-hdmi-audio-e-sd-robusta-per-latitude-7202-ricambio-per-dell-latitude-7202","status":"publish","type":"product","link":"https:\/\/boreait.com\/it\/product\/copertura-per-porta-hdmi-audio-e-sd-robusta-per-latitude-7202-ricambio-per-dell-latitude-7202\/","title":{"rendered":"Copertura per porta HDMI, audio e SD robusta per Latitude 7202 | Ricambio per Dell Latitude 7202"},"content":{"rendered":"<p class=\"\" data-start=\"634\" data-end=\"956\">Assicurati la protezione e la longevit\u00e0 del tuo laptop <strong data-start=\"678\" data-end=\"707\">Dell Latitude 7202 Rugged<\/strong> con questa <strong data-start=\"733\" data-end=\"767\">copertura per porte HDMI, audio e SD<\/strong>. Progettata per sostituire con precisione il componente originale, questa cover protegge il dispositivo da polvere, sporco e danni, garantendo al contempo la piena funzionalit\u00e0 delle porte del laptop.<\/p>\n<p class=\"\" data-start=\"958\" data-end=\"978\"><strong data-start=\"958\" data-end=\"978\">Dettagli del prodotto:<\/strong><\/p>\n<ul data-start=\"979\" data-end=\"1445\">\n<li class=\"\" data-start=\"979\" data-end=\"1103\">\n<p class=\"\" data-start=\"981\" data-end=\"1103\"><strong data-start=\"981\" data-end=\"998\">Compatibilit\u00e0<\/strong>: Progettata specificamente per i laptop della serie <strong data-start=\"1026\" data-end=\"1055\">Dell Latitude 7202 Rugged<\/strong>, questa cover offre una soluzione perfetta Adatto.<\/p>\n<\/li>\n<li class=\"\" data-start=\"1104\" data-end=\"1185\">\n<p class=\"\" data-start=\"1106\" data-end=\"1185\"><strong data-start=\"1106\" data-end=\"1123\">Funzionalit\u00e0<\/strong>: Protegge porte essenziali come HDMI, audio e slot per schede SD.<\/p>\n<\/li>\n<li class=\"\" data-start=\"1186\" data-end=\"1313\">\n<p class=\"\" data-start=\"1188\" data-end=\"1313\"><strong data-start=\"1188\" data-end=\"1202\">Resistenza<\/strong>: Realizzata con materiali di alta qualit\u00e0, la cover \u00e8 costruita per durare e resistere alle sollecitazioni degli ambienti pi\u00f9 difficili.<\/p>\n<\/li>\n<li class=\"\" data-start=\"1314\" data-end=\"1445\">\n<p class=\"\" data-start=\"1316\" data-end=\"1445\"><strong data-start=\"1316\" data-end=\"1331\">Foto reali<\/strong>: Tutte le immagini dei prodotti sono foto reali dell\u2019articolo esatto che riceverete, garantendo completa trasparenza e affidabilit\u00e0.<\/p>\n<\/li>\n<\/ul>\n<p class=\"\" data-start=\"1447\" data-end=\"1702\">Questo pezzo di ricambio \u00e8 ideale per <strong data-start=\"1482\" data-end=\"1500\">riparazioni o aggiornamenti di laptop<\/strong>, contribuendo a mantenere le elevate prestazioni e l\u2019integrit\u00e0 estetica del vostro dispositivo. Se hai bisogno di ulteriore assistenza con l\u2019installazione, non esitare a contattarci: saremo lieti di aiutarti.<\/p>\n<p class=\"\" data-start=\"1704\" data-end=\"1913\">Che tu stia sostituendo una cover persa o riparando componenti danneggiati, questo <strong data-start=\"1783\" data-end=\"1798\">ricambio originale per laptop<\/strong> \u00e8 la soluzione che ti serve. Ordinalo subito e assicurati che il tuo laptop <strong data-start=\"1851\" data-end=\"1880\">Dell Latitude 7202 Rugged<\/strong> rimanga in perfette condizioni!<\/p>\n","protected":false},"excerpt":{"rendered":"<p>Questa <strong data-start=\"237\" data-end=\"297\">copertura originale per porte HDMI, audio e SD per Dell Latitude 7202 Rugged<\/strong> \u00e8 un ricambio di alta qualit\u00e0 progettato per proteggere il tuo dispositivo. Progettata per adattarsi perfettamente, garantisce la longevit\u00e0 del tuo laptop proteggendone le porte. Perfetta per riparazioni o aggiornamenti, questa cover garantisce una tenuta sicura e aderente, offrendo durata e affidabilit\u00e0.<\/p>\n","protected":false},"featured_media":21149,"template":"","meta":[],"product_brand":[],"product_cat":[17],"product_tag":[],"class_list":{"0":"post-21087","1":"product","2":"type-product","3":"status-publish","4":"has-post-thumbnail","6":"product_cat-laptop-housing","8":"first","9":"instock","10":"taxable","11":"shipping-taxable","12":"purchasable","13":"product-type-simple"},"_links":{"self":[{"href":"https:\/\/boreait.com\/it\/wp-json\/wp\/v2\/product\/21087","targetHints":{"allow":["GET"]}}],"collection":[{"href":"https:\/\/boreait.com\/it\/wp-json\/wp\/v2\/product"}],"about":[{"href":"https:\/\/boreait.com\/it\/wp-json\/wp\/v2\/types\/product"}],"wp:featuredmedia":[{"embeddable":true,"href":"https:\/\/boreait.com\/it\/wp-json\/wp\/v2\/media\/21149"}],"wp:attachment":[{"href":"https:\/\/boreait.com\/it\/wp-json\/wp\/v2\/media?parent=21087"}],"wp:term":[{"taxonomy":"product_brand","embeddable":true,"href":"https:\/\/boreait.com\/it\/wp-json\/wp\/v2\/product_brand?post=21087"},{"taxonomy":"product_cat","embeddable":true,"href":"https:\/\/boreait.com\/it\/wp-json\/wp\/v2\/product_cat?post=21087"},{"taxonomy":"product_tag","embeddable":true,"href":"https:\/\/boreait.com\/it\/wp-json\/wp\/v2\/product_tag?post=21087"}],"curies":[{"name":"wp","href":"https:\/\/api.w.org\/{rel}","templated":true}]}}