{"id":21083,"date":"2025-07-25T13:56:23","date_gmt":"2025-07-25T13:56:23","guid":{"rendered":"https:\/\/boreait.com\/it\/?post_type=product&#038;p=21083"},"modified":"2025-07-25T13:57:42","modified_gmt":"2025-07-25T13:57:42","slug":"pulsante-di-accensione-con-cavo-per-dell-latitude-7212-rugged-extreme","status":"publish","type":"product","link":"https:\/\/boreait.com\/it\/product\/pulsante-di-accensione-con-cavo-per-dell-latitude-7212-rugged-extreme\/","title":{"rendered":"Pulsante di accensione con cavo per Dell Latitude 7212 Rugged Extreme"},"content":{"rendered":"<p class=\"\" data-start=\"577\" data-end=\"871\">Questo <strong data-start=\"582\" data-end=\"643\">pulsante di accensione con cavo per Dell Latitude 7212 Rugged Extreme<\/strong> \u00e8 un pezzo di ricambio originale e di alta qualit\u00e0, progettato per ripristinare la funzionalit\u00e0 del tuo portatile robusto. Se il pulsante di accensione \u00e8 danneggiato o non funziona correttamente, questo componente \u00e8 la soluzione perfetta per far funzionare il tuo dispositivo come se fosse nuovo.<\/p>\n<ul data-start=\"873\" data-end=\"1479\">\n<li class=\"\" data-start=\"873\" data-end=\"1018\">\n<p class=\"\" data-start=\"875\" data-end=\"1018\"><strong data-start=\"875\" data-end=\"892\">Compatibilit\u00e0<\/strong>: Progettato specificamente per il modello <strong data-start=\"924\" data-end=\"961\">Dell Latitude 7212 Rugged Extreme<\/strong>, garantisce una perfetta compatibilit\u00e0 e un\u2019installazione senza intoppi.<\/p>\n<\/li>\n<li class=\"\" data-start=\"1019\" data-end=\"1141\">\n<p class=\"\" data-start=\"1021\" data-end=\"1141\"><strong data-start=\"1021\" data-end=\"1043\">Costruzione di alta qualit\u00e0<\/strong>: questo pulsante di accensione con cavo \u00e8 un componente originale, che offre durata e prestazioni eccellenti.<\/p>\n<\/li>\n<li class=\"\" data-start=\"1142\" data-end=\"1288\">\n<p class=\"\" data-start=\"1144\" data-end=\"1288\"><strong data-start=\"1144\" data-end=\"1159\">Foto reali<\/strong>: le foto fornite sono dei componenti effettivi che riceverai, garantendo trasparenza e aiutandoti a verificare la qualit\u00e0 del prodotto.<\/p>\n<\/li>\n<li class=\"\" data-start=\"1289\" data-end=\"1479\">\n<p class=\"\" data-start=\"1291\" data-end=\"1479\"><strong data-start=\"1291\" data-end=\"1323\">Nessuna istruzione di installazione<\/strong>: Sebbene questo prodotto non sia fornito con istruzioni di installazione, non esitate a contattarci se avete bisogno di assistenza o supporto per il processo di installazione.<\/p>\n<\/li>\n<\/ul>\n<p class=\"\" data-start=\"1481\" data-end=\"1749\">Che stiate riparando il vostro dispositivo attuale o aggiornando un modello precedente, questo <strong data-start=\"1560\" data-end=\"1575\">ricambio per laptop<\/strong> \u00e8 essenziale per ripristinare la funzionalit\u00e0 del pulsante di accensione. Offriamo spedizioni rapide in tutto il mondo e la maggior parte degli ordini viene elaborata e spedita rapidamente in Europa e oltre.<\/p>\n<p class=\"\" data-start=\"1751\" data-end=\"1906\"><strong data-start=\"1751\" data-end=\"1759\">Nota<\/strong>: Se avete bisogno di ulteriore assistenza, non esitate a contattarci direttamente. Siamo qui per aiutarti con qualsiasi domanda o dubbio sull\u2019installazione tu possa avere.<\/p>\n","protected":false},"excerpt":{"rendered":"<p>Aggiorna o sostituisci il pulsante di accensione del tuo Dell Latitude 7212 Rugged Extreme con questo ricambio originale. Dotato del cavo originale, questo componente garantisce una perfetta compatibilit\u00e0 e un funzionamento affidabile, essenziale per le riparazioni o gli aggiornamenti del tuo laptop. Foto reali del prodotto incluse!<\/p>\n","protected":false},"featured_media":21145,"template":"","meta":[],"product_brand":[],"product_cat":[17],"product_tag":[],"class_list":{"0":"post-21083","1":"product","2":"type-product","3":"status-publish","4":"has-post-thumbnail","6":"product_cat-laptop-housing","8":"first","9":"instock","10":"taxable","11":"shipping-taxable","12":"purchasable","13":"product-type-simple"},"_links":{"self":[{"href":"https:\/\/boreait.com\/it\/wp-json\/wp\/v2\/product\/21083","targetHints":{"allow":["GET"]}}],"collection":[{"href":"https:\/\/boreait.com\/it\/wp-json\/wp\/v2\/product"}],"about":[{"href":"https:\/\/boreait.com\/it\/wp-json\/wp\/v2\/types\/product"}],"wp:featuredmedia":[{"embeddable":true,"href":"https:\/\/boreait.com\/it\/wp-json\/wp\/v2\/media\/21145"}],"wp:attachment":[{"href":"https:\/\/boreait.com\/it\/wp-json\/wp\/v2\/media?parent=21083"}],"wp:term":[{"taxonomy":"product_brand","embeddable":true,"href":"https:\/\/boreait.com\/it\/wp-json\/wp\/v2\/product_brand?post=21083"},{"taxonomy":"product_cat","embeddable":true,"href":"https:\/\/boreait.com\/it\/wp-json\/wp\/v2\/product_cat?post=21083"},{"taxonomy":"product_tag","embeddable":true,"href":"https:\/\/boreait.com\/it\/wp-json\/wp\/v2\/product_tag?post=21083"}],"curies":[{"name":"wp","href":"https:\/\/api.w.org\/{rel}","templated":true}]}}