{"id":21052,"date":"2025-07-25T13:55:34","date_gmt":"2025-07-25T13:55:34","guid":{"rendered":"https:\/\/boreait.com\/it\/?post_type=product&#038;p=21052"},"modified":"2025-07-25T13:57:01","modified_gmt":"2025-07-25T13:57:01","slug":"copertura-webcam-posteriore-robusta-per-latitude-7212","status":"publish","type":"product","link":"https:\/\/boreait.com\/it\/product\/copertura-webcam-posteriore-robusta-per-latitude-7212\/","title":{"rendered":"Copertura webcam posteriore robusta per Latitude 7212"},"content":{"rendered":"<p class=\"\" data-start=\"758\" data-end=\"1108\">Proteggi la tua privacy e sicurezza con la <strong data-start=\"800\" data-end=\"849\">copertura webcam posteriore rinforzata per Latitude 7212<\/strong>, un ricambio originale di alta qualit\u00e0 progettato per il laptop rinforzato <strong data-start=\"909\" data-end=\"931\">Dell Latitude 7212<\/strong>. Questa copertura per webcam \u00e8 realizzata per durare a lungo, offrendo al tuo dispositivo una protezione affidabile da accessi indesiderati alla fotocamera, mantenendone al contempo le prestazioni robuste.<\/p>\n<p class=\"\" data-start=\"1110\" data-end=\"1406\">Che tu utilizzi il tuo Latitude 7212 per lavoro, viaggi o attivit\u00e0 all\u2019aperto, questa copertura per webcam garantisce che la fotocamera rimanga ben coperta quando non \u00e8 in uso. \u00c8 facile da installare e progettato per adattarsi perfettamente, quindi puoi essere certo che si integrer\u00e0 perfettamente con il tuo dispositivo senza problemi.<\/p>\n<p class=\"\" data-start=\"1408\" data-end=\"1425\"><strong data-start=\"1408\" data-end=\"1425\">Caratteristiche principali:<\/strong><\/p>\n<ul data-start=\"1426\" data-end=\"1726\">\n<li class=\"\" data-start=\"1426\" data-end=\"1480\">\n<p class=\"\" data-start=\"1428\" data-end=\"1480\"><strong data-start=\"1428\" data-end=\"1442\">Compatibile<\/strong> con il laptop rugged Dell Latitude 7212<\/p>\n<\/li>\n<li class=\"\" data-start=\"1481\" data-end=\"1533\">\n<p class=\"\" data-start=\"1483\" data-end=\"1533\"><strong data-start=\"1483\" data-end=\"1494\">Resistente<\/strong> e progettato per resistere a condizioni difficili<\/p>\n<\/li>\n<li class=\"\" data-start=\"1534\" data-end=\"1579\">\n<p class=\"\" data-start=\"1536\" data-end=\"1579\"><strong data-start=\"1536\" data-end=\"1551\">Perfetta vestibilit\u00e0<\/strong> per un\u2019installazione senza soluzione di continuit\u00e0<\/p>\n<\/li>\n<li class=\"\" data-start=\"1580\" data-end=\"1630\">\n<p class=\"\" data-start=\"1582\" data-end=\"1630\"><strong data-start=\"1582\" data-end=\"1604\">Protezione della privacy<\/strong> quando non si utilizza la fotocamera<\/p>\n<\/li>\n<li class=\"\" data-start=\"1631\" data-end=\"1671\">\n<p class=\"\" data-start=\"1633\" data-end=\"1671\"><strong data-start=\"1633\" data-end=\"1661\">Ricambio originale<\/strong> Dell<\/p>\n<\/li>\n<li class=\"\" data-start=\"1672\" data-end=\"1726\">\n<p class=\"\" data-start=\"1674\" data-end=\"1726\"><strong data-start=\"1674\" data-end=\"1689\">Foto reali<\/strong> del componente sono mostrate nell\u2019annuncio<\/p>\n<\/li>\n<\/ul>\n<p class=\"\" data-start=\"1728\" data-end=\"1971\">Questa cover per webcam \u00e8 ideale per chiunque abbia bisogno di sostituire un componente usurato o desideri aggiungere ulteriore protezione al proprio dispositivo. Se hai bisogno di assistenza per l\u2019installazione o hai domande, non esitare a contattarci: saremo lieti di aiutarti.<\/p>\n<p class=\"\" data-start=\"1973\" data-end=\"2137\">Assicurati che il tuo laptop sia al sicuro con la <strong data-start=\"2014\" data-end=\"2063\">cover per webcam posteriore rinforzata per Latitude 7212<\/strong>, un accessorio indispensabile per chi apprezza sia la privacy che la resistenza.<\/p>\n","protected":false},"excerpt":{"rendered":"<p>Proteggi la tua privacy e aumenta la resistenza del tuo dispositivo con questa <strong data-start=\"388\" data-end=\"437\">copertura webcam posteriore rinforzata per Latitude 7212<\/strong>. Progettata specificamente per il Dell Latitude 7212, questa copertura webcam offre una soluzione robusta e affidabile per proteggere la fotocamera. Facile da installare e realizzata per durare, \u00e8 il ricambio perfetto per il tuo laptop rinforzato. Foto reali del prodotto incluse.<\/p>\n","protected":false},"featured_media":21113,"template":"","meta":[],"product_brand":[],"product_cat":[17],"product_tag":[],"class_list":{"0":"post-21052","1":"product","2":"type-product","3":"status-publish","4":"has-post-thumbnail","6":"product_cat-laptop-housing","8":"first","9":"instock","10":"taxable","11":"shipping-taxable","12":"purchasable","13":"product-type-simple"},"_links":{"self":[{"href":"https:\/\/boreait.com\/it\/wp-json\/wp\/v2\/product\/21052","targetHints":{"allow":["GET"]}}],"collection":[{"href":"https:\/\/boreait.com\/it\/wp-json\/wp\/v2\/product"}],"about":[{"href":"https:\/\/boreait.com\/it\/wp-json\/wp\/v2\/types\/product"}],"wp:featuredmedia":[{"embeddable":true,"href":"https:\/\/boreait.com\/it\/wp-json\/wp\/v2\/media\/21113"}],"wp:attachment":[{"href":"https:\/\/boreait.com\/it\/wp-json\/wp\/v2\/media?parent=21052"}],"wp:term":[{"taxonomy":"product_brand","embeddable":true,"href":"https:\/\/boreait.com\/it\/wp-json\/wp\/v2\/product_brand?post=21052"},{"taxonomy":"product_cat","embeddable":true,"href":"https:\/\/boreait.com\/it\/wp-json\/wp\/v2\/product_cat?post=21052"},{"taxonomy":"product_tag","embeddable":true,"href":"https:\/\/boreait.com\/it\/wp-json\/wp\/v2\/product_tag?post=21052"}],"curies":[{"name":"wp","href":"https:\/\/api.w.org\/{rel}","templated":true}]}}