{"id":21049,"date":"2025-07-25T13:55:33","date_gmt":"2025-07-25T13:55:33","guid":{"rendered":"https:\/\/boreait.com\/it\/?post_type=product&#038;p=21049"},"modified":"2025-07-25T13:56:55","modified_gmt":"2025-07-25T13:56:55","slug":"scheda-wifi-intel-wireless-ac-8265-latitude-7212-rugged-extreme-con-bluetooth","status":"publish","type":"product","link":"https:\/\/boreait.com\/it\/product\/scheda-wifi-intel-wireless-ac-8265-latitude-7212-rugged-extreme-con-bluetooth\/","title":{"rendered":"Scheda WiFi Intel Wireless-AC 8265 Latitude 7212 Rugged Extreme con Bluetooth"},"content":{"rendered":"<p class=\"\" data-start=\"703\" data-end=\"1039\">Potenzia le capacit\u00e0 wireless del tuo laptop con la <strong data-start=\"756\" data-end=\"840\">scheda WiFi Intel Wireless-AC 8265 con Bluetooth 4.2 per Latitude 7212 Rugged Extreme<\/strong>. Questo ricambio originale \u00e8 progettato per offrire connettivit\u00e0 Wi-Fi e supporto Bluetooth superiori, rendendolo perfetto per chi desidera aggiornare o riparare le prestazioni wireless del proprio laptop.<\/p>\n<h4 class=\"\" data-start=\"1041\" data-end=\"1059\">Caratteristiche principali:<\/h4>\n<ul data-start=\"1060\" data-end=\"1684\">\n<li class=\"\" data-start=\"1060\" data-end=\"1213\">\n<p class=\"\" data-start=\"1062\" data-end=\"1213\"><strong data-start=\"1062\" data-end=\"1088\">Intel Wireless-AC 8265<\/strong>: offre connessioni Wi-Fi veloci e stabili, garantendo esperienze online fluide, sia per lo streaming, la navigazione o il gaming.<\/p>\n<\/li>\n<li class=\"\" data-start=\"1214\" data-end=\"1385\">\n<p class=\"\" data-start=\"1216\" data-end=\"1385\"><strong data-start=\"1216\" data-end=\"1233\">Bluetooth 4.2<\/strong>: fornisce connessioni Bluetooth affidabili, consentendo di associare il laptop a dispositivi wireless come cuffie, tastiere o mouse senza problemi.<\/p>\n<\/li>\n<li class=\"\" data-start=\"1386\" data-end=\"1544\">\n<p class=\"\" data-start=\"1388\" data-end=\"1544\"><strong data-start=\"1388\" data-end=\"1420\">Compatibilit\u00e0 con Rugged Extreme<\/strong>: progettato specificamente per il modello Latitude 7212 Rugged Extreme, garantendo una compatibilit\u00e0 perfetta e prestazioni affidabili.<\/p>\n<\/li>\n<li class=\"\" data-start=\"1545\" data-end=\"1684\">\n<p class=\"\" data-start=\"1547\" data-end=\"1684\"><strong data-start=\"1547\" data-end=\"1575\">Ricambio originale<\/strong>: puoi stare certo di ricevere un ricambio di alta qualit\u00e0, corredato da foto reali dell\u2019articolo che riceverai.<\/p>\n<\/li>\n<\/ul>\n<p class=\"\" data-start=\"1686\" data-end=\"1957\">Questa scheda Wi-Fi \u00e8 un ricambio affidabile e facile da installare per il tuo laptop, che garantisce una connettivit\u00e0 impeccabile e funzionalit\u00e0 Bluetooth. Che tu stia sostituendo un componente difettoso o passando a una connessione pi\u00f9 veloce, questa scheda Intel Wireless-AC 8265 soddisfer\u00e0 le tue esigenze.<\/p>\n<p class=\"\" data-start=\"1959\" data-end=\"2129\"><em data-start=\"1959\" data-end=\"2129\">Nota: sebbene non forniamo istruzioni per l\u2019installazione, non esitare a contattarci se hai bisogno di ulteriore supporto o hai domande sulla procedura di sostituzione.<\/em><\/p>\n<p class=\"\" data-start=\"2131\" data-end=\"2254\">Perfetto per i clienti in Europa e nel mondo, questo componente viene spedito in modo sicuro per garantirti di riceverlo in perfette condizioni.<\/p>\n","protected":false},"excerpt":{"rendered":"<p>Aggiorna o sostituisci la tua connettivit\u00e0 Wi-Fi con la scheda Wi-Fi Intel Wireless-AC 8265 per Latitude 7212 Rugged Extreme. Questo ricambio originale supporta connessioni Wi-Fi ad alta velocit\u00e0 e Bluetooth 4.2 per un&#8217;associazione fluida con i dispositivi. Ideale per riparazioni e aggiornamenti di laptop. Foto reali incluse!<\/p>\n","protected":false},"featured_media":21110,"template":"","meta":[],"product_brand":[],"product_cat":[28],"product_tag":[],"class_list":{"0":"post-21049","1":"product","2":"type-product","3":"status-publish","4":"has-post-thumbnail","6":"product_cat-motherboards-board-parts","8":"first","9":"instock","10":"taxable","11":"shipping-taxable","12":"purchasable","13":"product-type-simple"},"_links":{"self":[{"href":"https:\/\/boreait.com\/it\/wp-json\/wp\/v2\/product\/21049","targetHints":{"allow":["GET"]}}],"collection":[{"href":"https:\/\/boreait.com\/it\/wp-json\/wp\/v2\/product"}],"about":[{"href":"https:\/\/boreait.com\/it\/wp-json\/wp\/v2\/types\/product"}],"wp:featuredmedia":[{"embeddable":true,"href":"https:\/\/boreait.com\/it\/wp-json\/wp\/v2\/media\/21110"}],"wp:attachment":[{"href":"https:\/\/boreait.com\/it\/wp-json\/wp\/v2\/media?parent=21049"}],"wp:term":[{"taxonomy":"product_brand","embeddable":true,"href":"https:\/\/boreait.com\/it\/wp-json\/wp\/v2\/product_brand?post=21049"},{"taxonomy":"product_cat","embeddable":true,"href":"https:\/\/boreait.com\/it\/wp-json\/wp\/v2\/product_cat?post=21049"},{"taxonomy":"product_tag","embeddable":true,"href":"https:\/\/boreait.com\/it\/wp-json\/wp\/v2\/product_tag?post=21049"}],"curies":[{"name":"wp","href":"https:\/\/api.w.org\/{rel}","templated":true}]}}