{"id":21040,"date":"2025-07-25T13:55:11","date_gmt":"2025-07-25T13:55:11","guid":{"rendered":"https:\/\/boreait.com\/it\/?post_type=product&#038;p=21040"},"modified":"2025-07-25T13:56:52","modified_gmt":"2025-07-25T13:56:52","slug":"sostituzione-della-copertura-della-porta-di-ricarica-cc-per-dell-latitude-7212-rugged-extreme-ricambi-originali-per-laptop","status":"publish","type":"product","link":"https:\/\/boreait.com\/it\/product\/sostituzione-della-copertura-della-porta-di-ricarica-cc-per-dell-latitude-7212-rugged-extreme-ricambi-originali-per-laptop\/","title":{"rendered":"Sostituzione della copertura della porta di ricarica CC per Dell Latitude 7212 Rugged Extreme | Ricambi originali per laptop"},"content":{"rendered":"<p class=\"\" data-start=\"619\" data-end=\"973\">Assicurati che il tuo laptop Dell Latitude 7212 Rugged Extreme sia sempre protetto con questa cover sostitutiva originale per la porta di ricarica dell\u2019alimentazione CC. Progettata per adattarsi perfettamente, questa cover garantisce la sicurezza della porta di ricarica, proteggendola da polvere, sporco e umidit\u00e0, essenziale per mantenere le prestazioni del laptop al top, soprattutto in ambienti difficili.<\/p>\n<p class=\"\" data-start=\"975\" data-end=\"992\"><strong data-start=\"975\" data-end=\"992\">Caratteristiche principali:<\/strong><\/p>\n<ul data-start=\"993\" data-end=\"1633\">\n<li class=\"\" data-start=\"993\" data-end=\"1123\">\n<p class=\"\" data-start=\"995\" data-end=\"1123\"><strong data-start=\"995\" data-end=\"1012\">Compatibilit\u00e0<\/strong>: Esclusivamente per il laptop Dell Latitude 7212 Rugged Extreme, garantisce una vestibilit\u00e0 perfetta e una protezione affidabile.<\/p>\n<\/li>\n<li class=\"\" data-start=\"1124\" data-end=\"1247\">\n<p class=\"\" data-start=\"1126\" data-end=\"1247\"><strong data-start=\"1126\" data-end=\"1140\">Resistenza<\/strong>: Progettato per resistere a condizioni difficili, \u00e8 ideale per i professionisti che lavorano in ambienti difficili.<\/p>\n<\/li>\n<li class=\"\" data-start=\"1248\" data-end=\"1383\">\n<p class=\"\" data-start=\"1250\" data-end=\"1383\"><strong data-start=\"1250\" data-end=\"1278\">Ricambio originale<\/strong>: Questa cover \u00e8 un ricambio originale Dell, che offre la stessa qualit\u00e0 e affidabilit\u00e0 del componente originale.<\/p>\n<\/li>\n<li class=\"\" data-start=\"1384\" data-end=\"1509\">\n<p class=\"\" data-start=\"1386\" data-end=\"1509\"><strong data-start=\"1386\" data-end=\"1409\">Foto reali del prodotto<\/strong>: Le foto nell\u2019inserzione si riferiscono al componente effettivo che riceverete, garantendo la massima trasparenza.<\/p>\n<\/li>\n<li class=\"\" data-start=\"1510\" data-end=\"1633\">\n<p class=\"\" data-start=\"1512\" data-end=\"1633\"><strong data-start=\"1512\" data-end=\"1532\">Sostituzione semplice<\/strong>: Sebbene le istruzioni non siano incluse, se avete bisogno di assistenza, non esitate a contattarci.<\/p>\n<\/li>\n<\/ul>\n<p class=\"\" data-start=\"1635\" data-end=\"1957\">Questa cover per la porta di ricarica CC contribuir\u00e0 a preservare la longevit\u00e0 e la funzionalit\u00e0 del vostro dispositivo. Che tu lavori nell\u2019edilizia, sul campo o in qualsiasi altro ambiente impegnativo, questa custodia offrir\u00e0 la protezione di cui il tuo laptop ha bisogno. Per qualsiasi domanda o ulteriore assistenza, non esitare a contattarci!<\/p>\n","protected":false},"excerpt":{"rendered":"<p>Questa cover originale per porta di ricarica CC \u00e8 progettata specificamente per il laptop Dell Latitude 7212 Rugged Extreme. \u00c8 il ricambio perfetto per garantire una protezione sicura e affidabile della porta di ricarica. Ideale per preservare la durata e la funzionalit\u00e0 del dispositivo in ambienti difficili.<\/p>\n","protected":false},"featured_media":21108,"template":"","meta":[],"product_brand":[],"product_cat":[17],"product_tag":[],"class_list":{"0":"post-21040","1":"product","2":"type-product","3":"status-publish","4":"has-post-thumbnail","6":"product_cat-laptop-housing","8":"first","9":"instock","10":"taxable","11":"shipping-taxable","12":"purchasable","13":"product-type-simple"},"_links":{"self":[{"href":"https:\/\/boreait.com\/it\/wp-json\/wp\/v2\/product\/21040","targetHints":{"allow":["GET"]}}],"collection":[{"href":"https:\/\/boreait.com\/it\/wp-json\/wp\/v2\/product"}],"about":[{"href":"https:\/\/boreait.com\/it\/wp-json\/wp\/v2\/types\/product"}],"wp:featuredmedia":[{"embeddable":true,"href":"https:\/\/boreait.com\/it\/wp-json\/wp\/v2\/media\/21108"}],"wp:attachment":[{"href":"https:\/\/boreait.com\/it\/wp-json\/wp\/v2\/media?parent=21040"}],"wp:term":[{"taxonomy":"product_brand","embeddable":true,"href":"https:\/\/boreait.com\/it\/wp-json\/wp\/v2\/product_brand?post=21040"},{"taxonomy":"product_cat","embeddable":true,"href":"https:\/\/boreait.com\/it\/wp-json\/wp\/v2\/product_cat?post=21040"},{"taxonomy":"product_tag","embeddable":true,"href":"https:\/\/boreait.com\/it\/wp-json\/wp\/v2\/product_tag?post=21040"}],"curies":[{"name":"wp","href":"https:\/\/api.w.org\/{rel}","templated":true}]}}