{"id":21018,"date":"2025-07-25T13:54:47","date_gmt":"2025-07-25T13:54:47","guid":{"rendered":"https:\/\/boreait.com\/it\/?post_type=product&#038;p=21018"},"modified":"2025-07-25T13:56:05","modified_gmt":"2025-07-25T13:56:05","slug":"webcam-posteriore-originale-per-tablet-dell-latitude-7202-5c7d2-usata-e-testata","status":"publish","type":"product","link":"https:\/\/boreait.com\/it\/product\/webcam-posteriore-originale-per-tablet-dell-latitude-7202-5c7d2-usata-e-testata\/","title":{"rendered":"Webcam posteriore originale per tablet Dell Latitude 7202 5C7D2 usata e testata"},"content":{"rendered":"<p><strong>Fotocamera posteriore originale per tablet Dell Latitude 7202 (codice articolo 5C7D2)<\/strong><\/p>\n<p>Questo modulo fotocamera posteriore Dell originale \u00e8 stato rimosso da un tablet Latitude 7202 funzionante. La fotocamera \u00e8 stata testata e ne \u00e8 stato confermato il corretto funzionamento prima della spedizione. <\/p>\n<p><strong>Dettagli principali:<\/strong><\/p>\n<ul>\n<li><strong>Condizioni:<\/strong>\u00a0Usato (perfettamente funzionante)<\/li>\n<li><strong>Codice prodotto:<\/strong>\u00a05C7D2 (Dell OEM)<\/li>\n<li><strong>Compatibilit\u00e0:<\/strong>\u00a0Solo tablet Dell Latitude 7202<\/li>\n<li><strong>Test:<\/strong>\u00a0Funzionamento verificato<\/li>\n<li><strong>Garanzia:<\/strong>\u00a0Nessuna (venduto cos\u00ec com\u2019\u00e8)<\/li>\n<li><strong>Foto:<\/strong>\u00a0Mostra l\u2019unit\u00e0 che riceverai<\/li>\n<\/ul>\n<p><strong>Note importanti:<\/strong><\/p>\n<ul>\n<li>Verifica il modello del tuo tablet prima di ordinare<\/li>\n<li>Installazione professionale Consigliato<\/li>\n<li>Nessun reso per problemi di compatibilit\u00e0<\/li>\n<li>Solo modulo fotocamera (cavi\/attrezzi non inclusi)<\/li>\n<\/ul>\n<p><strong>Informazioni sulla spedizione:<\/strong><\/p>\n<ul>\n<li>Spedito dall\u2019UE entro 24 ore nei giorni lavorativi<\/li>\n<li>Opzioni di consegna in tutto il mondo disponibili<\/li>\n<li>Numero di tracciamento fornito<\/li>\n<\/ul>\n<p>Per confermare la compatibilit\u00e0, inviaci un messaggio con il codice di matricola del tuo tablet.<\/p>\n","protected":false},"excerpt":{"rendered":"<p>Fotocamera posteriore originale per tablet Dell Latitude 7202 (5C7D2) &#8211; Usata e testata<\/p>\n<p>\u2714 Ricambio originale Dell OEM (5C7D2)<\/p>\n<p>\u2714 Estratta da un tablet Latitude 7202 funzionante<\/p>\n<p>\u2714 Completamente testata &#8211; funzionante<\/p>\n<p>\u2714 Nessuna garanzia inclusa<\/p>\n<p>\u2714 Le foto mostrano l&#8217;unit\u00e0 reale<\/p>\n<p>Disponibilit\u00e0 UE &#8211; Spedizione in tutto il mondo disponibile<\/p>\n","protected":false},"featured_media":21072,"template":"","meta":[],"product_brand":[],"product_cat":[28],"product_tag":[18],"class_list":{"0":"post-21018","1":"product","2":"type-product","3":"status-publish","4":"has-post-thumbnail","6":"product_cat-motherboards-board-parts","7":"product_tag-dell","9":"first","10":"instock","11":"taxable","12":"shipping-taxable","13":"purchasable","14":"product-type-simple"},"_links":{"self":[{"href":"https:\/\/boreait.com\/it\/wp-json\/wp\/v2\/product\/21018","targetHints":{"allow":["GET"]}}],"collection":[{"href":"https:\/\/boreait.com\/it\/wp-json\/wp\/v2\/product"}],"about":[{"href":"https:\/\/boreait.com\/it\/wp-json\/wp\/v2\/types\/product"}],"wp:featuredmedia":[{"embeddable":true,"href":"https:\/\/boreait.com\/it\/wp-json\/wp\/v2\/media\/21072"}],"wp:attachment":[{"href":"https:\/\/boreait.com\/it\/wp-json\/wp\/v2\/media?parent=21018"}],"wp:term":[{"taxonomy":"product_brand","embeddable":true,"href":"https:\/\/boreait.com\/it\/wp-json\/wp\/v2\/product_brand?post=21018"},{"taxonomy":"product_cat","embeddable":true,"href":"https:\/\/boreait.com\/it\/wp-json\/wp\/v2\/product_cat?post=21018"},{"taxonomy":"product_tag","embeddable":true,"href":"https:\/\/boreait.com\/it\/wp-json\/wp\/v2\/product_tag?post=21018"}],"curies":[{"name":"wp","href":"https:\/\/api.w.org\/{rel}","templated":true}]}}