{"id":20984,"date":"2025-07-25T13:53:58","date_gmt":"2025-07-25T13:53:58","guid":{"rendered":"https:\/\/boreait.com\/it\/?post_type=product&#038;p=20984"},"modified":"2025-07-25T13:55:18","modified_gmt":"2025-07-25T13:55:18","slug":"scheda-wifi-robusta-dell-latitude-12-7204-usata-e-testata-0gpfnk-7260ngw","status":"publish","type":"product","link":"https:\/\/boreait.com\/it\/product\/scheda-wifi-robusta-dell-latitude-12-7204-usata-e-testata-0gpfnk-7260ngw\/","title":{"rendered":"Scheda WiFi robusta Dell Latitude 12 7204 usata e testata 0GPFNK 7260NGW"},"content":{"rendered":"<p><strong>Scheda WiFi usata per Dell Latitude 12 7204 Rugged (0GPFNK \/ Intel 7260NGW)<\/strong><\/p>\n<p>Questa scheda wireless usata \u00e8 stata rimossa da un laptop Dell Latitude 12 7204 Rugged funzionante. La scheda \u00e8 stata testata ed \u00e8 perfettamente funzionante. <\/p>\n<p><strong>Dettagli del prodotto:<\/strong><\/p>\n<ul>\n<li>Codice prodotto Dell: 0GPFNK<\/li>\n<li>Codice prodotto Intel: 7260NGW<\/li>\n<li>WiFi 802.11ac dual-band + Bluetooth 4.0<\/li>\n<li>Testato funzionante prima della rimozione<\/li>\n<li>Nessuna garanzia inclusa<\/li>\n<li>Unit\u00e0 reale in foto<\/li>\n<\/ul>\n<p><strong>Compatibilit\u00e0:<\/strong><\/p>\n<p>Compatibile solo con:<\/p>\n<ul>\n<li>Dell Latitude 12 7204 Rugged<\/li>\n<li>Pu\u00f2 essere compatibile con altri modelli Dell Rugged (verificare prima dell\u2019acquisto)<\/li>\n<\/ul>\n<p><strong>Note importanti:<\/strong><\/p>\n<ul>\n<li>Verifica il tuo modello prima dell\u2019acquisto<\/li>\n<li>Installazione professionale consigliata<\/li>\n<li>Venduto cos\u00ec com\u2019\u00e8 (nessun reso per problemi di compatibilit\u00e0)<\/li>\n<li>Solo scheda (antenne\/cavi non inclusi)<\/li>\n<\/ul>\n<p><strong>Spedizione:<\/strong><\/p>\n<ul>\n<li>Spedizione dall\u2019UE entro 24 ore<\/li>\n<li>Consegna in tutto il mondo disponibile<\/li>\n<li>Tracciamento disponibile<\/li>\n<\/ul>\n<p>Inviaci un messaggio con il codice di matricola del tuo laptop per verificarne la compatibilit\u00e0.<\/p>\n","protected":false},"excerpt":{"rendered":"<p>Scheda WiFi Dell Latitude 12 7204 Rugged usata (0GPFNK \/ 7260NGW)<\/p>\n<p>\u2714 Ritirata da un sistema funzionante<\/p>\n<p>\u2714 Intel Dual-Band Wireless-AC 7260NGW<\/p>\n<p>\u2714 Testata e funzionante &#8211; nessuna garanzia<\/p>\n<p>\u2714 Compatibile con Latitude 12 7204 Rugged<\/p>\n<p>\u2714 Le foto mostrano l&#8217;unit\u00e0 reale<\/p>\n<p>Disponibilit\u00e0 UE &#8211; Spedizione rapida in tutto il mondo<\/p>\n","protected":false},"featured_media":21042,"template":"","meta":[],"product_brand":[],"product_cat":[28],"product_tag":[18],"class_list":{"0":"post-20984","1":"product","2":"type-product","3":"status-publish","4":"has-post-thumbnail","6":"product_cat-motherboards-board-parts","7":"product_tag-dell","9":"first","10":"instock","11":"taxable","12":"shipping-taxable","13":"purchasable","14":"product-type-simple"},"_links":{"self":[{"href":"https:\/\/boreait.com\/it\/wp-json\/wp\/v2\/product\/20984","targetHints":{"allow":["GET"]}}],"collection":[{"href":"https:\/\/boreait.com\/it\/wp-json\/wp\/v2\/product"}],"about":[{"href":"https:\/\/boreait.com\/it\/wp-json\/wp\/v2\/types\/product"}],"wp:featuredmedia":[{"embeddable":true,"href":"https:\/\/boreait.com\/it\/wp-json\/wp\/v2\/media\/21042"}],"wp:attachment":[{"href":"https:\/\/boreait.com\/it\/wp-json\/wp\/v2\/media?parent=20984"}],"wp:term":[{"taxonomy":"product_brand","embeddable":true,"href":"https:\/\/boreait.com\/it\/wp-json\/wp\/v2\/product_brand?post=20984"},{"taxonomy":"product_cat","embeddable":true,"href":"https:\/\/boreait.com\/it\/wp-json\/wp\/v2\/product_cat?post=20984"},{"taxonomy":"product_tag","embeddable":true,"href":"https:\/\/boreait.com\/it\/wp-json\/wp\/v2\/product_tag?post=20984"}],"curies":[{"name":"wp","href":"https:\/\/api.w.org\/{rel}","templated":true}]}}