{"id":20940,"date":"2025-07-25T13:52:41","date_gmt":"2025-07-25T13:52:41","guid":{"rendered":"https:\/\/boreait.com\/it\/?post_type=product&#038;p=20940"},"modified":"2025-07-25T13:54:26","modified_gmt":"2025-07-25T13:54:26","slug":"copertura-porta-hdmi-usb-dell-latitude-12-7204-rugged-extreme-usata-e-testata","status":"publish","type":"product","link":"https:\/\/boreait.com\/it\/product\/copertura-porta-hdmi-usb-dell-latitude-12-7204-rugged-extreme-usata-e-testata\/","title":{"rendered":"Copertura porta HDMI USB Dell Latitude 12 7204 Rugged Extreme usata e testata"},"content":{"rendered":"<p><strong>Copertura per porte HDMI e USB usata per Dell Latitude 12 7204 Rugged Extreme<\/strong><\/p>\n<p>Questa copertura protettiva per porte usata \u00e8 stata rimossa da un laptop Dell Latitude 12 7204 Rugged Extreme funzionante. La copertura \u00e8 stata ispezionata e mostra normale usura, ma mantiene la corretta funzionalit\u00e0. <\/p>\n<p><strong>Dettagli principali:<\/strong><\/p>\n<ul>\n<li>Usato (vedi foto reali)<\/li>\n<li>Parte OEM originale Dell<\/li>\n<li>Copre porte HDMI e USB<\/li>\n<li>Testato per una corretta compatibilit\u00e0<\/li>\n<li>Nessuna garanzia fornita<\/li>\n<li>Venduto cos\u00ec com\u2019\u00e8<\/li>\n<\/ul>\n<p><strong>Compatibilit\u00e0:<\/strong><\/p>\n<p>Compatibile solo con:<\/p>\n<ul>\n<li>Dell Latitude 12 7204 Rugged Extreme<\/li>\n<li>Non compatibile con 7214 o altri modelli<\/li>\n<\/ul>\n<p><strong>Note importanti:<\/strong><\/p>\n<ul>\n<li>Verificare il modello esatto del laptop prima di ordinare<\/li>\n<li>Questa \u00e8 solo la cover protettiva (porte o cavi non inclusi)\n<li>Si consiglia l\u2019installazione professionale<\/li>\n<li>Nessun reso per problemi di compatibilit\u00e0<\/li>\n<\/ul>\n<p><strong>Informazioni sulla spedizione:<\/strong><\/p>\n<ul>\n<li>Spedito dal nostro magazzino UE<\/li>\n<li>Spedito entro 24 ore nei giorni lavorativi<\/li>\n<li>Spedizione in tutto il mondo disponibile<\/li>\n<li>Numero di tracciamento fornito<\/li>\n<\/ul>\n<p>Inviaci un messaggio con il numero di serie del tuo laptop se hai bisogno di una conferma di compatibilit\u00e0.<\/p>\n","protected":false},"excerpt":{"rendered":"<p>Cover per porte HDMI e USB usata per Dell Latitude 7204 Rugged Extreme<\/p>\n<p>\u2714 Cover protettiva originale OEM<\/p>\n<p>\u2714 Rimossa dal sistema funzionante<\/p>\n<p>\u2714 Testata e compatibile &#8211; nessuna garanzia<\/p>\n<p>\u2714 Compatibile con Latitude 12 7204 Rugged Extreme<\/p>\n<p>\u2714 Mostra l&#8217;articolo reale nelle foto<\/p>\n<p>Disponibilit\u00e0 UE &#8211; Spedizione il giorno stesso o il giorno successivo<\/p>\n","protected":false},"featured_media":21009,"template":"","meta":[],"product_brand":[],"product_cat":[17],"product_tag":[18],"class_list":{"0":"post-20940","1":"product","2":"type-product","3":"status-publish","4":"has-post-thumbnail","6":"product_cat-laptop-housing","7":"product_tag-dell","9":"first","10":"instock","11":"taxable","12":"shipping-taxable","13":"purchasable","14":"product-type-simple"},"_links":{"self":[{"href":"https:\/\/boreait.com\/it\/wp-json\/wp\/v2\/product\/20940","targetHints":{"allow":["GET"]}}],"collection":[{"href":"https:\/\/boreait.com\/it\/wp-json\/wp\/v2\/product"}],"about":[{"href":"https:\/\/boreait.com\/it\/wp-json\/wp\/v2\/types\/product"}],"wp:featuredmedia":[{"embeddable":true,"href":"https:\/\/boreait.com\/it\/wp-json\/wp\/v2\/media\/21009"}],"wp:attachment":[{"href":"https:\/\/boreait.com\/it\/wp-json\/wp\/v2\/media?parent=20940"}],"wp:term":[{"taxonomy":"product_brand","embeddable":true,"href":"https:\/\/boreait.com\/it\/wp-json\/wp\/v2\/product_brand?post=20940"},{"taxonomy":"product_cat","embeddable":true,"href":"https:\/\/boreait.com\/it\/wp-json\/wp\/v2\/product_cat?post=20940"},{"taxonomy":"product_tag","embeddable":true,"href":"https:\/\/boreait.com\/it\/wp-json\/wp\/v2\/product_tag?post=20940"}],"curies":[{"name":"wp","href":"https:\/\/api.w.org\/{rel}","templated":true}]}}