{"id":20772,"date":"2025-07-25T13:48:02","date_gmt":"2025-07-25T13:48:02","guid":{"rendered":"https:\/\/boreait.com\/it\/?post_type=product&#038;p=20772"},"modified":"2025-07-25T13:49:04","modified_gmt":"2025-07-25T13:49:04","slug":"cavo-di-giunzione-ush-robusto-per-dell-latitude-7404-usato-0800-0ge2b00","status":"publish","type":"product","link":"https:\/\/boreait.com\/it\/product\/cavo-di-giunzione-ush-robusto-per-dell-latitude-7404-usato-0800-0ge2b00\/","title":{"rendered":"Cavo di giunzione USH robusto per Dell Latitude 7404 usato 0800-0GE2B00"},"content":{"rendered":"<p>Cavo di giunzione USH usato per Dell Latitude 7404 Rugged (0800-0GE2B00)<\/p>\n<p>Questo cavo di giunzione USH usato \u00e8 stato rimosso da un laptop Dell Latitude 7404 Rugged funzionante. Il cavo \u00e8 stato testato ed \u00e8 funzionante. <\/p>\n<p><strong>Dettagli del prodotto:<\/strong><\/p>\n<ul>\n<li>Usato (vedi foto reali)<\/li>\n<li>Codice prodotto originale Dell: 0800-0GE2B00<\/li>\n<li>Testato funzionante prima della rimozione<\/li>\n<li>Venduto cos\u00ec com\u2019\u00e8 (nessuna garanzia inclusa)<\/li>\n<li>Mostra l\u2019unit\u00e0 esatta che riceverai<\/li>\n<\/ul>\n<p><strong>Compatibilit\u00e0:<\/strong><\/p>\n<p>Compatibile solo con:<\/p>\n<ul>\n<li>Modelli Dell Latitude 7404 Rugged<\/li>\n<li>Non compatibile con le versioni non Rugged<\/li>\n<\/ul>\n<p><strong>Note importanti:<\/strong><\/p>\n<ul>\n<li>Verifica il modello del tuo laptop prima di ordinare<\/li>\n<li>Si consiglia l\u2019installazione professionale<\/li>\n<li>Nessun reso per problemi di compatibilit\u00e0<\/li>\n<li>Solo cavo (nessun altro componente incluso)<\/li>\n<\/ul>\n<p><strong>Informazioni sulla spedizione:<\/strong><\/p>\n<ul>\n<li>Spedito dal magazzino europeo<\/li>\n<li>Spedito entro 24 ore<\/li>\n<li>Consegna in tutto il mondo disponibile<\/li>\n<li>Numero di tracciamento fornito<\/li>\n<\/ul>\n<p>Per confermare la compatibilit\u00e0, inviaci un messaggio con il numero di matricola del tuo laptop.<\/p>\n","protected":false},"excerpt":{"rendered":"<p>Cavo scheda di giunzione USH usato per Dell Latitude 7404 Rugged 0800-0GE2B00<\/p>\n<p>\u2714 Ritirato da un sistema funzionante<\/p>\n<p>\u2714 Testato e funzionante &#8211; nessuna garanzia<\/p>\n<p>\u2714 Compatibile con Latitude 7404 Rugged<\/p>\n<p>\u2714 Ricambio originale Dell 0800-0GE2B00<\/p>\n<p>\u2714 Unit\u00e0 reale mostrata in foto<\/p>\n<p>Disponibilit\u00e0 UE &#8211; Spedizione rapida in tutto il mondo<\/p>\n","protected":false},"featured_media":20823,"template":"","meta":[],"product_brand":[],"product_cat":[17],"product_tag":[18],"class_list":{"0":"post-20772","1":"product","2":"type-product","3":"status-publish","4":"has-post-thumbnail","6":"product_cat-laptop-housing","7":"product_tag-dell","9":"first","10":"instock","11":"taxable","12":"shipping-taxable","13":"purchasable","14":"product-type-simple"},"_links":{"self":[{"href":"https:\/\/boreait.com\/it\/wp-json\/wp\/v2\/product\/20772","targetHints":{"allow":["GET"]}}],"collection":[{"href":"https:\/\/boreait.com\/it\/wp-json\/wp\/v2\/product"}],"about":[{"href":"https:\/\/boreait.com\/it\/wp-json\/wp\/v2\/types\/product"}],"wp:featuredmedia":[{"embeddable":true,"href":"https:\/\/boreait.com\/it\/wp-json\/wp\/v2\/media\/20823"}],"wp:attachment":[{"href":"https:\/\/boreait.com\/it\/wp-json\/wp\/v2\/media?parent=20772"}],"wp:term":[{"taxonomy":"product_brand","embeddable":true,"href":"https:\/\/boreait.com\/it\/wp-json\/wp\/v2\/product_brand?post=20772"},{"taxonomy":"product_cat","embeddable":true,"href":"https:\/\/boreait.com\/it\/wp-json\/wp\/v2\/product_cat?post=20772"},{"taxonomy":"product_tag","embeddable":true,"href":"https:\/\/boreait.com\/it\/wp-json\/wp\/v2\/product_tag?post=20772"}],"curies":[{"name":"wp","href":"https:\/\/api.w.org\/{rel}","templated":true}]}}