{"id":20749,"date":"2025-07-25T13:47:36","date_gmt":"2025-07-25T13:47:36","guid":{"rendered":"https:\/\/boreait.com\/it\/?post_type=product&#038;p=20749"},"modified":"2025-07-25T13:48:31","modified_gmt":"2025-07-25T13:48:31","slug":"porta-usb-usata-per-dell-latitude-14-7404-testata-e-funzionante","status":"publish","type":"product","link":"https:\/\/boreait.com\/it\/product\/porta-usb-usata-per-dell-latitude-14-7404-testata-e-funzionante\/","title":{"rendered":"Porta USB usata per Dell Latitude 14 7404 &#8211; Testata e funzionante"},"content":{"rendered":"<p>Sportello per porte USB usato per Dell Latitude 14 7404 \u2013 Ricambio originale<\/p>\n<p>Questo sportello per porte USB usato \u00e8 stato rimosso da un laptop Dell Latitude 14 7404 funzionante. Il componente \u00e8 stato ispezionato ed \u00e8 in buone condizioni. <\/p>\n<p><strong>Dettagli del prodotto:<\/strong><\/p>\n<ul>\n<li>Parte di ricambio originale Dell<\/li>\n<li>Usato (vedi foto reali)<\/li>\n<li>Testato funzionante prima della rimozione<\/li>\n<li>Nessuna garanzia inclusa<\/li>\n<li>Mostra l\u2019unit\u00e0 esatta che riceverai<\/li>\n<\/ul>\n<p><strong>Compatibilit\u00e0:<\/strong><\/p>\n<p>Compatibile solo con:<\/p>\n<ul>\n<li>Modelli Dell Latitude 14 7404<\/li>\n<li>Non compatibile con altre versioni di Latitude<\/li>\n<\/ul>\n<p><strong>Note importanti:<\/strong><\/p>\n<ul>\n<li>Verifica il modello del tuo laptop prima di ordinare<\/li>\n<li>Si consiglia l\u2019installazione professionale<\/li>\n<li>Venduto cos\u00ec com\u2019\u00e8 (nessun reso per compatibilit\u00e0) problemi)<\/li>\n<li>Solo sportello (viti o altri accessori non inclusi)<\/li>\n<\/ul>\n<p><strong>Informazioni sulla spedizione:<\/strong><\/p>\n<ul>\n<li>Spedito dal nostro magazzino UE<\/li>\n<li>Spedito entro 24 ore<\/li>\n<li>Consegna disponibile in tutto il mondo<\/li>\n<li>Numero di tracciamento fornito<\/li>\n<\/ul>\n<p>Per domande sulla compatibilit\u00e0, inviaci un messaggio con il numero di matricola del tuo laptop.<\/p>\n","protected":false},"excerpt":{"rendered":"<p>Sportello porte USB usato per Dell Latitude 14 7404 &#8211; Ricambio originale<\/p>\n<p>\u2714 Ricambio originale Dell<\/p>\n<p>\u2714 Ritirato da un sistema funzionante<\/p>\n<p>\u2714 Testato e funzionante &#8211; nessuna garanzia<\/p>\n<p>\u2714 Adatto perfettamente al Latitude 14 7404<\/p>\n<p>\u2714 Le foto mostrano l&#8217;unit\u00e0 reale<\/p>\n<p>Disponibilit\u00e0 UE &#8211; Spedizione rapida in tutto il mondo<\/p>\n","protected":false},"featured_media":20799,"template":"","meta":[],"product_brand":[],"product_cat":[17],"product_tag":[18],"class_list":{"0":"post-20749","1":"product","2":"type-product","3":"status-publish","4":"has-post-thumbnail","6":"product_cat-laptop-housing","7":"product_tag-dell","9":"first","10":"instock","11":"taxable","12":"shipping-taxable","13":"purchasable","14":"product-type-simple"},"_links":{"self":[{"href":"https:\/\/boreait.com\/it\/wp-json\/wp\/v2\/product\/20749","targetHints":{"allow":["GET"]}}],"collection":[{"href":"https:\/\/boreait.com\/it\/wp-json\/wp\/v2\/product"}],"about":[{"href":"https:\/\/boreait.com\/it\/wp-json\/wp\/v2\/types\/product"}],"wp:featuredmedia":[{"embeddable":true,"href":"https:\/\/boreait.com\/it\/wp-json\/wp\/v2\/media\/20799"}],"wp:attachment":[{"href":"https:\/\/boreait.com\/it\/wp-json\/wp\/v2\/media?parent=20749"}],"wp:term":[{"taxonomy":"product_brand","embeddable":true,"href":"https:\/\/boreait.com\/it\/wp-json\/wp\/v2\/product_brand?post=20749"},{"taxonomy":"product_cat","embeddable":true,"href":"https:\/\/boreait.com\/it\/wp-json\/wp\/v2\/product_cat?post=20749"},{"taxonomy":"product_tag","embeddable":true,"href":"https:\/\/boreait.com\/it\/wp-json\/wp\/v2\/product_tag?post=20749"}],"curies":[{"name":"wp","href":"https:\/\/api.w.org\/{rel}","templated":true}]}}