{"id":20682,"date":"2025-07-25T13:46:01","date_gmt":"2025-07-25T13:46:01","guid":{"rendered":"https:\/\/boreait.com\/it\/?post_type=product&#038;p=20682"},"modified":"2025-07-25T13:47:31","modified_gmt":"2025-07-25T13:47:31","slug":"sportello-porta-hdmi-e-usb-per-latitude-rugged-e7214-ricambio-originale-per-laptop","status":"publish","type":"product","link":"https:\/\/boreait.com\/it\/product\/sportello-porta-hdmi-e-usb-per-latitude-rugged-e7214-ricambio-originale-per-laptop\/","title":{"rendered":"Sportello porta HDMI e USB per Latitude Rugged E7214 \u2013 Ricambio originale per laptop"},"content":{"rendered":"<p class=\"\" data-start=\"614\" data-end=\"876\">Ripristina il tuo laptop <strong data-start=\"627\" data-end=\"652\">Latitude Rugged E7214<\/strong> alle sue condizioni originali con questo <strong data-start=\"696\" data-end=\"730\">sportello porta HDMI e USB originale<\/strong> sostitutivo. Se la copertura della porta attuale \u00e8 rotta o mancante, questo componente resistente garantisce la protezione delle porte e il dispositivo sembra nuovo.<\/p>\n<p class=\"\" data-start=\"878\" data-end=\"1313\">\ud83d\udd39 <strong data-start=\"881\" data-end=\"898\">Caratteristiche principali:<\/strong><br data-start=\"898\" data-end=\"901\" \/>\u2714 <strong data-start=\"903\" data-end=\"941\">Ricambio originale per Latitude Rugged E7214<\/strong> \u2013 Ricambio originale di alta qualit\u00e0<br data-start=\"978\" data-end=\"981\" \/>\u2714 <strong data-start=\"983\" data-end=\"998\">Vestibilit\u00e0 perfetta<\/strong> \u2013 Progettato specificamente per <strong data-start=\"1031\" data-end=\"1056\">Latitude E7214 Rugged<\/strong><br data-start=\"1056\" data-end=\"1059\" \/>\u2714 <strong data-start=\"1061\" data-end=\"1093\">Struttura in plastica resistente<\/strong> \u2013 Protegge le porte HDMI e USB da polvere e danni<br data-start=\"1149\" data-end=\"1152\" \/>\u2714 <strong data-start=\"1154\" data-end=\"1175\">Installazione semplice<\/strong> \u2013 Agganciare facilmente la copertura in posizione per proteggere le porte<br data-start=\"1231\" data-end=\"1234\" \/>\u2714 <strong data-start=\"1236\" data-end=\"1251\">Foto reali<\/strong> \u2013 Ci\u00f2 che vedi nelle immagini \u00e8 esattamente ci\u00f2 che riceverai<\/p>\n<p class=\"\" data-start=\"1315\" data-end=\"1338\">\ud83d\udca1 <strong data-start=\"1318\" data-end=\"1336\">Compatibilit\u00e0:<\/strong><\/p>\n<ul data-start=\"1339\" data-end=\"1475\">\n<li class=\"\" data-start=\"1339\" data-end=\"1389\">\n<p class=\"\" data-start=\"1341\" data-end=\"1389\">Compatibile con <strong data-start=\"1357\" data-end=\"1387\">Dell Latitude Rugged E7214<\/strong><\/p>\n<\/li>\n<li class=\"\" data-start=\"1390\" data-end=\"1475\">\n<p class=\"\" data-start=\"1392\" data-end=\"1475\">Perfetto per sostituire lo <strong data-start=\"1418\" data-end=\"1444\">sportello per porte HDMI e USB<\/strong> che protegge i dispositivi critici porte<\/p>\n<\/li>\n<\/ul>\n<p class=\"\" data-start=\"1477\" data-end=\"1614\">\ud83d\udcf8 <strong data-start=\"1480\" data-end=\"1496\">Foto reali:<\/strong> Le foto nell\u2019annuncio rappresentano la porta reale del <strong data-start=\"1544\" data-end=\"1569\">Latitude Rugged E7214<\/strong> <strong data-start=\"1570\" data-end=\"1583\">porta<\/strong> che riceverai \u2013 nessuna sorpresa!<\/p>\n<p class=\"\" data-start=\"1616\" data-end=\"1742\">\u2753 <strong data-start=\"1618\" data-end=\"1632\">Hai bisogno di aiuto?<\/strong> Non forniamo istruzioni di installazione dettagliate, ma se hai bisogno di assistenza, non esitare a <strong data-start=\"1725\" data-end=\"1739\">Inviaci un messaggio<\/strong>!<\/p>\n<p class=\"\" data-start=\"1744\" data-end=\"1844\">\ud83d\udce6 <strong data-start=\"1747\" data-end=\"1775\">Spedizione rapida in tutto il mondo!<\/strong> Riporta il tuo laptop in perfette condizioni con questo <strong data-start=\"1820\" data-end=\"1841\">sportello originale<\/strong>.<\/p>\n","protected":false},"excerpt":{"rendered":"<p class=\"\" data-start=\"306\" data-end=\"533\">Sostituisci la tua <strong data-start=\"338\" data-end=\"364\">porta HDMI e USB<\/strong> danneggiata o mancante con questo <strong data-start=\"375\" data-end=\"413\">ricambio originale per Latitude Rugged E7214<\/strong>. Una soluzione perfetta per una protezione impeccabile delle porte del tuo laptop. <strong data-start=\"477\" data-end=\"533\">Foto reali incluse: ottieni esattamente ci\u00f2 che vedi!<\/strong><\/p>\n","protected":false},"featured_media":20744,"template":"","meta":[],"product_brand":[],"product_cat":[17],"product_tag":[18],"class_list":{"0":"post-20682","1":"product","2":"type-product","3":"status-publish","4":"has-post-thumbnail","6":"product_cat-laptop-housing","7":"product_tag-dell","9":"first","10":"instock","11":"taxable","12":"shipping-taxable","13":"purchasable","14":"product-type-simple"},"_links":{"self":[{"href":"https:\/\/boreait.com\/it\/wp-json\/wp\/v2\/product\/20682","targetHints":{"allow":["GET"]}}],"collection":[{"href":"https:\/\/boreait.com\/it\/wp-json\/wp\/v2\/product"}],"about":[{"href":"https:\/\/boreait.com\/it\/wp-json\/wp\/v2\/types\/product"}],"wp:featuredmedia":[{"embeddable":true,"href":"https:\/\/boreait.com\/it\/wp-json\/wp\/v2\/media\/20744"}],"wp:attachment":[{"href":"https:\/\/boreait.com\/it\/wp-json\/wp\/v2\/media?parent=20682"}],"wp:term":[{"taxonomy":"product_brand","embeddable":true,"href":"https:\/\/boreait.com\/it\/wp-json\/wp\/v2\/product_brand?post=20682"},{"taxonomy":"product_cat","embeddable":true,"href":"https:\/\/boreait.com\/it\/wp-json\/wp\/v2\/product_cat?post=20682"},{"taxonomy":"product_tag","embeddable":true,"href":"https:\/\/boreait.com\/it\/wp-json\/wp\/v2\/product_tag?post=20682"}],"curies":[{"name":"wp","href":"https:\/\/api.w.org\/{rel}","templated":true}]}}