{"id":20620,"date":"2025-07-25T13:44:24","date_gmt":"2025-07-25T13:44:24","guid":{"rendered":"https:\/\/boreait.com\/it\/?post_type=product&#038;p=20620"},"modified":"2025-07-25T13:45:51","modified_gmt":"2025-07-25T13:45:51","slug":"set-da-caffe-te-vintage-in-porcellana-zajecar-jugoslavia-6-tazze-e-piattini","status":"publish","type":"product","link":"https:\/\/boreait.com\/it\/product\/set-da-caffe-te-vintage-in-porcellana-zajecar-jugoslavia-6-tazze-e-piattini\/","title":{"rendered":"Set da caff\u00e8\/t\u00e8 vintage in porcellana Zajecar Jugoslavia &#8211; 6 tazze e piattini"},"content":{"rendered":"<p class=\"\" data-start=\"475\" data-end=\"849\">Aggiungi un fascino senza tempo alla tua tavola con questo squisito <strong data-start=\"528\" data-end=\"560\">servizio da caff\u00e8\/t\u00e8 vintage in porcellana<\/strong> proveniente da <strong data-start=\"566\" data-end=\"577\">Zaje\u010dar<\/strong>, Jugoslavia. Questo set completo include <strong data-start=\"618\" data-end=\"656\">6 tazzine da caff\u00e8 espresso finemente lavorate<\/strong> e piattini coordinati, ciascuna decorata con <strong data-start=\"694\" data-end=\"732\">scene romantiche in stile XVIII secolo<\/strong> di una coppia in un giardino, circondata da un rigoglioso fogliame e impreziosita da <strong data-start=\"802\" data-end=\"823\">fini accenti in oro<\/strong> su bordi e manici.<\/p>\n<p class=\"\" data-start=\"851\" data-end=\"1090\">Realizzato prima della dissoluzione della Jugoslavia, questo set riflette l\u2019eleganza e la qualit\u00e0 della porcellana dell\u2019Europa orientale della met\u00e0 del XX secolo. Il marchio del produttore sul fondo ne conferma l\u2019autenticit\u00e0: <strong data-start=\"1062\" data-end=\"1089\">TP Zaje\u010dar \u2013 Jugoslavia<\/strong>.<\/p>\n<p class=\"\" data-start=\"1092\" data-end=\"1249\"><strong data-start=\"1092\" data-end=\"1106\">Condizioni:<\/strong><br data-start=\"1106\" data-end=\"1109\" \/>Tutti i pezzi sono in eccellenti condizioni vintage, senza scheggiature o crepe. Potrebbero essere presenti lievi segni di usura sulle finiture dorate, dovuti all\u2019et\u00e0 e all\u2019uso.<\/p>\n<p class=\"\" data-start=\"1251\" data-end=\"1266\"><strong data-start=\"1251\" data-end=\"1264\">Include:<\/strong><\/p>\n<ul data-start=\"1267\" data-end=\"1353\">\n<li class=\"\" data-start=\"1267\" data-end=\"1286\">\n<p class=\"\" data-start=\"1269\" data-end=\"1286\">6 tazzine da caff\u00e8<\/p>\n<\/li>\n<li class=\"\" data-start=\"1287\" data-end=\"1309\">\n<p class=\"\" data-start=\"1289\" data-end=\"1309\">6 piattini coordinati<\/p>\n<\/li>\n<li class=\"\" data-start=\"1310\" data-end=\"1353\">\n<p class=\"\" data-start=\"1312\" data-end=\"1353\">Design vintage originale \u2013 modello n. 160<\/p>\n<\/li>\n<\/ul>\n<p class=\"\" data-start=\"1355\" data-end=\"1518\">Perfetto per collezionisti, amanti del vintage o chiunque apprezzi l\u2019artigianato europeo di qualit\u00e0. Usalo per esporre o come un\u2019aggiunta affascinante al tuo rituale del caff\u00e8.<\/p>\n<p class=\"\" data-start=\"1520\" data-end=\"1568\">\ud83d\udce6 <strong data-start=\"1523\" data-end=\"1568\">Spedito con cura e imballaggio protettivo.<\/strong><\/p>\n","protected":false},"excerpt":{"rendered":"<p>Splendido set da caff\u00e8 vintage in porcellana di Zaje\u010dar, Jugoslavia. Include 6 tazze finemente decorate con piattini coordinati, decorati con romantiche scene in stile rococ\u00f2 ed eleganti dettagli in oro. Un perfetto oggetto da collezione o un regalo raffinato.<\/p>\n","protected":false},"featured_media":20676,"template":"","meta":[],"product_brand":[],"product_cat":[78],"product_tag":[],"class_list":{"0":"post-20620","1":"product","2":"type-product","3":"status-publish","4":"has-post-thumbnail","6":"product_cat-vintage-antiques-retro","8":"first","9":"instock","10":"taxable","11":"shipping-taxable","12":"purchasable","13":"product-type-simple"},"_links":{"self":[{"href":"https:\/\/boreait.com\/it\/wp-json\/wp\/v2\/product\/20620","targetHints":{"allow":["GET"]}}],"collection":[{"href":"https:\/\/boreait.com\/it\/wp-json\/wp\/v2\/product"}],"about":[{"href":"https:\/\/boreait.com\/it\/wp-json\/wp\/v2\/types\/product"}],"wp:featuredmedia":[{"embeddable":true,"href":"https:\/\/boreait.com\/it\/wp-json\/wp\/v2\/media\/20676"}],"wp:attachment":[{"href":"https:\/\/boreait.com\/it\/wp-json\/wp\/v2\/media?parent=20620"}],"wp:term":[{"taxonomy":"product_brand","embeddable":true,"href":"https:\/\/boreait.com\/it\/wp-json\/wp\/v2\/product_brand?post=20620"},{"taxonomy":"product_cat","embeddable":true,"href":"https:\/\/boreait.com\/it\/wp-json\/wp\/v2\/product_cat?post=20620"},{"taxonomy":"product_tag","embeddable":true,"href":"https:\/\/boreait.com\/it\/wp-json\/wp\/v2\/product_tag?post=20620"}],"curies":[{"name":"wp","href":"https:\/\/api.w.org\/{rel}","templated":true}]}}