{"id":20492,"date":"2025-07-25T13:40:32","date_gmt":"2025-07-25T13:40:32","guid":{"rendered":"https:\/\/boreait.com\/it\/?post_type=product&#038;p=20492"},"modified":"2026-02-08T11:47:28","modified_gmt":"2026-02-08T11:47:28","slug":"scheda-wi-fi-apache-msi-ge60-2pc-3160hmw-modulo-wireless-ac-dual-band-per-laptop","status":"publish","type":"product","link":"https:\/\/boreait.com\/it\/product\/scheda-wi-fi-apache-msi-ge60-2pc-3160hmw-modulo-wireless-ac-dual-band-per-laptop\/","title":{"rendered":"Scheda Wi-Fi Apache MSI GE60 2PC 3160HMW \u2013 Modulo wireless AC dual band per laptop"},"content":{"rendered":"<p data-start=\"593\" data-end=\"862\">Potenzia le prestazioni wireless del tuo laptop con questa <strong data-start=\"644\" data-end=\"696\">scheda Intel 3160HMW Dual Band Wireless-AC originale<\/strong>, progettata per <strong data-start=\"715\" data-end=\"738\">MSI GE60 2PC Apache<\/strong>. Scopri <strong data-start=\"751\" data-end=\"814\">velocit\u00e0 pi\u00f9 elevate, connessioni pi\u00f9 potenti e stabilit\u00e0 migliorata<\/strong> per gaming, streaming e navigazione senza interruzioni.<\/p>\n<p data-start=\"864\" data-end=\"1265\">\ud83d\udd39 <strong data-start=\"867\" data-end=\"884\">Caratteristiche principali:<\/strong><br data-start=\"884\" data-end=\"887\" \/>\u2714 <strong data-start=\"889\" data-end=\"928\">Scheda wireless Intel 3160HMW originale<\/strong> \u2013 Garantisce connettivit\u00e0 Wi-Fi ad alta velocit\u00e0<br data-start=\"968\" data-end=\"971\" \/>\u2714 <strong data-start=\"973\" data-end=\"1002\">Dual Band (2,4 GHz e 5 GHz)<\/strong> \u2013 Prestazioni Internet pi\u00f9 veloci e stabili<br data-start=\"1048\" data-end=\"1051\" \/>\u2714 <strong data-start=\"1053\" data-end=\"1080\">Supporta Wi-Fi 802.11ac<\/strong> \u2013 Velocit\u00e0 fino a <strong data-start=\"1089\" data-end=\"1101\">433 Mbps<\/strong> su reti a 5 GHz<br data-start=\"1124\" data-end=\"1127\" \/>\u2714 <strong data-start=\"1129\" data-end=\"1155\">Bluetooth 4.0 incluso<\/strong> \u2013 Collega le periferiche con facilit\u00e0<br data-start=\"1187\" data-end=\"1190\" \/>\u2714 <strong data-start=\"1192\" data-end=\"1223\">Interfaccia Mini PCIe compatta<\/strong> \u2013 Facile da installare su laptop compatibili<\/p>\n<p data-start=\"1267\" data-end=\"1290\">\ud83d\udca1 <strong data-start=\"1270\" data-end=\"1288\">Compatibilit\u00e0:<\/strong><\/p>\n<ul data-start=\"1291\" data-end=\"1454\">\n<li data-start=\"1291\" data-end=\"1386\">Progettato per <strong data-start=\"1306\" data-end=\"1329\">MSI GE60 2PC Apache<\/strong> (Verifica la compatibilit\u00e0 con il tuo laptop prima dell\u2019acquisto)<\/li>\n<li data-start=\"1387\" data-end=\"1454\">Funziona con altri laptop che supportano <strong data-start=\"1427\" data-end=\"1452\">schede Wi-Fi Mini PCIe<\/strong><\/li>\n<\/ul>\n<p data-start=\"1456\" data-end=\"1558\">\ud83d\udcf8 <strong data-start=\"1459\" data-end=\"1475\">Foto reali:<\/strong> Le foto in questo annuncio mostrano l\u2019articolo effettivo che riceverai: nessuna sorpresa!<\/p>\n<p data-start=\"1560\" data-end=\"1673\">\u2753 <strong data-start=\"1562\" data-end=\"1582\">Hai bisogno di assistenza?<\/strong> Non forniamo istruzioni di installazione, ma puoi <strong data-start=\"1639\" data-end=\"1653\">inviarci un messaggio<\/strong> in qualsiasi momento per ricevere assistenza!<\/p>\n<p data-start=\"1675\" data-end=\"1785\">\ud83d\udce6 <strong data-start=\"1678\" data-end=\"1706\">Spedizione rapida in tutto il mondo!<\/strong> Riporta il tuo laptop alle massime prestazioni con questo <strong data-start=\"1757\" data-end=\"1782\">wireless originale carta<\/strong>.<\/p>\n","protected":false},"excerpt":{"rendered":"<p>Aggiorna il tuo <strong data-start=\"333\" data-end=\"356\">MSI GE60 2PC Apache<\/strong> con la scheda <strong data-start=\"366\" data-end=\"405\">Intel 3160HMW Dual Band Wireless-AC<\/strong>. Goditi velocit\u00e0 Wi-Fi pi\u00f9 elevate e una connettivit\u00e0 stabile. <strong data-start=\"463\" data-end=\"510\">Foto reali: quello che vedi \u00e8 quello che ottieni!<\/strong><\/p>\n","protected":false},"featured_media":20572,"template":"","meta":[],"product_brand":[],"product_cat":[28],"product_tag":[47],"class_list":{"0":"post-20492","1":"product","2":"type-product","3":"status-publish","4":"has-post-thumbnail","6":"product_cat-motherboards-board-parts","7":"product_tag-msi","9":"first","10":"instock","11":"taxable","12":"shipping-taxable","13":"purchasable","14":"product-type-simple"},"_links":{"self":[{"href":"https:\/\/boreait.com\/it\/wp-json\/wp\/v2\/product\/20492","targetHints":{"allow":["GET"]}}],"collection":[{"href":"https:\/\/boreait.com\/it\/wp-json\/wp\/v2\/product"}],"about":[{"href":"https:\/\/boreait.com\/it\/wp-json\/wp\/v2\/types\/product"}],"wp:featuredmedia":[{"embeddable":true,"href":"https:\/\/boreait.com\/it\/wp-json\/wp\/v2\/media\/20572"}],"wp:attachment":[{"href":"https:\/\/boreait.com\/it\/wp-json\/wp\/v2\/media?parent=20492"}],"wp:term":[{"taxonomy":"product_brand","embeddable":true,"href":"https:\/\/boreait.com\/it\/wp-json\/wp\/v2\/product_brand?post=20492"},{"taxonomy":"product_cat","embeddable":true,"href":"https:\/\/boreait.com\/it\/wp-json\/wp\/v2\/product_cat?post=20492"},{"taxonomy":"product_tag","embeddable":true,"href":"https:\/\/boreait.com\/it\/wp-json\/wp\/v2\/product_tag?post=20492"}],"curies":[{"name":"wp","href":"https:\/\/api.w.org\/{rel}","templated":true}]}}