{"id":20491,"date":"2025-07-25T13:40:32","date_gmt":"2025-07-25T13:40:32","guid":{"rendered":"https:\/\/boreait.com\/it\/?post_type=product&#038;p=20491"},"modified":"2025-07-25T13:43:03","modified_gmt":"2025-07-25T13:43:03","slug":"cerniere-per-laptop-msi-ge60-apache-2-pezzi-set-cerniere-sinistra-e-destra-originali","status":"publish","type":"product","link":"https:\/\/boreait.com\/it\/product\/cerniere-per-laptop-msi-ge60-apache-2-pezzi-set-cerniere-sinistra-e-destra-originali\/","title":{"rendered":"Cerniere per laptop MSI GE60 Apache 2 pezzi \u2013 Set cerniere sinistra e destra originali"},"content":{"rendered":"<p data-start=\"556\" data-end=\"774\">Riporta in vita il tuo laptop con questo <strong data-start=\"597\" data-end=\"639\">set di cerniere Apache 2PC MSI GE60 originale<\/strong>. Se lo schermo del tuo laptop \u00e8 allentato, traballante o non rimane in posizione, la sostituzione delle cerniere pu\u00f2 ripristinare la fluidit\u00e0 e la durata.<\/p>\n<p data-start=\"776\" data-end=\"1185\">\ud83d\udd39 <strong data-start=\"779\" data-end=\"796\">Caratteristiche principali:<\/strong><br data-start=\"796\" data-end=\"799\" \/>\u2714 <strong data-start=\"801\" data-end=\"823\">Cerniere MSI originali<\/strong> \u2013 Progettate specificamente per laptop MSI GE60 2PC Apache<br data-start=\"879\" data-end=\"882\" \/>\u2714 <strong data-start=\"884\" data-end=\"916\">Sinistra e Cerniere a destra incluse<\/strong> \u2013 Set di sostituzione completo<br data-start=\"943\" data-end=\"946\" \/>\u2714 <strong data-start=\"948\" data-end=\"978\">Struttura in metallo resistente<\/strong> \u2013 Costruita per durare e resistere all\u2019uso quotidiano<br data-start=\"1018\" data-end=\"1021\" \/>\u2714 <strong data-start=\"1023\" data-end=\"1038\">Vestibilit\u00e0 perfetta<\/strong> \u2013 Progettata per un\u2019installazione senza problemi<br data-start=\"1077\" data-end=\"1080\" \/>\u2714 <strong data-start=\"1082\" data-end=\"1105\">Risolve problemi comuni<\/strong> \u2013 Ideale se lo schermo del laptop \u00e8 allentato, non rimane aperto o ha le cerniere rotte<\/p>\n<p data-start=\"1187\" data-end=\"1210\">\ud83d\udca1 <strong data-start=\"1190\" data-end=\"1208\">Compatibilit\u00e0:<\/strong><\/p>\n<ul data-start=\"1211\" data-end=\"1339\">\n<li data-start=\"1211\" data-end=\"1286\">Compatibile con <strong data-start=\"1218\" data-end=\"1241\">MSI GE60 2PC Apache<\/strong> (Verificare il modello del laptop prima dell\u2019acquisto)<\/li>\n<li data-start=\"1287\" data-end=\"1339\">Sostituzione diretta per cerniere usurate o rotte<\/li>\n<\/ul>\n<p data-start=\"1341\" data-end=\"1450\">\ud83d\udcf8 <strong data-start=\"1344\" data-end=\"1360\">Foto reali:<\/strong> Le immagini in questo annuncio mostrano le cerniere effettive che riceverete \u2013 non disponibili in magazzino Immagini!<\/p>\n<p data-start=\"1452\" data-end=\"1606\">\u2753 <strong data-start=\"1454\" data-end=\"1474\">Hai bisogno di assistenza?<\/strong> Sebbene non siano fornite istruzioni di installazione, non esitare a <strong data-start=\"1538\" data-end=\"1552\">inviarci un messaggio<\/strong> se hai bisogno di aiuto prima o dopo l\u2019acquisto.<\/p>\n<p data-start=\"1608\" data-end=\"1716\">\ud83d\udce6 <strong data-start=\"1611\" data-end=\"1639\">Spedizione rapida in tutto il mondo!<\/strong> Rimetti in forma il tuo laptop con questo <strong data-start=\"1680\" data-end=\"1713\">set di cerniere Apache 2 pezzi per MSI GE60<\/strong>.<\/p>\n","protected":false},"excerpt":{"rendered":"<p>Ripristina la stabilit\u00e0 del tuo laptop con questo <strong data-start=\"329\" data-end=\"374\">set di cerniere originali per MSI GE60 2PC Apache<\/strong>. Include cerniere sinistra e destra per una vestibilit\u00e0 perfetta. <strong data-start=\"426\" data-end=\"473\">Foto reali: quello che vedi \u00e8 quello che ottieni!<\/strong><\/p>\n","protected":false},"featured_media":20565,"template":"","meta":[],"product_brand":[],"product_cat":[20],"product_tag":[47],"class_list":{"0":"post-20491","1":"product","2":"type-product","3":"status-publish","4":"has-post-thumbnail","6":"product_cat-screen-hinge","7":"product_tag-msi","9":"first","10":"instock","11":"taxable","12":"shipping-taxable","13":"purchasable","14":"product-type-simple"},"_links":{"self":[{"href":"https:\/\/boreait.com\/it\/wp-json\/wp\/v2\/product\/20491","targetHints":{"allow":["GET"]}}],"collection":[{"href":"https:\/\/boreait.com\/it\/wp-json\/wp\/v2\/product"}],"about":[{"href":"https:\/\/boreait.com\/it\/wp-json\/wp\/v2\/types\/product"}],"wp:featuredmedia":[{"embeddable":true,"href":"https:\/\/boreait.com\/it\/wp-json\/wp\/v2\/media\/20565"}],"wp:attachment":[{"href":"https:\/\/boreait.com\/it\/wp-json\/wp\/v2\/media?parent=20491"}],"wp:term":[{"taxonomy":"product_brand","embeddable":true,"href":"https:\/\/boreait.com\/it\/wp-json\/wp\/v2\/product_brand?post=20491"},{"taxonomy":"product_cat","embeddable":true,"href":"https:\/\/boreait.com\/it\/wp-json\/wp\/v2\/product_cat?post=20491"},{"taxonomy":"product_tag","embeddable":true,"href":"https:\/\/boreait.com\/it\/wp-json\/wp\/v2\/product_tag?post=20491"}],"curies":[{"name":"wp","href":"https:\/\/api.w.org\/{rel}","templated":true}]}}