{"id":20454,"date":"2025-07-25T13:39:16","date_gmt":"2025-07-25T13:39:16","guid":{"rendered":"https:\/\/boreait.com\/it\/?post_type=product&#038;p=20454"},"modified":"2025-07-25T13:42:06","modified_gmt":"2025-07-25T13:42:06","slug":"cerniere-per-samsung-chromebook-xe303c12-303c-ricambi-originali-per-laptop","status":"publish","type":"product","link":"https:\/\/boreait.com\/it\/product\/cerniere-per-samsung-chromebook-xe303c12-303c-ricambi-originali-per-laptop\/","title":{"rendered":"Cerniere per Samsung Chromebook XE303C12 \/ 303C \u2013 Ricambi originali per laptop"},"content":{"rendered":"<p data-start=\"548\" data-end=\"794\">Ripristina il funzionamento del tuo <strong data-start=\"557\" data-end=\"595\">Samsung Chromebook XE303C12 \/ 303C<\/strong> con questo set di <strong data-start=\"635\" data-end=\"660\">cerniere originali per laptop<\/strong>. Se lo schermo del tuo Chromebook \u00e8 allentato, non rimane in posizione o ha le cerniere rotte, questo set di ricambio \u00e8 esattamente ci\u00f2 di cui hai bisogno.<\/p>\n<p data-start=\"796\" data-end=\"1087\">\ud83d\udd39 <strong data-start=\"799\" data-end=\"816\">Caratteristiche principali:<\/strong><br data-start=\"816\" data-end=\"819\" \/>\u2714 <strong data-start=\"821\" data-end=\"846\">Ricambi originali Samsung<\/strong> \u2013 Progettati per i modelli <strong data-start=\"862\" data-end=\"881\">XE303C12 \/ 303C<\/strong><br data-start=\"888\" data-end=\"891\" \/>\u2714 <strong data-start=\"893\" data-end=\"913\">Resistente e Robusto<\/strong> \u2013 Progettato per prestazioni di lunga durata<br data-start=\"950\" data-end=\"953\" \/>\u2714 <strong data-start=\"955\" data-end=\"970\">Adattabilit\u00e0 perfetta<\/strong> \u2013 Progettato per adattarsi alle cerniere originali<br data-start=\"1012\" data-end=\"1015\" \/>\u2714 <strong data-start=\"1017\" data-end=\"1037\">Funzionamento fluido<\/strong> \u2013 Ripristina il corretto movimento e la stabilit\u00e0 dello schermo<\/p>\n<p data-start=\"1089\" data-end=\"1112\">\ud83d\udca1 <strong data-start=\"1092\" data-end=\"1110\">Compatibilit\u00e0:<\/strong><\/p>\n<ul data-start=\"1113\" data-end=\"1225\">\n<li data-start=\"1113\" data-end=\"1172\">Specificamente per <strong data-start=\"1132\" data-end=\"1170\">Samsung Chromebook XE303C12 \/ 303C<\/strong><\/li>\n<li data-start=\"1173\" data-end=\"1225\">Sostituzione diretta per cerniere usurate o rotte<\/li>\n<\/ul>\n<p data-start=\"1227\" data-end=\"1350\">\ud83d\udcf8 <strong data-start=\"1230\" data-end=\"1246\">Foto reali:<\/strong> Le immagini in questa inserzione mostrano i <strong data-start=\"1283\" data-end=\"1315\">componenti esatti che riceverai<\/strong> \u2013 nessuna foto di repertorio, nessuna sorpresa!<\/p>\n<p data-start=\"1352\" data-end=\"1506\">\u2753 <strong data-start=\"1354\" data-end=\"1368\">Hai bisogno di aiuto?<\/strong> Sebbene non forniamo istruzioni di installazione, non esitare a <strong data-start=\"1432\" data-end=\"1446\">inviarci un messaggio<\/strong> se hai bisogno di assistenza prima o dopo l\u2019acquisto.<\/p>\n<p data-start=\"1508\" data-end=\"1632\">\ud83d\udce6 <strong data-start=\"1511\" data-end=\"1539\">Spedizione rapida in tutto il mondo!<\/strong> Fai tornare il tuo Chromebook come nuovo con queste <strong data-start=\"1594\" data-end=\"1629\">cerniere sostitutive di alta qualit\u00e0<\/strong>.<\/p>\n","protected":false},"excerpt":{"rendered":"<p>Ripristina il tuo <strong data-start=\"308\" data-end=\"346\">Samsung Chromebook XE303C12 \/ 303C<\/strong> con queste <strong data-start=\"358\" data-end=\"388\">cerniere di ricambio originali<\/strong>. Vestibilit\u00e0 perfetta, struttura resistente. <strong data-start=\"418\" data-end=\"465\">Foto reali: quello che vedi \u00e8 quello che ottieni!<\/strong><\/p>\n","protected":false},"featured_media":20535,"template":"","meta":[],"product_brand":[],"product_cat":[20],"product_tag":[49],"class_list":{"0":"post-20454","1":"product","2":"type-product","3":"status-publish","4":"has-post-thumbnail","6":"product_cat-screen-hinge","7":"product_tag-samsung","9":"first","10":"instock","11":"taxable","12":"shipping-taxable","13":"purchasable","14":"product-type-simple"},"_links":{"self":[{"href":"https:\/\/boreait.com\/it\/wp-json\/wp\/v2\/product\/20454","targetHints":{"allow":["GET"]}}],"collection":[{"href":"https:\/\/boreait.com\/it\/wp-json\/wp\/v2\/product"}],"about":[{"href":"https:\/\/boreait.com\/it\/wp-json\/wp\/v2\/types\/product"}],"wp:featuredmedia":[{"embeddable":true,"href":"https:\/\/boreait.com\/it\/wp-json\/wp\/v2\/media\/20535"}],"wp:attachment":[{"href":"https:\/\/boreait.com\/it\/wp-json\/wp\/v2\/media?parent=20454"}],"wp:term":[{"taxonomy":"product_brand","embeddable":true,"href":"https:\/\/boreait.com\/it\/wp-json\/wp\/v2\/product_brand?post=20454"},{"taxonomy":"product_cat","embeddable":true,"href":"https:\/\/boreait.com\/it\/wp-json\/wp\/v2\/product_cat?post=20454"},{"taxonomy":"product_tag","embeddable":true,"href":"https:\/\/boreait.com\/it\/wp-json\/wp\/v2\/product_tag?post=20454"}],"curies":[{"name":"wp","href":"https:\/\/api.w.org\/{rel}","templated":true}]}}