{"id":20404,"date":"2025-07-25T13:37:37","date_gmt":"2025-07-25T13:37:37","guid":{"rendered":"https:\/\/boreait.com\/it\/?post_type=product&#038;p=20404"},"modified":"2025-07-25T13:39:38","modified_gmt":"2025-07-25T13:39:38","slug":"ssd-lite-on-hp-nvme-cv1-8b256-hp-256-gb-v182-archiviazione-pcie-m-2-ad-alta-velocita-per-laptop","status":"publish","type":"product","link":"https:\/\/boreait.com\/it\/product\/ssd-lite-on-hp-nvme-cv1-8b256-hp-256-gb-v182-archiviazione-pcie-m-2-ad-alta-velocita-per-laptop\/","title":{"rendered":"SSD Lite-ON HP NVMe CV1-8B256-HP 256 GB V182 \u2013 Archiviazione PCIe M.2 ad alta velocit\u00e0 per laptop"},"content":{"rendered":"<p data-start=\"585\" data-end=\"978\"><strong>INTEGRIT\u00c0 AL 100%<\/strong><\/p>\n<p data-start=\"585\" data-end=\"978\">Potenzia le prestazioni del tuo laptop con l\u2019<strong data-start=\"626\" data-end=\"665\">SSD NVMe HP CV1-8B256-HP 256GB V182<\/strong>. Questo <strong data-start=\"672\" data-end=\"704\">SSD NVMe M.2 PCIe ad alta velocit\u00e0<\/strong> offre <strong data-start=\"712\" data-end=\"752\">velocit\u00e0 di lettura e scrittura fulminee<\/strong>, garantendo tempi di avvio pi\u00f9 rapidi, caricamento pi\u00f9 rapido delle applicazioni e multitasking fluido. Che tu stia aggiornando il tuo sistema esistente o sostituendo un\u2019unit\u00e0 difettosa, questo SSD \u00e8 un <strong data-start=\"927\" data-end=\"951\">componente affidabile per laptop<\/strong>, progettato per l\u2019efficienza.<\/p>\n<p data-start=\"980\" data-end=\"1347\">\ud83d\udd39 <strong data-start=\"983\" data-end=\"1000\">Caratteristiche principali:<\/strong><br data-start=\"1000\" data-end=\"1003\" \/>\u2714 <strong data-start=\"1005\" data-end=\"1023\">SSD NVMe da 256 GB<\/strong> \u2013 Perfetto equilibrio tra spazio di archiviazione e velocit\u00e0<br data-start=\"1062\" data-end=\"1065\" \/>\u2714 <strong data-start=\"1067\" data-end=\"1097\">Modello: CV1-8B256-HP (V182)<\/strong> \u2013 Originale OEM HP parte<br data-start=\"1120\" data-end=\"1123\" \/>\u2714 <strong data-start=\"1125\" data-end=\"1154\">Interfaccia PCIe ad alta velocit\u00e0<\/strong> \u2013 Pi\u00f9 veloce dei tradizionali SSD SATA<br data-start=\"1190\" data-end=\"1193\" \/>\u2714 <strong data-start=\"1195\" data-end=\"1219\">Fattore di forma M.2 2280<\/strong> \u2013 Compatto ed efficiente per laptop e ultrabook<br data-start=\"1270\" data-end=\"1273\" \/>\u2714 <strong data-start=\"1275\" data-end=\"1306\">Migliora le prestazioni del sistema<\/strong> \u2013 Avvii rapidi e funzionamento fluido<\/p>\n<p data-start=\"1349\" data-end=\"1372\">\ud83d\udca1 <strong data-start=\"1352\" data-end=\"1370\">Compatibilit\u00e0:<\/strong><\/p>\n<ul data-start=\"1373\" data-end=\"1516\">\n<li data-start=\"1373\" data-end=\"1447\">Progettato per laptop HP e altri <strong data-start=\"1409\" data-end=\"1445\">dispositivi compatibili con M.2 PCIe NVMe<\/strong><\/li>\n<li data-start=\"1448\" data-end=\"1516\">Assicurati che il tuo laptop supporti <strong data-start=\"1478\" data-end=\"1496\">SSD NVMe PCIe<\/strong> prima dell\u2019acquisto<\/li>\n<\/ul>\n<p data-start=\"1518\" data-end=\"1622\">\ud83d\udcf8 <strong data-start=\"1521\" data-end=\"1537\">Foto reali:<\/strong> Le immagini In questa inserzione \u00e8 indicato l\u2019esatto <strong data-start=\"1580\" data-end=\"1587\">SSD<\/strong> che riceverai: nessuna sorpresa!<\/p>\n<p data-start=\"1624\" data-end=\"1778\">\u2753 <strong data-start=\"1626\" data-end=\"1640\">Hai bisogno di aiuto?<\/strong> Sebbene non forniamo istruzioni per l\u2019installazione, non esitare a <strong data-start=\"1704\" data-end=\"1718\">inviarci un messaggio<\/strong> se hai bisogno di assistenza prima o dopo l\u2019acquisto.<\/p>\n<p data-start=\"1780\" data-end=\"1885\">\ud83d\udce6 <strong data-start=\"1783\" data-end=\"1811\">Spedizione rapida in tutto il mondo!<\/strong> Porta il tuo laptop alla massima velocit\u00e0 con questo <strong data-start=\"1859\" data-end=\"1882\">originale HP NVMe SSD<\/strong>.<\/p>\n","protected":false},"excerpt":{"rendered":"<p>Aggiorna il tuo laptop con l&#8217;SSD NVMe HP CV1-8B256-HP da 256 GB (V182). Questa unit\u00e0 PCIe M.2 ad alta velocit\u00e0 offre tempi di avvio pi\u00f9 rapidi e un multitasking fluido. Foto reali: ottieni esattamente ci\u00f2 che vedi!<\/p>\n","protected":false},"featured_media":20464,"template":"","meta":[],"product_brand":[],"product_cat":[33,32],"product_tag":[],"class_list":{"0":"post-20404","1":"product","2":"type-product","3":"status-publish","4":"has-post-thumbnail","6":"product_cat-nvme","7":"product_cat-ssd-hdd-drives","9":"first","10":"instock","11":"taxable","12":"shipping-taxable","13":"purchasable","14":"product-type-simple"},"_links":{"self":[{"href":"https:\/\/boreait.com\/it\/wp-json\/wp\/v2\/product\/20404","targetHints":{"allow":["GET"]}}],"collection":[{"href":"https:\/\/boreait.com\/it\/wp-json\/wp\/v2\/product"}],"about":[{"href":"https:\/\/boreait.com\/it\/wp-json\/wp\/v2\/types\/product"}],"wp:featuredmedia":[{"embeddable":true,"href":"https:\/\/boreait.com\/it\/wp-json\/wp\/v2\/media\/20464"}],"wp:attachment":[{"href":"https:\/\/boreait.com\/it\/wp-json\/wp\/v2\/media?parent=20404"}],"wp:term":[{"taxonomy":"product_brand","embeddable":true,"href":"https:\/\/boreait.com\/it\/wp-json\/wp\/v2\/product_brand?post=20404"},{"taxonomy":"product_cat","embeddable":true,"href":"https:\/\/boreait.com\/it\/wp-json\/wp\/v2\/product_cat?post=20404"},{"taxonomy":"product_tag","embeddable":true,"href":"https:\/\/boreait.com\/it\/wp-json\/wp\/v2\/product_tag?post=20404"}],"curies":[{"name":"wp","href":"https:\/\/api.w.org\/{rel}","templated":true}]}}