{"id":20337,"date":"2025-07-25T13:35:52","date_gmt":"2025-07-25T13:35:52","guid":{"rendered":"https:\/\/boreait.com\/it\/?post_type=product&#038;p=20337"},"modified":"2026-02-08T07:32:25","modified_gmt":"2026-02-08T07:32:25","slug":"modulo-di-memoria-ad-alta-velocita-da-4-gb-ddr3-1600-mhz-pc3-12800u-1rx8-per-desktop","status":"publish","type":"product","link":"https:\/\/boreait.com\/it\/product\/modulo-di-memoria-ad-alta-velocita-da-4-gb-ddr3-1600-mhz-pc3-12800u-1rx8-per-desktop\/","title":{"rendered":"Modulo di memoria ad alta velocit\u00e0 da 4 GB DDR3 1600 MHz PC3-12800U 1Rx8 per desktop"},"content":{"rendered":"<p data-start=\"566\" data-end=\"804\">Aggiorna il tuo <strong data-start=\"579\" data-end=\"593\">PC desktop<\/strong> con questo <strong data-start=\"604\" data-end=\"667\">modulo RAM DDR3 da 4 GB di alta qualit\u00e0 (PC3-12800U 1Rx8, 1600 MHz)<\/strong>. Progettata per <strong data-start=\"682\" data-end=\"721\">prestazioni fluide e multitasking<\/strong>, questa memory stick migliora la velocit\u00e0, la reattivit\u00e0 e la stabilit\u00e0 complessiva del sistema.<\/p>\n<p data-start=\"806\" data-end=\"1178\">\ud83d\udd39 <strong data-start=\"809\" data-end=\"826\">Caratteristiche principali:<\/strong><br data-start=\"826\" data-end=\"829\" \/>\u2714 <strong data-start=\"831\" data-end=\"844\">Capacit\u00e0:<\/strong> 4 GB \u2013 Ideale per l\u2019uso quotidiano e il gaming<br data-start=\"890\" data-end=\"893\" \/>\u2714 <strong data-start=\"895\" data-end=\"904\">Tipo:<\/strong> DDR3 1600 MHz (PC3-12800U) \u2013 Memoria ad alta velocit\u00e0 per desktop<br data-start=\"963\" data-end=\"966\" \/>\u2714 <strong data-start=\"968\" data-end=\"977\">Posizione:<\/strong> 1Rx8 \u2013 Efficiente e ottimizzato per le prestazioni del sistema<br data-start=\"1031\" data-end=\"1034\" \/>\u2714 <strong data-start=\"1036\" data-end=\"1048\">Latenza:<\/strong> CL11 (11-11-A1) \u2013 Garantisce operazioni fluide e stabili<br data-start=\"1103\" data-end=\"1106\" \/>\u2714 <strong data-start=\"1108\" data-end=\"1123\">Plug & Gioca<\/strong> \u2013 Installazione semplice, non richiede competenze tecniche<\/p>\n<p data-start=\"1180\" data-end=\"1203\">\ud83d\udca1 <strong data-start=\"1183\" data-end=\"1201\">Compatibilit\u00e0:<\/strong><\/p>\n<ul data-start=\"1204\" data-end=\"1354\">\n<li data-start=\"1204\" data-end=\"1284\">Adatto alla maggior parte dei <strong data-start=\"1224\" data-end=\"1239\">PC desktop<\/strong> che supportano <strong data-start=\"1253\" data-end=\"1282\">DDR3 1600 MHz (PC3-12800U)<\/strong><\/li>\n<li data-start=\"1285\" data-end=\"1354\">Controlla il tuo <strong data-start=\"1298\" data-end=\"1328\">specifiche della scheda madre<\/strong> per garantire la compatibilit\u00e0<\/li>\n<\/ul>\n<p data-start=\"1356\" data-end=\"1461\">\ud83d\udcf8 <strong data-start=\"1359\" data-end=\"1375\">Foto reali:<\/strong> Le immagini in questo annuncio mostrano l\u2019<strong data-start=\"1412\" data-end=\"1443\">articolo esatto che riceverai<\/strong> \u2013 nessuna sorpresa!<\/p>\n<p data-start=\"1463\" data-end=\"1613\">\u2753 <strong data-start=\"1465\" data-end=\"1479\">Hai bisogno di aiuto?<\/strong> Sebbene non forniamo istruzioni di installazione, non esitare a <strong data-start=\"1543\" data-end=\"1557\">inviarci un messaggio<\/strong> se hai bisogno di assistenza prima o dopo Acquista.<\/p>\n<p data-start=\"1615\" data-end=\"1732\">\ud83d\udce6 <strong data-start=\"1618\" data-end=\"1646\">Spedizione rapida in tutto il mondo!<\/strong> Rendi il tuo <strong data-start=\"1656\" data-end=\"1695\">desktop pi\u00f9 veloce e fluido<\/strong> con questo <strong data-start=\"1706\" data-end=\"1729\">modulo RAM DDR3 da 4 GB<\/strong>.<\/p>\n","protected":false},"excerpt":{"rendered":"<p>Aumenta le prestazioni del tuo desktop con questa <strong data-start=\"350\" data-end=\"385\">RAM DDR3 PC3-12800U da 4 GB a 1600 MHz<\/strong>. Affidabile e veloce, questo <strong data-start=\"411\" data-end=\"433\">modulo di memoria 1Rx8<\/strong> garantisce un multitasking fluido e stabilit\u00e0 del sistema.<\/p>\n","protected":false},"featured_media":20377,"template":"","meta":[],"product_brand":[],"product_cat":[38,37],"product_tag":[],"class_list":{"0":"post-20337","1":"product","2":"type-product","3":"status-publish","4":"has-post-thumbnail","6":"product_cat-ddr3-ddr3l","7":"product_cat-ram-memory","9":"first","10":"instock","11":"taxable","12":"shipping-taxable","13":"purchasable","14":"product-type-simple"},"_links":{"self":[{"href":"https:\/\/boreait.com\/it\/wp-json\/wp\/v2\/product\/20337","targetHints":{"allow":["GET"]}}],"collection":[{"href":"https:\/\/boreait.com\/it\/wp-json\/wp\/v2\/product"}],"about":[{"href":"https:\/\/boreait.com\/it\/wp-json\/wp\/v2\/types\/product"}],"wp:featuredmedia":[{"embeddable":true,"href":"https:\/\/boreait.com\/it\/wp-json\/wp\/v2\/media\/20377"}],"wp:attachment":[{"href":"https:\/\/boreait.com\/it\/wp-json\/wp\/v2\/media?parent=20337"}],"wp:term":[{"taxonomy":"product_brand","embeddable":true,"href":"https:\/\/boreait.com\/it\/wp-json\/wp\/v2\/product_brand?post=20337"},{"taxonomy":"product_cat","embeddable":true,"href":"https:\/\/boreait.com\/it\/wp-json\/wp\/v2\/product_cat?post=20337"},{"taxonomy":"product_tag","embeddable":true,"href":"https:\/\/boreait.com\/it\/wp-json\/wp\/v2\/product_tag?post=20337"}],"curies":[{"name":"wp","href":"https:\/\/api.w.org\/{rel}","templated":true}]}}