{"id":20325,"date":"2025-07-25T13:35:27","date_gmt":"2025-07-25T13:35:27","guid":{"rendered":"https:\/\/boreait.com\/it\/?post_type=product&#038;p=20325"},"modified":"2025-07-25T13:36:54","modified_gmt":"2025-07-25T13:36:54","slug":"schermo-lcd-acer-nitro-5-an515-54-156-fhd-ips-144hz-opaco-40-pin-gaming-display","status":"publish","type":"product","link":"https:\/\/boreait.com\/it\/product\/schermo-lcd-acer-nitro-5-an515-54-156-fhd-ips-144hz-opaco-40-pin-gaming-display\/","title":{"rendered":"Schermo LCD Acer Nitro 5 AN515-54 15,6&#8243; FHD IPS 144Hz Opaco 40-Pin Gaming Display"},"content":{"rendered":"<p><strong>Modello schermo LCD effettivo: N156HRA-EA1 C2 \u2013 COMPLETAMENTE COMPATIBILE CON LO SCHERMO DEL LAPTOP Acer Nitro 5 AN515-54<\/strong><\/p>\n<p>Aggiorna il tuo laptop gaming Acer Nitro 5 AN515-54 con questo schermo LCD Full HD da 15,6\u2033 ad alte prestazioni. Dotato di una nitida risoluzione 1920\u00d71080 e di un pannello IPS, questo display offre immagini straordinarie con colori fedeli e ampi angoli di visione. Con una frequenza di aggiornamento di 144 Hz, garantisce un gameplay fluido, riducendo la sfocatura per un\u2019esperienza di gioco migliorata. La finitura opaca riduce al minimo i riflessi, rendendolo ideale per un uso prolungato.<\/p>\n<p>Questo schermo \u00e8 dotato di un connettore a 40 pin ed \u00e8 progettato per una perfetta compatibilit\u00e0 con il modello Acer Nitro 5 AN515-54. Sono incluse strisce autoadesive, che semplificano l\u2019installazione senza la necessit\u00e0 di ulteriori supporti. staffe.<\/p>\n<p><strong>Specifiche:<\/strong><\/p>\n<ul>\n<li><strong>Dimensioni:<\/strong> 15,6 pollici<\/li>\n<li><strong>Risoluzione:<\/strong> Full HD (1920\u00d71080)<\/li>\n<li><strong>Tipo di pannello:<\/strong> IPS<\/li>\n<li><strong>Frequenza di aggiornamento:<\/strong> 144 Hz<\/li>\n<li><strong>Finitura:<\/strong> Opaca (antiriflesso)<\/li>\n<li><strong>Connettore:<\/strong> 40 pin<\/li>\n<li><strong>Compatibilit\u00e0:<\/strong> Acer Nitro 5 AN515-54<\/li>\n<li><strong>Condizioni:<\/strong> Nuovo di zecca<\/li>\n<\/ul>\n<p>Migliora la qualit\u00e0 di visualizzazione e le prestazioni di gioco del tuo laptop con questo schermo sostitutivo di alta qualit\u00e0!<\/p>\n","protected":false},"excerpt":{"rendered":"<p>Nuovo schermo LCD da 15,6&#8243; per Acer Nitro 5 AN515-54. Risoluzione Full HD (1920&#215;1080), pannello IPS, frequenza di aggiornamento di 144 Hz e finitura opaca per ridurre i riflessi. Connettore a 40 pin. Strisce autoadesive incluse per una facile installazione.<\/p>\n","protected":false},"featured_media":20373,"template":"","meta":[],"product_brand":[],"product_cat":[69,60],"product_tag":[],"class_list":{"0":"post-20325","1":"product","2":"type-product","3":"status-publish","4":"has-post-thumbnail","6":"product_cat-15-6-new-laptop-screens-lcd-panels","7":"product_cat-new-laptop-screens-lcd-panels","9":"first","10":"instock","11":"taxable","12":"shipping-taxable","13":"purchasable","14":"product-type-simple"},"_links":{"self":[{"href":"https:\/\/boreait.com\/it\/wp-json\/wp\/v2\/product\/20325","targetHints":{"allow":["GET"]}}],"collection":[{"href":"https:\/\/boreait.com\/it\/wp-json\/wp\/v2\/product"}],"about":[{"href":"https:\/\/boreait.com\/it\/wp-json\/wp\/v2\/types\/product"}],"wp:featuredmedia":[{"embeddable":true,"href":"https:\/\/boreait.com\/it\/wp-json\/wp\/v2\/media\/20373"}],"wp:attachment":[{"href":"https:\/\/boreait.com\/it\/wp-json\/wp\/v2\/media?parent=20325"}],"wp:term":[{"taxonomy":"product_brand","embeddable":true,"href":"https:\/\/boreait.com\/it\/wp-json\/wp\/v2\/product_brand?post=20325"},{"taxonomy":"product_cat","embeddable":true,"href":"https:\/\/boreait.com\/it\/wp-json\/wp\/v2\/product_cat?post=20325"},{"taxonomy":"product_tag","embeddable":true,"href":"https:\/\/boreait.com\/it\/wp-json\/wp\/v2\/product_tag?post=20325"}],"curies":[{"name":"wp","href":"https:\/\/api.w.org\/{rel}","templated":true}]}}