{"id":20309,"date":"2025-07-25T13:35:00","date_gmt":"2025-07-25T13:35:00","guid":{"rendered":"https:\/\/boreait.com\/it\/?post_type=product&#038;p=20309"},"modified":"2025-08-26T07:47:56","modified_gmt":"2025-08-26T07:47:56","slug":"acer-chromebook-n19q3-schermo-lcd-ips-opaco-fhd-30-pin-edp-non-touch-da-116-nuovo","status":"publish","type":"product","link":"https:\/\/boreait.com\/it\/product\/acer-chromebook-n19q3-schermo-lcd-ips-opaco-fhd-30-pin-edp-non-touch-da-116-nuovo\/","title":{"rendered":"Acer Chromebook N19Q3 Schermo LCD IPS opaco FHD 30 pin eDP Non-Touch da 11,6&#8243; Nuovo"},"content":{"rendered":"<p><strong>Modello schermo LCD effettivo: N156HCA-EAC C2 or NT156FHM-N43 V8.0 \u2013 COMPLETAMENTE COMPATIBILE CON LO SCHERMO DEL LAPTOP Acer Chromebook N19Q3<\/strong><\/p>\n<p>Aggiorna il tuo Acer Chromebook con questo schermo LCD sostitutivo di alta qualit\u00e0. Progettato per i modelli con codice prodotto N19Q3, questo display da 11,6 pollici offre una finitura opaca, una risoluzione Full HD (1920\u00d71080) e la tecnologia IPS dai colori brillanti per una precisione dei colori e angoli di visione superiori. Lo schermo \u00e8 dotato di eDP e di un connettore a 30 pin, che garantisce un montaggio sicuro. Il design della scheda PCB pi\u00f9 piccolo (260 mm) \u00e8 ideale per il tuo dispositivo e lo schermo \u00e8 dotato di strisce autoadesive per una facile installazione. Grazie alla sua funzionalit\u00e0 non-touch, questo schermo LCD \u00e8 perfetto per gli utenti che desiderano ripristinare le prestazioni originali del proprio Chromebook. Nuovo di zecca e pronto per un\u2019installazione senza problemi.<\/p>\n","protected":false},"excerpt":{"rendered":"<p>Schermo LCD sostitutivo per Acer Chromebook N19Q3, 11,6&#8243;, Full HD, IPS opaco, eDP a 30 pin, non touch, con strisce autoadesive. Nuovo.<\/p>\n","protected":false},"featured_media":20357,"template":"","meta":[],"product_brand":[],"product_cat":[69,60],"product_tag":[31],"class_list":{"0":"post-20309","1":"product","2":"type-product","3":"status-publish","4":"has-post-thumbnail","6":"product_cat-15-6-new-laptop-screens-lcd-panels","7":"product_cat-new-laptop-screens-lcd-panels","8":"product_tag-asus","10":"first","11":"instock","12":"taxable","13":"shipping-taxable","14":"purchasable","15":"product-type-simple"},"_links":{"self":[{"href":"https:\/\/boreait.com\/it\/wp-json\/wp\/v2\/product\/20309","targetHints":{"allow":["GET"]}}],"collection":[{"href":"https:\/\/boreait.com\/it\/wp-json\/wp\/v2\/product"}],"about":[{"href":"https:\/\/boreait.com\/it\/wp-json\/wp\/v2\/types\/product"}],"wp:featuredmedia":[{"embeddable":true,"href":"https:\/\/boreait.com\/it\/wp-json\/wp\/v2\/media\/20357"}],"wp:attachment":[{"href":"https:\/\/boreait.com\/it\/wp-json\/wp\/v2\/media?parent=20309"}],"wp:term":[{"taxonomy":"product_brand","embeddable":true,"href":"https:\/\/boreait.com\/it\/wp-json\/wp\/v2\/product_brand?post=20309"},{"taxonomy":"product_cat","embeddable":true,"href":"https:\/\/boreait.com\/it\/wp-json\/wp\/v2\/product_cat?post=20309"},{"taxonomy":"product_tag","embeddable":true,"href":"https:\/\/boreait.com\/it\/wp-json\/wp\/v2\/product_tag?post=20309"}],"curies":[{"name":"wp","href":"https:\/\/api.w.org\/{rel}","templated":true}]}}