{"id":20242,"date":"2025-07-25T13:32:45","date_gmt":"2025-07-25T13:32:45","guid":{"rendered":"https:\/\/boreait.com\/it\/?post_type=product&#038;p=20242"},"modified":"2025-07-25T13:35:13","modified_gmt":"2025-07-25T13:35:13","slug":"copertura-cerniera-per-laptop-hp-250-g7-ricambio-originale-qualita-impeccabile-foto-reali","status":"publish","type":"product","link":"https:\/\/boreait.com\/it\/product\/copertura-cerniera-per-laptop-hp-250-g7-ricambio-originale-qualita-impeccabile-foto-reali\/","title":{"rendered":"Copertura cerniera per laptop HP 250 G7 &#8211; Ricambio originale &#8211; Qualit\u00e0 impeccabile, foto reali"},"content":{"rendered":"<p>Assicurati che il tuo laptop <strong>HP 250 G7<\/strong> rimanga in perfette condizioni con questo <strong>coperchio cerniera originale HP 250 G7<\/strong>. Progettato per adattarsi perfettamente al modello HP 250 G7, questo ricambio \u00e8 ideale per ripristinare l\u2019estetica e la funzionalit\u00e0 del tuo laptop. Se il tuo attuale coperchio cerniera \u00e8 danneggiato o mancante, questo ricambio offrir\u00e0 una soluzione perfetta, offrendo sia forma che funzionalit\u00e0.<\/p>\n<p>Questo <strong>coperchio cerniera per laptop<\/strong> funge da elemento protettivo essenziale, coprendo le cerniere del laptop e garantendo un\u2019apertura e una chiusura fluide senza esporre i componenti interni. Realizzato con materiali resistenti, garantisce una tenuta duratura e protegge il tuo laptop da danni esterni. <\/p>\n<p><strong>Dettagli del prodotto:<\/strong><\/p>\n<ul>\n<li><strong>Compatibilit\u00e0:<\/strong> Progettato specificamente per la serie HP 250 G7.<\/li>\n<li><strong>Condizioni:<\/strong> Usato.<\/li>\n<li><strong>Incluso:<\/strong> Il prodotto che vedi nelle foto \u00e8 esattamente il componente che riceverai.<\/li>\n<li><strong>Materiale:<\/strong> Plastica di alta qualit\u00e0 per durata e affidabilit\u00e0.<\/li>\n<\/ul>\n<p>Se hai bisogno di assistenza con l\u2019installazione, non esitare a contattarci! Il nostro team \u00e8 sempre a tua disposizione.<\/p>\n<h3><strong>Nota importante:<\/strong><\/h3>\n<p>Non forniamo istruzioni di installazione, ma saremo lieti di aiutarti per qualsiasi domanda tu possa avere. Contattaci in qualsiasi momento!<\/p>\n","protected":false},"excerpt":{"rendered":"<p>Questo <strong>copricerniera per HP 250 G7<\/strong> \u00e8 un ricambio originale, progettato per adattarsi perfettamente e proteggere la zona della cerniera del tuo laptop. \u00c8 realizzato per offrire una lunga durata e prestazioni di alta qualit\u00e0. Grazie alle foto reali del prodotto incluse, riceverai esattamente il componente raffigurato.<\/p>\n","protected":false},"featured_media":20315,"template":"","meta":[],"product_brand":[],"product_cat":[17],"product_tag":[26],"class_list":{"0":"post-20242","1":"product","2":"type-product","3":"status-publish","4":"has-post-thumbnail","6":"product_cat-laptop-housing","7":"product_tag-hp","9":"first","10":"instock","11":"taxable","12":"shipping-taxable","13":"purchasable","14":"product-type-simple"},"_links":{"self":[{"href":"https:\/\/boreait.com\/it\/wp-json\/wp\/v2\/product\/20242","targetHints":{"allow":["GET"]}}],"collection":[{"href":"https:\/\/boreait.com\/it\/wp-json\/wp\/v2\/product"}],"about":[{"href":"https:\/\/boreait.com\/it\/wp-json\/wp\/v2\/types\/product"}],"wp:featuredmedia":[{"embeddable":true,"href":"https:\/\/boreait.com\/it\/wp-json\/wp\/v2\/media\/20315"}],"wp:attachment":[{"href":"https:\/\/boreait.com\/it\/wp-json\/wp\/v2\/media?parent=20242"}],"wp:term":[{"taxonomy":"product_brand","embeddable":true,"href":"https:\/\/boreait.com\/it\/wp-json\/wp\/v2\/product_brand?post=20242"},{"taxonomy":"product_cat","embeddable":true,"href":"https:\/\/boreait.com\/it\/wp-json\/wp\/v2\/product_cat?post=20242"},{"taxonomy":"product_tag","embeddable":true,"href":"https:\/\/boreait.com\/it\/wp-json\/wp\/v2\/product_tag?post=20242"}],"curies":[{"name":"wp","href":"https:\/\/api.w.org\/{rel}","templated":true}]}}