{"id":20149,"date":"2025-07-25T13:30:12","date_gmt":"2025-07-25T13:30:12","guid":{"rendered":"https:\/\/boreait.com\/it\/?post_type=product&#038;p=20149"},"modified":"2025-07-25T13:31:53","modified_gmt":"2025-07-25T13:31:53","slug":"poggiapolsi-fujitsu-e559-con-2h1716-072208-rev-a-ricambio-originale-per-laptop","status":"publish","type":"product","link":"https:\/\/boreait.com\/it\/product\/poggiapolsi-fujitsu-e559-con-2h1716-072208-rev-a-ricambio-originale-per-laptop\/","title":{"rendered":"Poggiapolsi FUJITSU E559 con 2H1716-072208 Rev A &#8211; Ricambio originale per laptop"},"content":{"rendered":"<p><strong>FUJITSU DSBR030117 Poggiapolsi con touchpad per E559 2H1716-072208 Rev A \u2013 Ricambio originale \u2013 I tasti del touchpad non sono inclusi!<\/p>\n<p>Cerchi un poggiapolsi sostitutivo di alta qualit\u00e0 con touchpad per il tuo laptop <strong>Fujitsu E559<\/strong>? Questo poggiapolsi originale FUJITSU DSBR030117 per E559 (con codice prodotto <strong>2H1716-072208 Rev A<\/strong>) \u00e8 la soluzione perfetta. Progettato per offrire una vestibilit\u00e0 e una funzionalit\u00e0 impeccabili, questo poggiapolsi include il touchpad integrato per una navigazione e un controllo fluidi, garantendoti la stessa esperienza eccezionale del componente originale. <\/p>\n<p><strong>Caratteristiche principali:<\/strong><\/p>\n<ul>\n<li><strong>Ricambio originale<\/strong>: Realizzato appositamente per il modello <strong>Fujitsu E559<\/strong>, offre la stessa durata e le stesse prestazioni dell\u2019originale.<\/li>\n<li><strong>Touchpad incluso<\/strong>: Dotato di un touchpad funzionale per una facile navigazione.<\/li>\n<li><strong>Compatibilit\u00e0 con il modello<\/strong>: Ideale per chi necessita di un poggiapolsi affidabile per il proprio laptop Fujitsu E559.<\/li>\n<li><strong>Foto reali<\/strong>: Quello che vedi \u00e8 esattamente quello che riceverai! Le nostre foto mostrano l\u2019articolo reale che riceverai.<\/li>\n<\/ul>\n<p><strong>Informazioni aggiuntive<\/strong>:<\/p>\n<ul>\n<li><strong>Codice componente<\/strong>: 2H1716-072208 Rev A<\/li>\n<li><strong>Condizioni<\/strong>: Usato. Arriva esattamente come mostrato nelle foto reali.<\/li>\n<li><strong>Spedizione<\/strong>: Offriamo spedizioni in tutto il mondo, quindi, ovunque tu sia, ti garantiamo che riceverai il tuo componente rapidamente.<\/li>\n<\/ul>\n<p>Per qualsiasi domanda o ulteriore assistenza, non esitare a contattarci! Siamo qui per aiutarti con le tue esigenze relative ai componenti del tuo laptop e per offrirti qualsiasi ulteriore supporto per rendere il tuo processo di sostituzione il pi\u00f9 agevole possibile.<\/p>\n","protected":false},"excerpt":{"rendered":"<p>Questo poggiapolsi originale con touchpad per <strong>FUJITSU DSBR030117 E559<\/strong> (codice articolo <strong>2H1716-072208 Rev A<\/strong>) \u00e8 progettato per i modelli di laptop Fujitsu E559. Si tratta di un ricambio autentico che offre la stessa qualit\u00e0 e prestazioni dell&#8217;originale, garantendo una perfetta integrazione con il dispositivo. Le foto reali mostrano il prodotto che riceverete.<\/p>\n","protected":false},"featured_media":20202,"template":"","meta":[],"product_brand":[],"product_cat":[17],"product_tag":[29],"class_list":{"0":"post-20149","1":"product","2":"type-product","3":"status-publish","4":"has-post-thumbnail","6":"product_cat-laptop-housing","7":"product_tag-fujitsu","9":"first","10":"instock","11":"taxable","12":"shipping-taxable","13":"purchasable","14":"product-type-simple"},"_links":{"self":[{"href":"https:\/\/boreait.com\/it\/wp-json\/wp\/v2\/product\/20149","targetHints":{"allow":["GET"]}}],"collection":[{"href":"https:\/\/boreait.com\/it\/wp-json\/wp\/v2\/product"}],"about":[{"href":"https:\/\/boreait.com\/it\/wp-json\/wp\/v2\/types\/product"}],"wp:featuredmedia":[{"embeddable":true,"href":"https:\/\/boreait.com\/it\/wp-json\/wp\/v2\/media\/20202"}],"wp:attachment":[{"href":"https:\/\/boreait.com\/it\/wp-json\/wp\/v2\/media?parent=20149"}],"wp:term":[{"taxonomy":"product_brand","embeddable":true,"href":"https:\/\/boreait.com\/it\/wp-json\/wp\/v2\/product_brand?post=20149"},{"taxonomy":"product_cat","embeddable":true,"href":"https:\/\/boreait.com\/it\/wp-json\/wp\/v2\/product_cat?post=20149"},{"taxonomy":"product_tag","embeddable":true,"href":"https:\/\/boreait.com\/it\/wp-json\/wp\/v2\/product_tag?post=20149"}],"curies":[{"name":"wp","href":"https:\/\/api.w.org\/{rel}","templated":true}]}}